{"id":27845,"date":"2026-03-29T23:34:43","date_gmt":"2026-03-29T22:34:43","guid":{"rendered":"https:\/\/bigbuy.tupique.com\/produto\/robot-vacuum-cleaner-irobot\/"},"modified":"2026-04-16T18:45:45","modified_gmt":"2026-04-16T17:45:45","slug":"robot-vacuum-cleaner-irobot","status":"publish","type":"product","link":"https:\/\/bigbuy.tupique.com\/pt\/produto\/robot-vacuum-cleaner-irobot\/","title":{"rendered":"Aspirateur robot iRobot"},"content":{"rendered":"<p>Si vous aimez prendre soin de chaque d\u00e9tail de votre maison et d&#8217;\u00eatre \u00e0 la derni\u00e8re mode en mati\u00e8re de produits qui vous rendront la vie plus facile, achetez <b>Aspirateur robot iRobot<\/b> au meilleur prix.<\/p>\n<p>Le <b>Robot Aspirateur Roomba 105 Combo<\/b> de <b>iRobot<\/b> est un appareil con\u00e7u pour faciliter les t\u00e2ches de nettoyage domestique avec efficacit\u00e9 et confort. Ce <b>robot aspirateur<\/b> dispose d\u2019une batterie rechargeable de <b>3000 mAh<\/b> offrant jusqu\u2019\u00e0 2 heures d\u2019autonomie, permettant un nettoyage continu sans interruptions fr\u00e9quentes. Sa puissance d\u2019aspiration de <b>7000 Pa<\/b> garantit une capacit\u00e9 \u00e9lev\u00e9e pour \u00e9liminer poussi\u00e8re, salet\u00e9 et poils sur diff\u00e9rentes surfaces du domicile. Son r\u00e9servoir de <b>400 ml<\/b> permet de stocker une quantit\u00e9 suffisante de salet\u00e9 avant vidage, optimisant ainsi le processus de nettoyage. Son design <b>rond et compact<\/b> en couleur <b>noir<\/b> facilite sa mobilit\u00e9 sous les meubles et dans les espaces difficiles, tandis que sa connectivit\u00e9 <b>Wi-Fi<\/b> permet la programmation et le contr\u00f4le \u00e0 distance depuis des appareils mobiles, offrant flexibilit\u00e9 \u00e0 l\u2019utilisateur. De plus, le Roomba 105 Combo est <b>facile \u00e0 nettoyer<\/b> gr\u00e2ce \u00e0 ses composants accessibles et est livr\u00e9 avec un <b>c\u00e2ble d\u2019alimentation<\/b> inclus pour la recharge. Son syst\u00e8me programmable permet de d\u00e9finir des horaires de nettoyage adapt\u00e9s \u00e0 la routine du foyer, faisant de ce robot un outil pratique pour maintenir le sol en bon \u00e9tat sans effort quotidien. En r\u00e9sum\u00e9, le <b>iRobot Roomba 105 Combo<\/b> combine des caract\u00e9ristiques techniques et fonctionnelles qui en font une solution polyvalente et efficace pour l\u2019entretien hygi\u00e9nique de la maison.<\/p>\n<ul>\n<li>Type de prise: Prise EU<\/li>\n<li>Produit \u00e0 brancher: Oui<\/li>\n<li>Bloc d\u2019Alimentation: r\u00e9seau \u00e9lectrique<\/li>\n<li>Couleur:\n<ul>\n<li>Noir<\/li>\n<li>noir<\/li>\n<\/ul>\n<\/li>\n<li>Connectivit\u00e9: Wi-Fi<\/li>\n<li>Capacit\u00e9 de la batterie: 3000 mAh<\/li>\n<li>Autonomie approx.: 120 MIN<\/li>\n<li>Compatible: iRobot<\/li>\n<li>Aspiration: 7000 pa<\/li>\n<li>Capacit\u00e9:\n<ul>\n<li>400 ml<\/li>\n<li>0,2 L<\/li>\n<li>0,4 l<\/li>\n<\/ul>\n<\/li>\n<li>Dimensions approx.:\n<ul>\n<li>16,5 cm<\/li>\n<li>44 cm<\/li>\n<li>10,4 cm<\/li>\n<li>33,5 cm<\/li>\n<li>37,5 cm<\/li>\n<\/ul>\n<\/li>\n<li>Caract\u00e9ristiques:\n<ul>\n<li>Facile \u00e0 nettoyer<\/li>\n<li>Programmable<\/li>\n<\/ul>\n<\/li>\n<li>Type de batterie: Rechargeable<\/li>\n<li>Forme: Rond<\/li>\n<li>Inclut: C\u00e2ble Alimentation<\/li>\n<\/ul>","protected":false},"excerpt":{"rendered":"<p>Si vous aimez prendre soin de chaque d\u00e9tail de votre maison et d&#8217;\u00eatre \u00e0 la derni\u00e8re mode en mati\u00e8re de produits qui vous rendront la vie plus facile, achetez Aspirateur robot iRobot au meilleur prix. Le Robot Aspirateur Roomba 105 Combo de iRobot est un appareil con\u00e7u pour faciliter les t\u00e2ches de nettoyage domestique avec [&hellip;]<\/p>\n","protected":false},"featured_media":27826,"comment_status":"open","ping_status":"closed","template":"","meta":[],"product_brand":[1239],"product_cat":[762,239,240],"product_tag":[59,56],"class_list":{"0":"post-27845","1":"product","2":"type-product","3":"status-publish","4":"has-post-thumbnail","6":"product_brand-brandp_6030","7":"product_cat-aspirateurs-et-robots","8":"product_cat-maison-jardin","9":"product_cat-nettoyage-aspirateur-et-repassage","10":"product_tag-tag_1304","11":"product_tag-tag_930","13":"first","14":"instock","15":"taxable","16":"shipping-taxable","17":"purchasable","18":"product-type-simple"},"_links":{"self":[{"href":"https:\/\/bigbuy.tupique.com\/pt\/wp-json\/wp\/v2\/product\/27845","targetHints":{"allow":["GET"]}}],"collection":[{"href":"https:\/\/bigbuy.tupique.com\/pt\/wp-json\/wp\/v2\/product"}],"about":[{"href":"https:\/\/bigbuy.tupique.com\/pt\/wp-json\/wp\/v2\/types\/product"}],"replies":[{"embeddable":true,"href":"https:\/\/bigbuy.tupique.com\/pt\/wp-json\/wp\/v2\/comments?post=27845"}],"wp:featuredmedia":[{"embeddable":true,"href":"https:\/\/bigbuy.tupique.com\/pt\/wp-json\/wp\/v2\/media\/27826"}],"wp:attachment":[{"href":"https:\/\/bigbuy.tupique.com\/pt\/wp-json\/wp\/v2\/media?parent=27845"}],"wp:term":[{"taxonomy":"product_brand","embeddable":true,"href":"https:\/\/bigbuy.tupique.com\/pt\/wp-json\/wp\/v2\/product_brand?post=27845"},{"taxonomy":"product_cat","embeddable":true,"href":"https:\/\/bigbuy.tupique.com\/pt\/wp-json\/wp\/v2\/product_cat?post=27845"},{"taxonomy":"product_tag","embeddable":true,"href":"https:\/\/bigbuy.tupique.com\/pt\/wp-json\/wp\/v2\/product_tag?post=27845"}],"curies":[{"name":"wp","href":"https:\/\/api.w.org\/{rel}","templated":true}]}}