{"id":27331,"date":"2026-03-29T23:03:02","date_gmt":"2026-03-29T22:03:02","guid":{"rendered":"https:\/\/bigbuy.tupique.com\/produto\/monitor-philips-24bdl3751t-00-full-hd-238\/"},"modified":"2026-04-15T04:09:28","modified_gmt":"2026-04-15T03:09:28","slug":"monitor-philips-24bdl3751t-00-full-hd-238","status":"publish","type":"product","link":"https:\/\/bigbuy.tupique.com\/pt\/produto\/monitor-philips-24bdl3751t-00-full-hd-238\/","title":{"rendered":"\u00c9cran Philips 24BDL3751T\/00 Full HD 23,8&#8243;"},"content":{"rendered":"<p>Si vous \u00eates passionn\u00e9 d&#8217;<b>informatique et d&#8217;\u00e9lectronique<\/b>, si vous \u00eates \u00e0 la pointe de la technologie et qu&#8217;aucun d\u00e9tail ne vous \u00e9chappe, achetez <b>\u00c9cran Philips 24BDL3751T\/00 Full HD 23,8&#8243;<\/b> au meilleur prix.<\/p>\n<p>Le <b>moniteur Philips 24BDL3751T\/00<\/b> est un appareil con\u00e7u pour offrir une exp\u00e9rience visuelle interactive et polyvalente dans les espaces professionnels et \u00e9ducatifs. Il dispose d\u2019un <b>\u00e9cran LCD de 23,8 pouces<\/b> (60,5 cm en diagonale) qui fournit une r\u00e9solution <b>Full HD de 1920 x 1080 pixels<\/b>, garantissant des images nettes et des couleurs pr\u00e9cises pour une visualisation optimale des contenus. Son <b>panneau tactile plat<\/b> permet une interaction directe, facilitant la gestion des applications, pr\u00e9sentations et t\u00e2ches collaboratives sans p\u00e9riph\u00e9riques suppl\u00e9mentaires. De plus, il int\u00e8gre une connectivit\u00e9 <b>WiFi<\/b> qui am\u00e9liore l\u2019int\u00e9gration dans les environnements num\u00e9riques, permettant un acc\u00e8s simple et sans fil aux r\u00e9seaux et services en ligne. Ce mod\u00e8le fonctionne sous un <b>syst\u00e8me d\u2019exploitation Android<\/b>, offrant la possibilit\u00e9 d\u2019ex\u00e9cuter des applications et de personnaliser son usage selon les besoins sp\u00e9cifiques, ajoutant une fonctionnalit\u00e9 suppl\u00e9mentaire par rapport aux moniteurs traditionnels. Avec une luminosit\u00e9 de <b>250 cd\/m\u00b2<\/b>, il offre une exp\u00e9rience visuelle \u00e9quilibr\u00e9e dans des environnements \u00e0 \u00e9clairage mod\u00e9r\u00e9, et sa couleur <b>noire<\/b> lui conf\u00e8re une esth\u00e9tique professionnelle et sobre, adapt\u00e9e \u00e0 tout cadre professionnel ou \u00e9ducatif. En r\u00e9sum\u00e9, le Philips 24BDL3751T\/00 combine une technologie tactile avanc\u00e9e, une r\u00e9solution Full HD et une connectivit\u00e9 sans fil pour devenir un outil multim\u00e9dia efficace et adapt\u00e9 aux environnements modernes. C\u2019est une option id\u00e9ale pour ceux qui recherchent un <b>moniteur interactif<\/b> avec de bonnes performances visuelles et des capacit\u00e9s de connexion int\u00e9gr\u00e9es.<\/p>\n<ul>\n<li>Diagonale de l&#8217;\u00e9cran (cm): 60,5 cm<\/li>\n<li>Type: \u00c9cran<\/li>\n<li>Produit \u00e0 brancher: Oui<\/li>\n<li>Bloc d\u2019Alimentation: r\u00e9seau \u00e9lectrique<\/li>\n<li>Couleur: Noir<\/li>\n<li>Brille: 250 cd\/m2<\/li>\n<li>Tension: 100-240 V<\/li>\n<li>Montage: Montage mural<\/li>\n<li>Ecran: 23,8&#8243;<\/li>\n<li>Syst\u00e8me d&#8217;exploitation: Android<\/li>\n<li>M\u00e9moire interne: 32 GB<\/li>\n<li>R\u00e9solution: Full HD<\/li>\n<li>Rapport d&#8217;aspect: 16:9<\/li>\n<li>Connexions:\n<ul>\n<li>HDMI 2.0<\/li>\n<li>Ethernet LAN<\/li>\n<li>2<\/li>\n<\/ul>\n<\/li>\n<li>Caract\u00e9ristiques: Ecran tactile<\/li>\n<li>R\u00e9solution (px): 1920 x 1080 px<\/li>\n<li>Technologie: LCD<\/li>\n<li>Fr\u00e9quence:\n<ul>\n<li>60 Hz<\/li>\n<li>50-60 Hz<\/li>\n<\/ul>\n<\/li>\n<\/ul>","protected":false},"excerpt":{"rendered":"<p>Si vous \u00eates passionn\u00e9 d&#8217;informatique et d&#8217;\u00e9lectronique, si vous \u00eates \u00e0 la pointe de la technologie et qu&#8217;aucun d\u00e9tail ne vous \u00e9chappe, achetez \u00c9cran Philips 24BDL3751T\/00 Full HD 23,8&#8243; au meilleur prix. Le moniteur Philips 24BDL3751T\/00 est un appareil con\u00e7u pour offrir une exp\u00e9rience visuelle interactive et polyvalente dans les espaces professionnels et \u00e9ducatifs. Il [&hellip;]<\/p>\n","protected":false},"featured_media":27330,"comment_status":"open","ping_status":"closed","template":"","meta":[],"product_brand":[315],"product_cat":[65,581,616],"product_tag":[213,106],"class_list":{"0":"post-27331","1":"product","2":"type-product","3":"status-publish","4":"has-post-thumbnail","6":"product_brand-brandp_571","7":"product_cat-informatique-electronique","8":"product_cat-informatique-peripheriques-et-consommables","9":"product_cat-moniteurs","10":"product_tag-tag_933","11":"product_tag-tag_1295","13":"first","14":"instock","15":"taxable","16":"shipping-taxable","17":"purchasable","18":"product-type-simple"},"_links":{"self":[{"href":"https:\/\/bigbuy.tupique.com\/pt\/wp-json\/wp\/v2\/product\/27331","targetHints":{"allow":["GET"]}}],"collection":[{"href":"https:\/\/bigbuy.tupique.com\/pt\/wp-json\/wp\/v2\/product"}],"about":[{"href":"https:\/\/bigbuy.tupique.com\/pt\/wp-json\/wp\/v2\/types\/product"}],"replies":[{"embeddable":true,"href":"https:\/\/bigbuy.tupique.com\/pt\/wp-json\/wp\/v2\/comments?post=27331"}],"wp:featuredmedia":[{"embeddable":true,"href":"https:\/\/bigbuy.tupique.com\/pt\/wp-json\/wp\/v2\/media\/27330"}],"wp:attachment":[{"href":"https:\/\/bigbuy.tupique.com\/pt\/wp-json\/wp\/v2\/media?parent=27331"}],"wp:term":[{"taxonomy":"product_brand","embeddable":true,"href":"https:\/\/bigbuy.tupique.com\/pt\/wp-json\/wp\/v2\/product_brand?post=27331"},{"taxonomy":"product_cat","embeddable":true,"href":"https:\/\/bigbuy.tupique.com\/pt\/wp-json\/wp\/v2\/product_cat?post=27331"},{"taxonomy":"product_tag","embeddable":true,"href":"https:\/\/bigbuy.tupique.com\/pt\/wp-json\/wp\/v2\/product_tag?post=27331"}],"curies":[{"name":"wp","href":"https:\/\/api.w.org\/{rel}","templated":true}]}}