{"id":27300,"date":"2026-03-29T23:02:21","date_gmt":"2026-03-29T22:02:21","guid":{"rendered":"https:\/\/bigbuy.tupique.com\/produto\/switch-trendnet-tpe-tg262es\/"},"modified":"2026-04-16T10:11:20","modified_gmt":"2026-04-16T09:11:20","slug":"switch-trendnet-tpe-tg262es","status":"publish","type":"product","link":"https:\/\/bigbuy.tupique.com\/pt\/produto\/switch-trendnet-tpe-tg262es\/","title":{"rendered":"Switch Trendnet TPE-TG262ES"},"content":{"rendered":"<p>Si vous \u00eates passionn\u00e9 d&#8217;<b>informatique et d&#8217;\u00e9lectronique<\/b>, si vous \u00eates \u00e0 la pointe de la technologie et qu&#8217;aucun d\u00e9tail ne vous \u00e9chappe, achetez <b>Switch Trendnet TPE-TG262ES<\/b> au meilleur prix.<\/p>\n<p>Le <b>Trendnet TPE-TG262ES<\/b> est un <b>switch<\/b> manageable con\u00e7u pour offrir une connectivit\u00e9 efficace et polyvalente en environnements professionnels. Il dispose de <b>26 ports<\/b> au total, dont <b>24 ports RJ45 Gigabit Ethernet (10\/100\/1000 Mbps)<\/b> assurant une transmission rapide et stable des donn\u00e9es, id\u00e9ale pour des r\u00e9seaux de taille moyenne \u00e0 haute performance. Cette configuration est compl\u00e9t\u00e9e par deux ports <b>10GBASE-T<\/b> permettant des liaisons montantes \u00e0 haute vitesse, facilitant une int\u00e9gration fluide avec des infrastructures r\u00e9seau avanc\u00e9es ou des serveurs \u00e0 forte demande de bande passante. De plus, il prend en charge le <b>Power over Ethernet (PoE) sur les 24 ports RJ45<\/b>, fournissant l\u2019alimentation \u00e9lectrique aux appareils compatibles (comme les cam\u00e9ras IP, points d\u2019acc\u00e8s sans fil ou t\u00e9l\u00e9phones VoIP) sans c\u00e2blage suppl\u00e9mentaire, avec une capacit\u00e9 PoE totale pour 24 ports et un port d\u00e9di\u00e9 suppl\u00e9mentaire pour PoE. L\u2019appareil supporte les standards r\u00e9seau essentiels tels que <b>IEEE 802.1D, 802.1Q, 802.1p et 802.1w<\/b>, garantissant une gestion avanc\u00e9e du trafic via les fonctions d\u2019\u00e9tiquetage VLAN, qualit\u00e9 de service (QoS) et protocoles de redondance, am\u00e9liorant la stabilit\u00e9 et l\u2019efficacit\u00e9 dans les r\u00e9seaux complexes. Sa capacit\u00e9 de commutation de <b>52 Gbit\/s<\/b> et sa table d\u2019adresses MAC jusqu\u2019\u00e0 <b>8000 entr\u00e9es<\/b> assurent une gestion efficace du trafic et une excellente \u00e9volutivit\u00e9. Son design compact en <b>noir<\/b> avec support pour <b>montage en rack<\/b> facilite son int\u00e9gration physique dans les centres de donn\u00e9es et salles de communication. En r\u00e9sum\u00e9, le Trendnet TPE-TG262ES repr\u00e9sente une solution robuste pour les entreprises n\u00e9cessitant un r\u00e9seau manageable avec PoE et des connexions haut d\u00e9bit garantissant performance optimale et flexibilit\u00e9 dans la distribution des services.<\/p>\n<ul>\n<li>Produit \u00e0 brancher: Oui<\/li>\n<li>Type: Switch<\/li>\n<li>Type de prise: Prise EU<\/li>\n<li>Bloc d\u2019Alimentation: r\u00e9seau \u00e9lectrique<\/li>\n<li>Couleur: Noir<\/li>\n<li>Connexions:\n<ul>\n<li>RJ45 x 24<\/li>\n<li>PoE x 1<\/li>\n<li>RJ45 x 26<\/li>\n<li>PoE x 24<\/li>\n<\/ul>\n<\/li>\n<li>Tension: 100-240 V<\/li>\n<li>Ventillateur: 2<\/li>\n<li>Fr\u00e9quence: 50-60 Hz<\/li>\n<li>Niveau sonore: 51 dB<\/li>\n<li>Ports: 26<\/li>\n<li>Connectivit\u00e9:\n<ul>\n<li>Gigabit Ethernet<\/li>\n<li>PoE<\/li>\n<\/ul>\n<\/li>\n<li>Transmission de donn\u00e9es: 1000 Mbit\/s<\/li>\n<\/ul>","protected":false},"excerpt":{"rendered":"<p>Si vous \u00eates passionn\u00e9 d&#8217;informatique et d&#8217;\u00e9lectronique, si vous \u00eates \u00e0 la pointe de la technologie et qu&#8217;aucun d\u00e9tail ne vous \u00e9chappe, achetez Switch Trendnet TPE-TG262ES au meilleur prix. Le Trendnet TPE-TG262ES est un switch manageable con\u00e7u pour offrir une connectivit\u00e9 efficace et polyvalente en environnements professionnels. Il dispose de 26 ports au total, dont [&hellip;]<\/p>\n","protected":false},"featured_media":27297,"comment_status":"open","ping_status":"closed","template":"","meta":[],"product_brand":[635],"product_cat":[65,584,585],"product_tag":[106],"class_list":{"0":"post-27300","1":"product","2":"type-product","3":"status-publish","4":"has-post-thumbnail","6":"product_brand-brandp_4777","7":"product_cat-informatique-electronique","8":"product_cat-informatique-reseaux-et-composants","9":"product_cat-switch","10":"product_tag-tag_1295","12":"first","13":"instock","14":"taxable","15":"shipping-taxable","16":"purchasable","17":"product-type-simple"},"_links":{"self":[{"href":"https:\/\/bigbuy.tupique.com\/pt\/wp-json\/wp\/v2\/product\/27300","targetHints":{"allow":["GET"]}}],"collection":[{"href":"https:\/\/bigbuy.tupique.com\/pt\/wp-json\/wp\/v2\/product"}],"about":[{"href":"https:\/\/bigbuy.tupique.com\/pt\/wp-json\/wp\/v2\/types\/product"}],"replies":[{"embeddable":true,"href":"https:\/\/bigbuy.tupique.com\/pt\/wp-json\/wp\/v2\/comments?post=27300"}],"wp:featuredmedia":[{"embeddable":true,"href":"https:\/\/bigbuy.tupique.com\/pt\/wp-json\/wp\/v2\/media\/27297"}],"wp:attachment":[{"href":"https:\/\/bigbuy.tupique.com\/pt\/wp-json\/wp\/v2\/media?parent=27300"}],"wp:term":[{"taxonomy":"product_brand","embeddable":true,"href":"https:\/\/bigbuy.tupique.com\/pt\/wp-json\/wp\/v2\/product_brand?post=27300"},{"taxonomy":"product_cat","embeddable":true,"href":"https:\/\/bigbuy.tupique.com\/pt\/wp-json\/wp\/v2\/product_cat?post=27300"},{"taxonomy":"product_tag","embeddable":true,"href":"https:\/\/bigbuy.tupique.com\/pt\/wp-json\/wp\/v2\/product_tag?post=27300"}],"curies":[{"name":"wp","href":"https:\/\/api.w.org\/{rel}","templated":true}]}}