{"id":27204,"date":"2026-03-29T22:59:29","date_gmt":"2026-03-29T21:59:29","guid":{"rendered":"https:\/\/bigbuy.tupique.com\/produto\/headphones-logitech-960-001698\/"},"modified":"2026-04-16T10:11:20","modified_gmt":"2026-04-16T09:11:20","slug":"headphones-logitech-960-001698","status":"publish","type":"product","link":"https:\/\/bigbuy.tupique.com\/pt\/produto\/headphones-logitech-960-001698\/","title":{"rendered":"Casque Logitech 960-001698"},"content":{"rendered":"<p>Si vous \u00eates \u00e0 la recherche de nouvelles tendances sur le march\u00e9, nous vous pr\u00e9sentons <b>Casque Logitech 960-001698<\/b> !<\/p>\n<p>Le <b>Logitech Rally Board 65<\/b> est un syst\u00e8me avanc\u00e9 de visioconf\u00e9rence de groupe con\u00e7u pour les environnements professionnels o\u00f9 la qualit\u00e9 et la connectivit\u00e9 sont essentielles. Cet appareil int\u00e8gre un <b>\u00e9cran LCD grand format de 65 pouces<\/b> (165,1 cm en diagonale) avec une r\u00e9solution <b>4K Ultra HD de 3840 x 2160 pixels<\/b>, offrant des images nettes et pr\u00e9cises, id\u00e9ales pour des r\u00e9unions collaboratives en haute d\u00e9finition. Sa compatibilit\u00e9 avec plusieurs formats vid\u00e9o, incluant <b>720p, 900p, 1080p, 1440p et 2160p<\/b>, ainsi qu\u2019un taux maximal de <b>30 images par seconde<\/b>, garantissent une exp\u00e9rience visuelle fluide et d\u00e9taill\u00e9e. De plus, il dispose d\u2019un <b>zoom num\u00e9rique 4x<\/b> permettant de focaliser pr\u00e9cis\u00e9ment diff\u00e9rents \u00e9l\u00e9ments lors de pr\u00e9sentations ou appels vid\u00e9o. C\u00f4t\u00e9 connectivit\u00e9, le Rally Board 65 est \u00e9quip\u00e9 de plusieurs options pour s\u2019int\u00e9grer aux r\u00e9seaux d\u2019entreprise, incluant les interfaces <b>HDMI, USB-C, Ethernet (RJ45), Bluetooth et Wi-Fi<\/b>, facilitant la connexion aux p\u00e9riph\u00e9riques externes et plateformes num\u00e9riques sans contraintes. Sa finition en <b>graphite<\/b> lui conf\u00e8re un aspect sobre et professionnel, adapt\u00e9 aux salles de r\u00e9union et espaces de travail modernes. En r\u00e9sum\u00e9, le Logitech Rally Board 65 combine technologie d\u2019image avanc\u00e9e et connectivit\u00e9 polyvalente dans une solution compl\u00e8te pour optimiser les visioconf\u00e9rences et la collaboration visuelle en entreprise.<\/p>\n<ul>\n<li>Type: Casque<\/li>\n<li>Couleur: Graphite<\/li>\n<li>Caract\u00e9ristiques:\n<ul>\n<li>Ecran tactile<\/li>\n<li>\u00c9cran integr\u00e9<\/li>\n<li>Haut-parleurs int\u00e9gr\u00e9s<\/li>\n<\/ul>\n<\/li>\n<li>Connexions:\n<ul>\n<li>HDMI<\/li>\n<li>USB-C<\/li>\n<li>RJ45<\/li>\n<li>Ethernet LAN<\/li>\n<li>2<\/li>\n<li>USB x 3<\/li>\n<\/ul>\n<\/li>\n<li>Connectivit\u00e9:\n<ul>\n<li>Bluetooth<\/li>\n<li>Wi-Fi<\/li>\n<\/ul>\n<\/li>\n<li>Technologie: LCD<\/li>\n<li>Longueur du c\u00e2ble: 3 m<\/li>\n<\/ul>","protected":false},"excerpt":{"rendered":"<p>Si vous \u00eates \u00e0 la recherche de nouvelles tendances sur le march\u00e9, nous vous pr\u00e9sentons Casque Logitech 960-001698 ! Le Logitech Rally Board 65 est un syst\u00e8me avanc\u00e9 de visioconf\u00e9rence de groupe con\u00e7u pour les environnements professionnels o\u00f9 la qualit\u00e9 et la connectivit\u00e9 sont essentielles. Cet appareil int\u00e8gre un \u00e9cran LCD grand format de 65 [&hellip;]<\/p>\n","protected":false},"featured_media":27200,"comment_status":"open","ping_status":"closed","template":"","meta":[],"product_brand":[647],"product_cat":[65,581,594],"product_tag":[213,566,106],"class_list":{"0":"post-27204","1":"product","2":"type-product","3":"status-publish","4":"has-post-thumbnail","6":"product_brand-brandp_561","7":"product_cat-informatique-electronique","8":"product_cat-informatique-peripheriques-et-consommables","9":"product_cat-micros-et-ecouteurs","10":"product_tag-tag_933","11":"product_tag-tag_547","12":"product_tag-tag_1295","14":"first","15":"instock","16":"taxable","17":"shipping-taxable","18":"purchasable","19":"product-type-simple"},"_links":{"self":[{"href":"https:\/\/bigbuy.tupique.com\/pt\/wp-json\/wp\/v2\/product\/27204","targetHints":{"allow":["GET"]}}],"collection":[{"href":"https:\/\/bigbuy.tupique.com\/pt\/wp-json\/wp\/v2\/product"}],"about":[{"href":"https:\/\/bigbuy.tupique.com\/pt\/wp-json\/wp\/v2\/types\/product"}],"replies":[{"embeddable":true,"href":"https:\/\/bigbuy.tupique.com\/pt\/wp-json\/wp\/v2\/comments?post=27204"}],"wp:featuredmedia":[{"embeddable":true,"href":"https:\/\/bigbuy.tupique.com\/pt\/wp-json\/wp\/v2\/media\/27200"}],"wp:attachment":[{"href":"https:\/\/bigbuy.tupique.com\/pt\/wp-json\/wp\/v2\/media?parent=27204"}],"wp:term":[{"taxonomy":"product_brand","embeddable":true,"href":"https:\/\/bigbuy.tupique.com\/pt\/wp-json\/wp\/v2\/product_brand?post=27204"},{"taxonomy":"product_cat","embeddable":true,"href":"https:\/\/bigbuy.tupique.com\/pt\/wp-json\/wp\/v2\/product_cat?post=27204"},{"taxonomy":"product_tag","embeddable":true,"href":"https:\/\/bigbuy.tupique.com\/pt\/wp-json\/wp\/v2\/product_tag?post=27204"}],"curies":[{"name":"wp","href":"https:\/\/api.w.org\/{rel}","templated":true}]}}