{"id":27199,"date":"2026-03-29T22:59:22","date_gmt":"2026-03-29T21:59:22","guid":{"rendered":"https:\/\/bigbuy.tupique.com\/produto\/tv-mount-ergotron-45-230-200-24-8-kg\/"},"modified":"2026-04-15T04:09:21","modified_gmt":"2026-04-15T03:09:21","slug":"tv-mount-ergotron-45-230-200-24-8-kg","status":"publish","type":"product","link":"https:\/\/bigbuy.tupique.com\/pt\/produto\/tv-mount-ergotron-45-230-200-24-8-kg\/","title":{"rendered":"Support de TV Ergotron 45-230-200 24&#8243; 8 kg"},"content":{"rendered":"<p>Si vous \u00eates passionn\u00e9 d&#8217;<b>informatique et d&#8217;\u00e9lectronique<\/b>, si vous \u00eates \u00e0 la pointe de la technologie et qu&#8217;aucun d\u00e9tail ne vous \u00e9chappe, achetez <b>Support de TV Ergotron 45-230-200 24&#8243; 8 kg<\/b> au meilleur prix.<\/p>\n<p>Le <b>support TV mod\u00e8le 45-230-200<\/b> de la marque <b>Ergotron<\/b> est une solution pratique et ergonomique con\u00e7ue pour optimiser l\u2019espace et faciliter l\u2019utilisation dans des environnements n\u00e9cessitant un montage s\u00fbr et polyvalent d\u2019\u00e9crans jusqu\u2019\u00e0 <b>24 pouces (61 cm)<\/b>. Ce <b>support mural noir<\/b> est compatible avec les interfaces VESA standard, supportant des dimensions de <b>75 x 75 mm \u00e0 100 x 100 mm<\/b>, s\u2019adaptant ainsi aux tailles les plus courantes de moniteurs et t\u00e9l\u00e9viseurs compacts. Il se distingue par son syst\u00e8me innovant qui permet d\u2019int\u00e9grer sur un seul bras un \u00e9cran avec des accessoires essentiels tels qu\u2019un lecteur optique de codes-barres, un clavier, un repose-poignet et une souris, ce qui en fait un outil id\u00e9al pour les environnements professionnels, m\u00e9dicaux ou commerciaux o\u00f9 organisation et hygi\u00e8ne sont prioritaires. Sa capacit\u00e9 d\u2019extension et de r\u00e9traction, avec un pliage complet, permet de ranger l\u2019\u00e9quipement lorsqu\u2019il n\u2019est pas utilis\u00e9, avec une profondeur minimale de seulement <b>31 cm<\/b> et une extension maximale de <b>99 cm<\/b>, optimisant ainsi l\u2019espace disponible. De plus, son syst\u00e8me brevet\u00e9 d\u2019\u00e9l\u00e9vation \u00e0 force constante facilite un r\u00e9glage rapide et simple de l\u2019\u00e9cran sur une plage de <b>13 cm (5 pouces) de hauteur<\/b> et une inclinaison de <b>-30\u00b0 \u00e0 30\u00b0<\/b>, offrant une adaptation ergonomique pour r\u00e9duire la fatigue visuelle et posturale. Un point fort de ce support est sa gestion efficace et dissimul\u00e9e des c\u00e2bles, contribuant \u00e0 maintenir une surface propre et d\u00e9gag\u00e9e, un aspect cl\u00e9 pour le contr\u00f4le des infections en milieu professionnel. Sa conception robuste supporte jusqu\u2019\u00e0 <b>8,2 kg<\/b>, garantissant stabilit\u00e9 et s\u00e9curit\u00e9 pour l\u2019\u00e9quipement mont\u00e9. En r\u00e9sum\u00e9, le support Ergotron 45-230-200 allie fonctionnalit\u00e9, ergonomie et polyvalence dans une structure compacte, adapt\u00e9e aux installations n\u00e9cessitant mobilit\u00e9, ordre et efficacit\u00e9 pour le montage d\u2019\u00e9crans moyens.<\/p>\n<ul>\n<li>Type:\n<ul>\n<li>Support de TV<\/li>\n<li>Support mural<\/li>\n<\/ul>\n<\/li>\n<li>Inclut:\n<ul>\n<li>Vis<\/li>\n<li>Manuel de l&#8217;utilisateur<\/li>\n<\/ul>\n<\/li>\n<li>Couleur: Noir<\/li>\n<li>Type d&#8217;installation: Montage mural<\/li>\n<li>Ecran: 24&#8243;<\/li>\n<li>VESA:\n<ul>\n<li>10 x 10 cm<\/li>\n<li>7,5 x 7,5 cm<\/li>\n<\/ul>\n<\/li>\n<li>Compatible: VESA 100 x 100 mm<\/li>\n<li>Poids Max. support\u00e9: 8 kg<\/li>\n<li>Connexions: SATA<\/li>\n<li>Angle: 360\u00ba<\/li>\n<li>Type de mouvement: Inclinable<\/li>\n<li>Diagonale de l&#8217;\u00e9cran (cm): 61 cm<\/li>\n<\/ul>","protected":false},"excerpt":{"rendered":"<p>Si vous \u00eates passionn\u00e9 d&#8217;informatique et d&#8217;\u00e9lectronique, si vous \u00eates \u00e0 la pointe de la technologie et qu&#8217;aucun d\u00e9tail ne vous \u00e9chappe, achetez Support de TV Ergotron 45-230-200 24&#8243; 8 kg au meilleur prix. Le support TV mod\u00e8le 45-230-200 de la marque Ergotron est une solution pratique et ergonomique con\u00e7ue pour optimiser l\u2019espace et faciliter [&hellip;]<\/p>\n","protected":false},"featured_media":27185,"comment_status":"open","ping_status":"closed","template":"","meta":[],"product_brand":[659],"product_cat":[589,65,590],"product_tag":[210],"class_list":{"0":"post-27199","1":"product","2":"type-product","3":"status-publish","4":"has-post-thumbnail","6":"product_brand-brandp_4773","7":"product_cat-electronique-television","8":"product_cat-informatique-electronique","9":"product_cat-supports-de-television","10":"product_tag-tag_25","12":"first","13":"instock","14":"taxable","15":"shipping-taxable","16":"purchasable","17":"product-type-simple"},"_links":{"self":[{"href":"https:\/\/bigbuy.tupique.com\/pt\/wp-json\/wp\/v2\/product\/27199","targetHints":{"allow":["GET"]}}],"collection":[{"href":"https:\/\/bigbuy.tupique.com\/pt\/wp-json\/wp\/v2\/product"}],"about":[{"href":"https:\/\/bigbuy.tupique.com\/pt\/wp-json\/wp\/v2\/types\/product"}],"replies":[{"embeddable":true,"href":"https:\/\/bigbuy.tupique.com\/pt\/wp-json\/wp\/v2\/comments?post=27199"}],"wp:featuredmedia":[{"embeddable":true,"href":"https:\/\/bigbuy.tupique.com\/pt\/wp-json\/wp\/v2\/media\/27185"}],"wp:attachment":[{"href":"https:\/\/bigbuy.tupique.com\/pt\/wp-json\/wp\/v2\/media?parent=27199"}],"wp:term":[{"taxonomy":"product_brand","embeddable":true,"href":"https:\/\/bigbuy.tupique.com\/pt\/wp-json\/wp\/v2\/product_brand?post=27199"},{"taxonomy":"product_cat","embeddable":true,"href":"https:\/\/bigbuy.tupique.com\/pt\/wp-json\/wp\/v2\/product_cat?post=27199"},{"taxonomy":"product_tag","embeddable":true,"href":"https:\/\/bigbuy.tupique.com\/pt\/wp-json\/wp\/v2\/product_tag?post=27199"}],"curies":[{"name":"wp","href":"https:\/\/api.w.org\/{rel}","templated":true}]}}