{"id":27125,"date":"2026-03-29T22:57:51","date_gmt":"2026-03-29T21:57:51","guid":{"rendered":"https:\/\/bigbuy.tupique.com\/produto\/raid-controller-card-qnap-ts-h987xu-rp\/"},"modified":"2026-04-15T04:09:12","modified_gmt":"2026-04-15T03:09:12","slug":"raid-controller-card-qnap-ts-h987xu-rp","status":"publish","type":"product","link":"https:\/\/bigbuy.tupique.com\/pt\/produto\/raid-controller-card-qnap-ts-h987xu-rp\/","title":{"rendered":"Carte de contr\u00f4leur RAID Qnap TS-h987XU-RP"},"content":{"rendered":"<p>Si vous \u00eates passionn\u00e9 d&#8217;<b>informatique et d&#8217;\u00e9lectronique<\/b>, si vous \u00eates \u00e0 la pointe de la technologie et qu&#8217;aucun d\u00e9tail ne vous \u00e9chappe, achetez <b>Carte de contr\u00f4leur RAID Qnap TS-h987XU-RP<\/b> au meilleur prix.<\/p>\n<ul>\n<li>Connexions:\n<ul>\n<li>UDIMM<\/li>\n<li>Ethernet LAN<\/li>\n<li>USB<\/li>\n<li>RJ45<\/li>\n<li>USB A 3.2 Gen 2 (3.1 Gen 2) x 4<\/li>\n<\/ul>\n<\/li>\n<li>Produit \u00e0 brancher: Oui<\/li>\n<li>Type de prise: Prise EU<\/li>\n<li>Bloc d\u2019Alimentation: r\u00e9seau \u00e9lectrique<\/li>\n<li>Type:\n<ul>\n<li>DDR4<\/li>\n<li>NAS<\/li>\n<li>HDD\/SSD<\/li>\n<\/ul>\n<\/li>\n<li>Couleur:\n<ul>\n<li>Noir<\/li>\n<li>Argent\u00e9<\/li>\n<\/ul>\n<\/li>\n<li>Ventillateur: 4<\/li>\n<li>Disque dur: 16 GB<\/li>\n<li>Transmission de donn\u00e9es: 1000 Mbit\/s<\/li>\n<li>Caract\u00e9ristiques:\n<ul>\n<li>Interrupteur marche\/arr\u00eat<\/li>\n<li>Guide d&#8217;installation inclus<\/li>\n<\/ul>\n<\/li>\n<li>Poids: 11,5 kg<\/li>\n<li>M\u00e9moire RAM: 16 GB RAM<\/li>\n<li>Cache: 8 MB<\/li>\n<li>Connectivit\u00e9: Ethernet LAN<\/li>\n<li>Type de m\u00e9moire: DDR4<\/li>\n<li>Largeur: 43 cm<\/li>\n<li>Fr\u00e9quence: 4,8 GHz<\/li>\n<li>Noyaux: 4 Noyaux<\/li>\n<li>Famille de processeurs: Intel<\/li>\n<\/ul>","protected":false},"excerpt":{"rendered":"<p>Si vous \u00eates passionn\u00e9 d&#8217;informatique et d&#8217;\u00e9lectronique, si vous \u00eates \u00e0 la pointe de la technologie et qu&#8217;aucun d\u00e9tail ne vous \u00e9chappe, achetez Carte de contr\u00f4leur RAID Qnap TS-h987XU-RP au meilleur prix. Connexions: UDIMM Ethernet LAN USB RJ45 USB A 3.2 Gen 2 (3.1 Gen 2) x 4 Produit \u00e0 brancher: Oui Type de prise: [&hellip;]<\/p>\n","protected":false},"featured_media":27113,"comment_status":"open","ping_status":"closed","template":"","meta":[],"product_brand":[646],"product_cat":[604,65,584],"product_tag":[106],"class_list":{"0":"post-27125","1":"product","2":"type-product","3":"status-publish","4":"has-post-thumbnail","6":"product_brand-brandp_4747","7":"product_cat-cartes-pci","8":"product_cat-informatique-electronique","9":"product_cat-informatique-reseaux-et-composants","10":"product_tag-tag_1295","12":"first","13":"instock","14":"taxable","15":"shipping-taxable","16":"purchasable","17":"product-type-simple"},"_links":{"self":[{"href":"https:\/\/bigbuy.tupique.com\/pt\/wp-json\/wp\/v2\/product\/27125","targetHints":{"allow":["GET"]}}],"collection":[{"href":"https:\/\/bigbuy.tupique.com\/pt\/wp-json\/wp\/v2\/product"}],"about":[{"href":"https:\/\/bigbuy.tupique.com\/pt\/wp-json\/wp\/v2\/types\/product"}],"replies":[{"embeddable":true,"href":"https:\/\/bigbuy.tupique.com\/pt\/wp-json\/wp\/v2\/comments?post=27125"}],"wp:featuredmedia":[{"embeddable":true,"href":"https:\/\/bigbuy.tupique.com\/pt\/wp-json\/wp\/v2\/media\/27113"}],"wp:attachment":[{"href":"https:\/\/bigbuy.tupique.com\/pt\/wp-json\/wp\/v2\/media?parent=27125"}],"wp:term":[{"taxonomy":"product_brand","embeddable":true,"href":"https:\/\/bigbuy.tupique.com\/pt\/wp-json\/wp\/v2\/product_brand?post=27125"},{"taxonomy":"product_cat","embeddable":true,"href":"https:\/\/bigbuy.tupique.com\/pt\/wp-json\/wp\/v2\/product_cat?post=27125"},{"taxonomy":"product_tag","embeddable":true,"href":"https:\/\/bigbuy.tupique.com\/pt\/wp-json\/wp\/v2\/product_tag?post=27125"}],"curies":[{"name":"wp","href":"https:\/\/api.w.org\/{rel}","templated":true}]}}