{"id":27095,"date":"2026-03-29T22:57:09","date_gmt":"2026-03-29T21:57:09","guid":{"rendered":"https:\/\/bigbuy.tupique.com\/produto\/uninterruptible-power-supply-system-interactive-ups-apc-psp200\/"},"modified":"2026-04-15T04:09:10","modified_gmt":"2026-04-15T03:09:10","slug":"uninterruptible-power-supply-system-interactive-ups-apc-psp200","status":"publish","type":"product","link":"https:\/\/bigbuy.tupique.com\/pt\/produto\/uninterruptible-power-supply-system-interactive-ups-apc-psp200\/","title":{"rendered":"Syst\u00e8me d&#8217;Alimentation Sans Interruption Interactif APC PSP200"},"content":{"rendered":"<p>Si vous \u00eates \u00e0 la recherche de nouvelles tendances sur le march\u00e9, nous vous pr\u00e9sentons <b>Syst\u00e8me d&#8217;Alimentation Sans Interruption Interactif APC PSP200<\/b> !<\/p>\n<p>Le <b>SAI interactif PSP200<\/b> d\u2019APC est un syst\u00e8me d\u2019alimentation sans coupure con\u00e7u pour prot\u00e9ger les appareils \u00e9lectriques et \u00e9lectroniques contre les coupures et fluctuations de courant. Avec une <b>puissance nominale de 200 W<\/b> et un <b>courant maximal de 9,85 A<\/b>, ce SAI offre un support efficace pour les \u00e9quipements \u00e0 faible et moyenne consommation, garantissant stabilit\u00e9 et continuit\u00e9 de fonctionnement. Son format compact, avec des dimensions de <b>555,5 mm de largeur<\/b>, <b>550 mm de profondeur<\/b> et <b>55 mm de hauteur<\/b>, facilite son int\u00e9gration dans les environnements domestiques ou de bureau o\u00f9 l\u2019espace est limit\u00e9. Le PSP200 int\u00e8gre une prise de type europ\u00e9en (EU), adapt\u00e9e aux connexions standard de l\u2019Union europ\u00e9enne. Il se distingue \u00e9galement par sa compatibilit\u00e9 avec les produits de la gamme Power Station (mod\u00e8les 330, 500 et 730), \u00e9largissant les possibilit\u00e9s d\u2019application dans les syst\u00e8mes \u00e9nerg\u00e9tiques incluant des sources solaires, gr\u00e2ce \u00e0 son support pour les <b>cellules solaires en silicium monocristallin<\/b>. Sa classification IP65 assure une protection robuste contre la poussi\u00e8re et l\u2019eau, le rendant adapt\u00e9 aux environnements exigeants o\u00f9 la protection contre les agents ext\u00e9rieurs est essentielle. Les dimensions du colis (610 mm de largeur, 665 mm de profondeur et 225 mm de hauteur) refl\u00e8tent un emballage con\u00e7u pour un transport s\u00fbr et pratique. En r\u00e9sum\u00e9, ce SAI interactif combine une puissance adapt\u00e9e, un design compact et des caract\u00e9ristiques techniques avanc\u00e9es de protection, offrant une solution fonctionnelle pour la continuit\u00e9 \u00e9lectrique dans des applications n\u00e9cessitant fiabilit\u00e9 et compatibilit\u00e9 avec l\u2019\u00e9nergie solaire. Ce mod\u00e8le constitue une option solide pour les utilisateurs recherchant un syst\u00e8me de protection \u00e9lectrique basique avec des possibilit\u00e9s d\u2019int\u00e9gration dans des syst\u00e8mes hybrides.<\/p>\n<ul>\n<li>Type: Syst\u00e8me d&#8217;Alimentation Sans Interruption Interactif<\/li>\n<li>Produit \u00e0 brancher: Oui<\/li>\n<li>Type de prise: Prise EU<\/li>\n<li>Bloc d\u2019Alimentation: r\u00e9seau \u00e9lectrique<\/li>\n<li>Puissance nominale: 200 W<\/li>\n<li>Couleur: Noir<\/li>\n<li>Classification IP: IP65<\/li>\n<li>puissance: 200 W<\/li>\n<li>Type de batterie: Litio Ion<\/li>\n<\/ul>","protected":false},"excerpt":{"rendered":"<p>Si vous \u00eates \u00e0 la recherche de nouvelles tendances sur le march\u00e9, nous vous pr\u00e9sentons Syst\u00e8me d&#8217;Alimentation Sans Interruption Interactif APC PSP200 ! Le SAI interactif PSP200 d\u2019APC est un syst\u00e8me d\u2019alimentation sans coupure con\u00e7u pour prot\u00e9ger les appareils \u00e9lectriques et \u00e9lectroniques contre les coupures et fluctuations de courant. Avec une puissance nominale de 200 [&hellip;]<\/p>\n","protected":false},"featured_media":27091,"comment_status":"open","ping_status":"closed","template":"","meta":[],"product_brand":[649],"product_cat":[65,581,603],"product_tag":[106],"class_list":{"0":"post-27095","1":"product","2":"type-product","3":"status-publish","4":"has-post-thumbnail","6":"product_brand-brandp_532","7":"product_cat-informatique-electronique","8":"product_cat-informatique-peripheriques-et-consommables","9":"product_cat-ups","10":"product_tag-tag_1295","12":"first","13":"instock","14":"taxable","15":"shipping-taxable","16":"purchasable","17":"product-type-simple"},"_links":{"self":[{"href":"https:\/\/bigbuy.tupique.com\/pt\/wp-json\/wp\/v2\/product\/27095","targetHints":{"allow":["GET"]}}],"collection":[{"href":"https:\/\/bigbuy.tupique.com\/pt\/wp-json\/wp\/v2\/product"}],"about":[{"href":"https:\/\/bigbuy.tupique.com\/pt\/wp-json\/wp\/v2\/types\/product"}],"replies":[{"embeddable":true,"href":"https:\/\/bigbuy.tupique.com\/pt\/wp-json\/wp\/v2\/comments?post=27095"}],"wp:featuredmedia":[{"embeddable":true,"href":"https:\/\/bigbuy.tupique.com\/pt\/wp-json\/wp\/v2\/media\/27091"}],"wp:attachment":[{"href":"https:\/\/bigbuy.tupique.com\/pt\/wp-json\/wp\/v2\/media?parent=27095"}],"wp:term":[{"taxonomy":"product_brand","embeddable":true,"href":"https:\/\/bigbuy.tupique.com\/pt\/wp-json\/wp\/v2\/product_brand?post=27095"},{"taxonomy":"product_cat","embeddable":true,"href":"https:\/\/bigbuy.tupique.com\/pt\/wp-json\/wp\/v2\/product_cat?post=27095"},{"taxonomy":"product_tag","embeddable":true,"href":"https:\/\/bigbuy.tupique.com\/pt\/wp-json\/wp\/v2\/product_tag?post=27095"}],"curies":[{"name":"wp","href":"https:\/\/api.w.org\/{rel}","templated":true}]}}