{"id":26876,"date":"2026-03-29T22:41:55","date_gmt":"2026-03-29T21:41:55","guid":{"rendered":"https:\/\/bigbuy.tupique.com\/produto\/ladies-watch-bulova-96m170-silver\/"},"modified":"2026-04-15T04:08:41","modified_gmt":"2026-04-15T03:08:41","slug":"ladies-watch-bulova-96m170-silver","status":"publish","type":"product","link":"https:\/\/bigbuy.tupique.com\/pt\/produto\/ladies-watch-bulova-96m170-silver\/","title":{"rendered":"Montre Femme Bulova 96M170 Argent\u00e9"},"content":{"rendered":"<p>Si vous \u00eates \u00e0 la recherche de nouvelles tendances sur le march\u00e9, nous vous pr\u00e9sentons <b>Montre Femme Bulova 96M170 Argent\u00e9<\/b> !<\/p>\n<ul>\n<li>Liens suppl\u00e9mentaires: Non<\/li>\n<li>Type de montre: Montre-bracelet<\/li>\n<li>Genre: Femme<\/li>\n<li>Couleur du bracelet: Argent\u00e9<\/li>\n<\/ul>","protected":false},"excerpt":{"rendered":"<p>Si vous \u00eates \u00e0 la recherche de nouvelles tendances sur le march\u00e9, nous vous pr\u00e9sentons Montre Femme Bulova 96M170 Argent\u00e9 ! Liens suppl\u00e9mentaires: Non Type de montre: Montre-bracelet Genre: Femme Couleur du bracelet: Argent\u00e9<\/p>","protected":false},"featured_media":26874,"comment_status":"open","ping_status":"closed","template":"","meta":[],"product_brand":[803],"product_cat":[544,546,545],"product_tag":[103,542,543],"class_list":{"0":"post-26876","1":"product","2":"type-product","3":"status-publish","4":"has-post-thumbnail","6":"product_brand-brandp_810","7":"product_cat-mode-accessoires","8":"product_cat-montres-femme","9":"product_cat-montres-bracelets","10":"product_tag-tag_1261","11":"product_tag-tag_1274","12":"product_tag-tag_61","14":"first","15":"instock","16":"taxable","17":"shipping-taxable","18":"purchasable","19":"product-type-simple"},"_links":{"self":[{"href":"https:\/\/bigbuy.tupique.com\/pt\/wp-json\/wp\/v2\/product\/26876","targetHints":{"allow":["GET"]}}],"collection":[{"href":"https:\/\/bigbuy.tupique.com\/pt\/wp-json\/wp\/v2\/product"}],"about":[{"href":"https:\/\/bigbuy.tupique.com\/pt\/wp-json\/wp\/v2\/types\/product"}],"replies":[{"embeddable":true,"href":"https:\/\/bigbuy.tupique.com\/pt\/wp-json\/wp\/v2\/comments?post=26876"}],"wp:featuredmedia":[{"embeddable":true,"href":"https:\/\/bigbuy.tupique.com\/pt\/wp-json\/wp\/v2\/media\/26874"}],"wp:attachment":[{"href":"https:\/\/bigbuy.tupique.com\/pt\/wp-json\/wp\/v2\/media?parent=26876"}],"wp:term":[{"taxonomy":"product_brand","embeddable":true,"href":"https:\/\/bigbuy.tupique.com\/pt\/wp-json\/wp\/v2\/product_brand?post=26876"},{"taxonomy":"product_cat","embeddable":true,"href":"https:\/\/bigbuy.tupique.com\/pt\/wp-json\/wp\/v2\/product_cat?post=26876"},{"taxonomy":"product_tag","embeddable":true,"href":"https:\/\/bigbuy.tupique.com\/pt\/wp-json\/wp\/v2\/product_tag?post=26876"}],"curies":[{"name":"wp","href":"https:\/\/api.w.org\/{rel}","templated":true}]}}