{"id":26813,"date":"2026-03-29T22:40:57","date_gmt":"2026-03-29T21:40:57","guid":{"rendered":"https:\/\/bigbuy.tupique.com\/produto\/mens-watch-mido-multifort-patrimony-powerwind-silver\/"},"modified":"2026-04-15T04:08:36","modified_gmt":"2026-04-15T03:08:36","slug":"mens-watch-mido-multifort-patrimony-powerwind-silver","status":"publish","type":"product","link":"https:\/\/bigbuy.tupique.com\/pt\/produto\/mens-watch-mido-multifort-patrimony-powerwind-silver\/","title":{"rendered":"Montre Homme Mido MULTIFORT PATRIMONY POWERWIND Argent\u00e9"},"content":{"rendered":"<p>Si vous aimez suivre les derni\u00e8res tendances en mati\u00e8re de mode et accessoires, achetez <b>Montre Homme Mido MULTIFORT PATRIMONY POWERWIND Argent\u00e9<\/b> au meilleur prix.<\/p>\n<ul>\n<li>Genre: Homme<\/li>\n<li>Liens suppl\u00e9mentaires: Non<\/li>\n<li>Type de montre: Montre-bracelet<\/li>\n<li>Couleur du bracelet: Argent\u00e9<\/li>\n<\/ul>","protected":false},"excerpt":{"rendered":"<p>Si vous aimez suivre les derni\u00e8res tendances en mati\u00e8re de mode et accessoires, achetez Montre Homme Mido MULTIFORT PATRIMONY POWERWIND Argent\u00e9 au meilleur prix. Genre: Homme Liens suppl\u00e9mentaires: Non Type de montre: Montre-bracelet Couleur du bracelet: Argent\u00e9<\/p>","protected":false},"featured_media":26811,"comment_status":"open","ping_status":"closed","template":"","meta":[],"product_brand":[796],"product_cat":[544,574,545],"product_tag":[103,543],"class_list":{"0":"post-26813","1":"product","2":"type-product","3":"status-publish","4":"has-post-thumbnail","6":"product_brand-brandp_6824","7":"product_cat-mode-accessoires","8":"product_cat-montres-homme","9":"product_cat-montres-bracelets","10":"product_tag-tag_1261","11":"product_tag-tag_61","13":"first","14":"instock","15":"taxable","16":"shipping-taxable","17":"purchasable","18":"product-type-simple"},"_links":{"self":[{"href":"https:\/\/bigbuy.tupique.com\/pt\/wp-json\/wp\/v2\/product\/26813","targetHints":{"allow":["GET"]}}],"collection":[{"href":"https:\/\/bigbuy.tupique.com\/pt\/wp-json\/wp\/v2\/product"}],"about":[{"href":"https:\/\/bigbuy.tupique.com\/pt\/wp-json\/wp\/v2\/types\/product"}],"replies":[{"embeddable":true,"href":"https:\/\/bigbuy.tupique.com\/pt\/wp-json\/wp\/v2\/comments?post=26813"}],"wp:featuredmedia":[{"embeddable":true,"href":"https:\/\/bigbuy.tupique.com\/pt\/wp-json\/wp\/v2\/media\/26811"}],"wp:attachment":[{"href":"https:\/\/bigbuy.tupique.com\/pt\/wp-json\/wp\/v2\/media?parent=26813"}],"wp:term":[{"taxonomy":"product_brand","embeddable":true,"href":"https:\/\/bigbuy.tupique.com\/pt\/wp-json\/wp\/v2\/product_brand?post=26813"},{"taxonomy":"product_cat","embeddable":true,"href":"https:\/\/bigbuy.tupique.com\/pt\/wp-json\/wp\/v2\/product_cat?post=26813"},{"taxonomy":"product_tag","embeddable":true,"href":"https:\/\/bigbuy.tupique.com\/pt\/wp-json\/wp\/v2\/product_tag?post=26813"}],"curies":[{"name":"wp","href":"https:\/\/api.w.org\/{rel}","templated":true}]}}