{"id":26750,"date":"2026-03-29T22:39:37","date_gmt":"2026-03-29T21:39:37","guid":{"rendered":"https:\/\/bigbuy.tupique.com\/produto\/cable-canon-5654c004\/"},"modified":"2026-04-15T04:08:25","modified_gmt":"2026-04-15T03:08:25","slug":"cable-canon-5654c004","status":"publish","type":"product","link":"https:\/\/bigbuy.tupique.com\/pt\/produto\/cable-canon-5654c004\/","title":{"rendered":"C\u00e2ble Canon 5654C004"},"content":{"rendered":"<p>Si vous \u00eates passionn\u00e9 d&#8217;<b>informatique et d&#8217;\u00e9lectronique<\/b>, si vous \u00eates \u00e0 la pointe de la technologie et qu&#8217;aucun d\u00e9tail ne vous \u00e9chappe, achetez <b>C\u00e2ble Canon 5654C004<\/b> au meilleur prix.<\/p>\n<ul>\n<li>Type: C\u00e2ble<\/li>\n<li>Couleur: Noir<\/li>\n<li>Caract\u00e9ristiques:\n<ul>\n<li>\u00c9cran integr\u00e9<\/li>\n<li>R\u00e9sistant \u00e0 l&#8217;eau<\/li>\n<li>Sans fil<\/li>\n<li>Avec stand<\/li>\n<\/ul>\n<\/li>\n<li>Piles incluses: Oui<\/li>\n<li>Fonctionne \u00e0 piles: 1 Litio Ion, incluidas<\/li>\n<li>Inclut: Housse de transport<\/li>\n<li>Type de batterie: Litio Ion<\/li>\n<\/ul>","protected":false},"excerpt":{"rendered":"<p>Si vous \u00eates passionn\u00e9 d&#8217;informatique et d&#8217;\u00e9lectronique, si vous \u00eates \u00e0 la pointe de la technologie et qu&#8217;aucun d\u00e9tail ne vous \u00e9chappe, achetez C\u00e2ble Canon 5654C004 au meilleur prix. Type: C\u00e2ble Couleur: Noir Caract\u00e9ristiques: \u00c9cran integr\u00e9 R\u00e9sistant \u00e0 l&#8217;eau Sans fil Avec stand Piles incluses: Oui Fonctionne \u00e0 piles: 1 Litio Ion, incluidas Inclut: Housse [&hellip;]<\/p>\n","protected":false},"featured_media":26746,"comment_status":"open","ping_status":"closed","template":"","meta":[],"product_brand":[637],"product_cat":[601,600,65],"product_tag":[571],"class_list":{"0":"post-26750","1":"product","2":"type-product","3":"status-publish","4":"has-post-thumbnail","6":"product_brand-brandp_539","7":"product_cat-accessoires-pour-appareils-photo-et-camescopes","8":"product_cat-electronique-photo-et-video","9":"product_cat-informatique-electronique","10":"product_tag-tag_27","12":"first","13":"instock","14":"taxable","15":"shipping-taxable","16":"purchasable","17":"product-type-simple"},"_links":{"self":[{"href":"https:\/\/bigbuy.tupique.com\/pt\/wp-json\/wp\/v2\/product\/26750","targetHints":{"allow":["GET"]}}],"collection":[{"href":"https:\/\/bigbuy.tupique.com\/pt\/wp-json\/wp\/v2\/product"}],"about":[{"href":"https:\/\/bigbuy.tupique.com\/pt\/wp-json\/wp\/v2\/types\/product"}],"replies":[{"embeddable":true,"href":"https:\/\/bigbuy.tupique.com\/pt\/wp-json\/wp\/v2\/comments?post=26750"}],"wp:featuredmedia":[{"embeddable":true,"href":"https:\/\/bigbuy.tupique.com\/pt\/wp-json\/wp\/v2\/media\/26746"}],"wp:attachment":[{"href":"https:\/\/bigbuy.tupique.com\/pt\/wp-json\/wp\/v2\/media?parent=26750"}],"wp:term":[{"taxonomy":"product_brand","embeddable":true,"href":"https:\/\/bigbuy.tupique.com\/pt\/wp-json\/wp\/v2\/product_brand?post=26750"},{"taxonomy":"product_cat","embeddable":true,"href":"https:\/\/bigbuy.tupique.com\/pt\/wp-json\/wp\/v2\/product_cat?post=26750"},{"taxonomy":"product_tag","embeddable":true,"href":"https:\/\/bigbuy.tupique.com\/pt\/wp-json\/wp\/v2\/product_tag?post=26750"}],"curies":[{"name":"wp","href":"https:\/\/api.w.org\/{rel}","templated":true}]}}