{"id":26726,"date":"2026-03-29T22:39:03","date_gmt":"2026-03-29T21:39:03","guid":{"rendered":"https:\/\/bigbuy.tupique.com\/produto\/monitor-philips-45b1u6900ch-00-445-lcd-ultrawide-dual-quad-hd\/"},"modified":"2026-05-11T20:00:26","modified_gmt":"2026-05-11T18:00:26","slug":"monitor-philips-45b1u6900ch-00-445-lcd-ultrawide-dual-quad-hd","status":"publish","type":"product","link":"https:\/\/bigbuy.tupique.com\/pt\/produto\/monitor-philips-45b1u6900ch-00-445-lcd-ultrawide-dual-quad-hd\/","title":{"rendered":"\u00c9cran Philips 45B1U6900CH\/00 44,5&#8243; LCD UltraWide Dual Quad HD"},"content":{"rendered":"<p>Si vous \u00eates passionn\u00e9 d&#8217;<b>informatique et d&#8217;\u00e9lectronique<\/b>, si vous \u00eates \u00e0 la pointe de la technologie et qu&#8217;aucun d\u00e9tail ne vous \u00e9chappe, achetez <b>\u00c9cran Philips 45B1U6900CH\/00 44,5&#8243; LCD UltraWide Dual Quad HD<\/b> au meilleur prix.<\/p>\n<p>Le <b>moniteur Philips 45B1U6900CH\/00<\/b> est un appareil con\u00e7u pour les utilisateurs n\u00e9cessitant une exp\u00e9rience visuelle large et de haute qualit\u00e9, id\u00e9al pour les environnements professionnels et multim\u00e9dias. Il dispose d\u2019un <b>\u00e9cran incurv\u00e9 de 44,5 pouces<\/b>, offrant un champ de vision plus immersif et r\u00e9duisant la fatigue oculaire en maintenant une distance constante entre l\u2019\u0153il et toute la surface. Son format ultralarge avec un <b>rapport d\u2019aspect 32:9<\/b> et une <b>r\u00e9solution horizontale de 5120 pixels<\/b> permet d\u2019afficher plusieurs applications ou contenus simultan\u00e9ment avec une grande nettet\u00e9 et pr\u00e9cision, favorisant la productivit\u00e9 et le multit\u00e2che avanc\u00e9. Il utilise une technologie de dalle <b>VA (Vertical Alignment)<\/b>, garantissant un contraste \u00e9lev\u00e9 et des couleurs profondes, combin\u00e9e aux <b>technologies LED et LCD<\/b> pour optimiser la luminosit\u00e9 et la consommation d\u2019\u00e9nergie. De plus, il int\u00e8gre des fonctions avanc\u00e9es telles que le <b>HDR<\/b>, qui \u00e9tend la plage dynamique de l\u2019image pour afficher des d\u00e9tails plus pr\u00e9cis dans les zones sombres comme claires. Le design du moniteur est sobre et fonctionnel, avec une finition <b>noir mat<\/b> qui \u00e9vite les reflets et maintient l\u2019attention sur l\u2019\u00e9cran. Il est \u00e9quip\u00e9 de deux ports <b>HDMI<\/b>, facilitant la connexion \u00e0 divers appareils modernes. Pensant \u00e0 l\u2019ergonomie, son support est <b>r\u00e9glable en hauteur<\/b> pour s\u2019adapter \u00e0 diff\u00e9rentes positions de travail, bien qu\u2019il ne dispose pas de fonction pivotante. Il int\u00e8gre \u00e9galement la technologie <b>Flicker free<\/b>, qui minimise le scintillement de l\u2019\u00e9cran et contribue \u00e0 r\u00e9duire la fatigue oculaire lors de longues sessions devant le moniteur. Ses caract\u00e9ristiques le rendent adapt\u00e9 aux professionnels du design, du montage vid\u00e9o, aux analystes financiers ou \u00e0 tout utilisateur n\u00e9cessitant un large espace visuel sans compromettre la qualit\u00e9 d\u2019image ni le confort ergonomique. Le Philips 45B1U6900CH\/00 repr\u00e9sente une solution avanc\u00e9e et polyvalente dans le segment des moniteurs incurv\u00e9s ultralarges haute d\u00e9finition.<\/p>\n<ul>\n<li>Type: \u00c9cran<\/li>\n<li>Type de prise: Prise EU<\/li>\n<li>Diagonale de l&#8217;\u00e9cran (cm): 113 cm<\/li>\n<li>Technologie:\n<ul>\n<li>LCD<\/li>\n<li>LED<\/li>\n<li>VA<\/li>\n<li>Flicker free<\/li>\n<\/ul>\n<\/li>\n<li>Produit \u00e0 brancher: Oui<\/li>\n<li>Bloc d\u2019Alimentation:\n<ul>\n<li>r\u00e9seau \u00e9lectrique<\/li>\n<li>Courant alternatif<\/li>\n<\/ul>\n<\/li>\n<li>Couleur: Noir<\/li>\n<li>Temps de r\u00e9ponse: 4 ms<\/li>\n<li>VESA: 10 x 10 cm<\/li>\n<li>Brille: 450 CD \/ M\u00b2<\/li>\n<li>Tension:\n<ul>\n<li>100-240 V<\/li>\n<li>100 &#8211; 240 V<\/li>\n<\/ul>\n<\/li>\n<li>Ecran: 44,5&#8243;<\/li>\n<li>Classification \u00e9nerg\u00e9tique: G<\/li>\n<li>Rapport d&#8217;aspect: 32:9<\/li>\n<li>Connexions:\n<ul>\n<li>HDMI<\/li>\n<li>DisplayPort<\/li>\n<li>HDMI 2.0<\/li>\n<li>Ethernet LAN<\/li>\n<li>2<\/li>\n<li>HDMI x 2<\/li>\n<li>USB<\/li>\n<li>USB-C<\/li>\n<li>USB 2.0<\/li>\n<li>Jack 3.5 mm<\/li>\n<li>HDCP<\/li>\n<li>USB A x 4<\/li>\n<li>DisplayPort 1.4<\/li>\n<li>DisplayPort x 1<\/li>\n<\/ul>\n<\/li>\n<li>Caract\u00e9ristiques:\n<ul>\n<li>Plaque Tournante<\/li>\n<li>Mat<\/li>\n<li>R\u00e9glable<\/li>\n<li>HDR<\/li>\n<li>Avec stand<\/li>\n<li>Inclinaison r\u00e9glable<\/li>\n<li>Plug &amp; Play<\/li>\n<li>Capteur de lumi\u00e8re<\/li>\n<li>Haut-parleurs int\u00e9gr\u00e9s<\/li>\n<\/ul>\n<\/li>\n<li>R\u00e9solution (px): 5120 x 1440 px<\/li>\n<li>Fr\u00e9quence:\n<ul>\n<li>50 &#8211; 60 Hz<\/li>\n<li>75 Hz<\/li>\n<\/ul>\n<\/li>\n<li>puissance: 100 W<\/li>\n<li>Rapport de contraste: 3000:1<\/li>\n<li>Ports: Sortie audio<\/li>\n<li>Compatible: VESA<\/li>\n<li>Design: Courbe<\/li>\n<li>Connectivit\u00e9: Ethernet LAN<\/li>\n<li>R\u00e9solution:\n<ul>\n<li>LCD<\/li>\n<li>UltraWide Dual Quad HD<\/li>\n<\/ul>\n<\/li>\n<li>Ecran tactile: Non<\/li>\n<li>Type d&#8217;installation: Montage mural<\/li>\n<li>Emballage respectueux de l\u2019environnement: 100 % recyclable<\/li>\n<li>Angle: 178\u00ba<\/li>\n<li>Pr\u00e9cision (humidit\u00e9 relative): 20 % &#8211; 80 %<\/li>\n<li>Connecteurs: Kensington<\/li>\n<li>Montage: VESA<\/li>\n<li>Inclinaison: -5\u00ba \/ 15\u00ba<\/li>\n<li>Inclut: Manuel de l&#8217;utilisateur<\/li>\n<li>Utilisation recommand\u00e9e: Entreprise et commerce<\/li>\n<li>Rotation: -45\u00ba \/ 45\u00b0<\/li>\n<\/ul>","protected":false},"excerpt":{"rendered":"<p>Si vous \u00eates passionn\u00e9 d&#8217;informatique et d&#8217;\u00e9lectronique, si vous \u00eates \u00e0 la pointe de la technologie et qu&#8217;aucun d\u00e9tail ne vous \u00e9chappe, achetez \u00c9cran Philips 45B1U6900CH\/00 44,5&#8243; LCD UltraWide Dual Quad HD au meilleur prix. Le moniteur Philips 45B1U6900CH\/00 est un appareil con\u00e7u pour les utilisateurs n\u00e9cessitant une exp\u00e9rience visuelle large et de haute qualit\u00e9, [&hellip;]<\/p>\n","protected":false},"featured_media":26693,"comment_status":"open","ping_status":"closed","template":"","meta":[],"product_brand":[315],"product_cat":[65,581,616],"product_tag":[213,106],"class_list":{"0":"post-26726","1":"product","2":"type-product","3":"status-publish","4":"has-post-thumbnail","6":"product_brand-brandp_571","7":"product_cat-informatique-electronique","8":"product_cat-informatique-peripheriques-et-consommables","9":"product_cat-moniteurs","10":"product_tag-tag_933","11":"product_tag-tag_1295","13":"first","14":"instock","15":"taxable","16":"shipping-taxable","17":"purchasable","18":"product-type-simple"},"_links":{"self":[{"href":"https:\/\/bigbuy.tupique.com\/pt\/wp-json\/wp\/v2\/product\/26726","targetHints":{"allow":["GET"]}}],"collection":[{"href":"https:\/\/bigbuy.tupique.com\/pt\/wp-json\/wp\/v2\/product"}],"about":[{"href":"https:\/\/bigbuy.tupique.com\/pt\/wp-json\/wp\/v2\/types\/product"}],"replies":[{"embeddable":true,"href":"https:\/\/bigbuy.tupique.com\/pt\/wp-json\/wp\/v2\/comments?post=26726"}],"wp:featuredmedia":[{"embeddable":true,"href":"https:\/\/bigbuy.tupique.com\/pt\/wp-json\/wp\/v2\/media\/26693"}],"wp:attachment":[{"href":"https:\/\/bigbuy.tupique.com\/pt\/wp-json\/wp\/v2\/media?parent=26726"}],"wp:term":[{"taxonomy":"product_brand","embeddable":true,"href":"https:\/\/bigbuy.tupique.com\/pt\/wp-json\/wp\/v2\/product_brand?post=26726"},{"taxonomy":"product_cat","embeddable":true,"href":"https:\/\/bigbuy.tupique.com\/pt\/wp-json\/wp\/v2\/product_cat?post=26726"},{"taxonomy":"product_tag","embeddable":true,"href":"https:\/\/bigbuy.tupique.com\/pt\/wp-json\/wp\/v2\/product_tag?post=26726"}],"curies":[{"name":"wp","href":"https:\/\/api.w.org\/{rel}","templated":true}]}}