{"id":26652,"date":"2026-03-29T22:26:41","date_gmt":"2026-03-29T21:26:41","guid":{"rendered":"https:\/\/bigbuy.tupique.com\/produto\/ladies-bracelet-lebebe-lbb721_s-golden\/"},"modified":"2026-04-15T04:08:15","modified_gmt":"2026-04-15T03:08:15","slug":"ladies-bracelet-lebebe-lbb721_s-golden","status":"publish","type":"product","link":"https:\/\/bigbuy.tupique.com\/pt\/produto\/ladies-bracelet-lebebe-lbb721_s-golden\/","title":{"rendered":"Bracelet Femme leBebe LBB721_S Dor\u00e9"},"content":{"rendered":"<p>Nous vons pr\u00e9sentons <b>Bracelet Femme leBebe LBB721_S Dor\u00e9<\/b> et une vaste gamme de bagues, bracelets, boucles d&#8217;oreilles et pendentifs etc. \u00e0 bon prix. D\u00e9couvrez d&#8217;exclusifs et \u00e9l\u00e9gants articles de bijouterie et de bijouterie fantaisie pour tous les go\u00fbts.<\/p>\n<ul>\n<li>Type: Bracelet<\/li>\n<li>Genre: Femme<\/li>\n<li>Couleur: Dor\u00e9<\/li>\n<li>Mati\u00e8re: Or 9 carat<\/li>\n<li>Inclut: Inclut un \u00e9tui ou une housse de la marque<\/li>\n<\/ul>","protected":false},"excerpt":{"rendered":"<p>Nous vons pr\u00e9sentons Bracelet Femme leBebe LBB721_S Dor\u00e9 et une vaste gamme de bagues, bracelets, boucles d&#8217;oreilles et pendentifs etc. \u00e0 bon prix. D\u00e9couvrez d&#8217;exclusifs et \u00e9l\u00e9gants articles de bijouterie et de bijouterie fantaisie pour tous les go\u00fbts. Type: Bracelet Genre: Femme Couleur: Dor\u00e9 Mati\u00e8re: Or 9 carat Inclut: Inclut un \u00e9tui ou une housse [&hellip;]<\/p>\n","protected":false},"featured_media":26650,"comment_status":"open","ping_status":"closed","template":"","meta":[],"product_brand":[1095],"product_cat":[547,548,552,544],"product_tag":[103,542,543],"class_list":{"0":"post-26652","1":"product","2":"type-product","3":"status-publish","4":"has-post-thumbnail","6":"product_brand-brandp_7228","7":"product_cat-accessoires","8":"product_cat-bijoux","9":"product_cat-bracelets","10":"product_cat-mode-accessoires","11":"product_tag-tag_1261","12":"product_tag-tag_1274","13":"product_tag-tag_61","15":"first","16":"instock","17":"taxable","18":"shipping-taxable","19":"purchasable","20":"product-type-simple"},"_links":{"self":[{"href":"https:\/\/bigbuy.tupique.com\/pt\/wp-json\/wp\/v2\/product\/26652","targetHints":{"allow":["GET"]}}],"collection":[{"href":"https:\/\/bigbuy.tupique.com\/pt\/wp-json\/wp\/v2\/product"}],"about":[{"href":"https:\/\/bigbuy.tupique.com\/pt\/wp-json\/wp\/v2\/types\/product"}],"replies":[{"embeddable":true,"href":"https:\/\/bigbuy.tupique.com\/pt\/wp-json\/wp\/v2\/comments?post=26652"}],"wp:featuredmedia":[{"embeddable":true,"href":"https:\/\/bigbuy.tupique.com\/pt\/wp-json\/wp\/v2\/media\/26650"}],"wp:attachment":[{"href":"https:\/\/bigbuy.tupique.com\/pt\/wp-json\/wp\/v2\/media?parent=26652"}],"wp:term":[{"taxonomy":"product_brand","embeddable":true,"href":"https:\/\/bigbuy.tupique.com\/pt\/wp-json\/wp\/v2\/product_brand?post=26652"},{"taxonomy":"product_cat","embeddable":true,"href":"https:\/\/bigbuy.tupique.com\/pt\/wp-json\/wp\/v2\/product_cat?post=26652"},{"taxonomy":"product_tag","embeddable":true,"href":"https:\/\/bigbuy.tupique.com\/pt\/wp-json\/wp\/v2\/product_tag?post=26652"}],"curies":[{"name":"wp","href":"https:\/\/api.w.org\/{rel}","templated":true}]}}