{"id":26394,"date":"2026-03-29T22:20:22","date_gmt":"2026-03-29T21:20:22","guid":{"rendered":"https:\/\/bigbuy.tupique.com\/produto\/server-hpe-p80510-425\/"},"modified":"2026-04-15T04:07:54","modified_gmt":"2026-04-15T03:07:54","slug":"server-hpe-p80510-425","status":"publish","type":"product","link":"https:\/\/bigbuy.tupique.com\/pt\/produto\/server-hpe-p80510-425\/","title":{"rendered":"Serveur HPE P80510-425"},"content":{"rendered":"<p>Si vous \u00eates \u00e0 la recherche de nouvelles tendances sur le march\u00e9, nous vous pr\u00e9sentons <b>Serveur HPE P80510-425<\/b> !<\/p>\n<p>Le <b>HPE ProLiant DL320 Gen11<\/b> est un <b>serveur<\/b> haute performance con\u00e7u pour les environnements de calcul en p\u00e9riph\u00e9rie et les charges de travail exigeantes telles que l\u2019intelligence artificielle ou les solutions de stockage distribu\u00e9es. Ce mod\u00e8le compact <b>1U \u00e0 processeur unique<\/b> prend en charge les processeurs Intel Xeon Silver de 4e et 5e g\u00e9n\u00e9ration en technologie avanc\u00e9e 5 nm, int\u00e9grant jusqu\u2019\u00e0 <b>60 c\u0153urs \u00e0 2,4 GHz<\/b> avec une consommation allant jusqu\u2019\u00e0 270 W, offrant une puissance de calcul remarquable. Sa configuration standard comprend <b>64 Go de m\u00e9moire DDR5-SDRAM<\/b> r\u00e9partis en deux modules de 32 Go, extensible jusqu\u2019\u00e0 <b>2 To<\/b> via 16 DIMM \u00e0 des vitesses allant jusqu\u2019\u00e0 <b>5600 MT\/s<\/b>, assurant une bande passante \u00e9lev\u00e9e et une efficacit\u00e9 \u00e9nerg\u00e9tique. Il dispose d\u2019un stockage interne de <b>960 Go<\/b> via deux SSD SATA de 480 Go chacun, id\u00e9al pour la gestion rapide des donn\u00e9es et des applications critiques. Le syst\u00e8me offre une connectivit\u00e9 <b>Ethernet LAN<\/b> sur deux ports et int\u00e8gre une alimentation redondante <b>1000 W<\/b> de type EU garantissant stabilit\u00e9 et disponibilit\u00e9 continue. Son design modulaire supporte jusqu\u2019\u00e0 quatre GPU simple largeur ou deux double largeur, facilitant des configurations adapt\u00e9es aux charges n\u00e9cessitant une acc\u00e9l\u00e9ration graphique. Son mat\u00e9riel est compl\u00e9t\u00e9 par un syst\u00e8me de gestion int\u00e9gr\u00e9 HPE iLO 6, permettant une supervision et une administration \u00e0 distance s\u00e9curis\u00e9es, assurant une exploitation optimale et une maintenance simplifi\u00e9e. De plus, le serveur prend en charge le d\u00e9marrage RAID 1 avec NVMe M.2 interne ou hot-plug, maximisant la disponibilit\u00e9 et la performance du stockage. Son ch\u00e2ssis au format rack 1U facilite l\u2019int\u00e9gration dans les centres de donn\u00e9es \u00e0 espace limit\u00e9 et n\u00e9cessite une infrastructure \u00e9lectrique robuste en raison de sa haute capacit\u00e9 de traitement et d\u2019extension. Le HPE ProLiant DL320 Gen11 est une solution efficace et polyvalente, particuli\u00e8rement adapt\u00e9e aux entreprises recherchant un serveur compact mais puissant, capable de r\u00e9pondre aux charges virtualis\u00e9es, conteneuris\u00e9es et aux applications d\u2019intelligence artificielle en p\u00e9riph\u00e9rie.<\/p>\n<ul>\n<li>Type: Serveur<\/li>\n<li>Produit \u00e0 brancher: Oui<\/li>\n<li>Type de prise: Prise EU<\/li>\n<li>Bloc d\u2019Alimentation:\n<ul>\n<li>r\u00e9seau \u00e9lectrique<\/li>\n<li>1000 W<\/li>\n<\/ul>\n<\/li>\n<li>Connexions:\n<ul>\n<li>Ethernet LAN<\/li>\n<li>2<\/li>\n<li>VGA D-sub<\/li>\n<\/ul>\n<\/li>\n<li>Chipset: Intel C741<\/li>\n<\/ul>","protected":false},"excerpt":{"rendered":"<p>Si vous \u00eates \u00e0 la recherche de nouvelles tendances sur le march\u00e9, nous vous pr\u00e9sentons Serveur HPE P80510-425 ! Le HPE ProLiant DL320 Gen11 est un serveur haute performance con\u00e7u pour les environnements de calcul en p\u00e9riph\u00e9rie et les charges de travail exigeantes telles que l\u2019intelligence artificielle ou les solutions de stockage distribu\u00e9es. Ce mod\u00e8le [&hellip;]<\/p>\n","protected":false},"featured_media":26390,"comment_status":"open","ping_status":"closed","template":"","meta":[],"product_brand":[644],"product_cat":[65,958,959],"product_tag":[106],"class_list":{"0":"post-26394","1":"product","2":"type-product","3":"status-publish","4":"has-post-thumbnail","6":"product_brand-brandp_662","7":"product_cat-informatique-electronique","8":"product_cat-informatique-ordinateurs","9":"product_cat-serveurs","10":"product_tag-tag_1295","12":"first","13":"instock","14":"taxable","15":"shipping-taxable","16":"purchasable","17":"product-type-simple"},"_links":{"self":[{"href":"https:\/\/bigbuy.tupique.com\/pt\/wp-json\/wp\/v2\/product\/26394","targetHints":{"allow":["GET"]}}],"collection":[{"href":"https:\/\/bigbuy.tupique.com\/pt\/wp-json\/wp\/v2\/product"}],"about":[{"href":"https:\/\/bigbuy.tupique.com\/pt\/wp-json\/wp\/v2\/types\/product"}],"replies":[{"embeddable":true,"href":"https:\/\/bigbuy.tupique.com\/pt\/wp-json\/wp\/v2\/comments?post=26394"}],"wp:featuredmedia":[{"embeddable":true,"href":"https:\/\/bigbuy.tupique.com\/pt\/wp-json\/wp\/v2\/media\/26390"}],"wp:attachment":[{"href":"https:\/\/bigbuy.tupique.com\/pt\/wp-json\/wp\/v2\/media?parent=26394"}],"wp:term":[{"taxonomy":"product_brand","embeddable":true,"href":"https:\/\/bigbuy.tupique.com\/pt\/wp-json\/wp\/v2\/product_brand?post=26394"},{"taxonomy":"product_cat","embeddable":true,"href":"https:\/\/bigbuy.tupique.com\/pt\/wp-json\/wp\/v2\/product_cat?post=26394"},{"taxonomy":"product_tag","embeddable":true,"href":"https:\/\/bigbuy.tupique.com\/pt\/wp-json\/wp\/v2\/product_tag?post=26394"}],"curies":[{"name":"wp","href":"https:\/\/api.w.org\/{rel}","templated":true}]}}