{"id":26389,"date":"2026-03-29T22:20:14","date_gmt":"2026-03-29T21:20:14","guid":{"rendered":"https:\/\/bigbuy.tupique.com\/produto\/access-point-keenetic-kn-2810-41en-white\/"},"modified":"2026-04-15T04:07:54","modified_gmt":"2026-04-15T03:07:54","slug":"access-point-keenetic-kn-2810-41en-white","status":"publish","type":"product","link":"https:\/\/bigbuy.tupique.com\/pt\/produto\/access-point-keenetic-kn-2810-41en-white\/","title":{"rendered":"Point d&#8217;Acc\u00e8s Keenetic KN-2810-41EN Blanc"},"content":{"rendered":"<p>Si vous \u00eates passionn\u00e9 d&#8217;<b>informatique et d&#8217;\u00e9lectronique<\/b>, si vous \u00eates \u00e0 la pointe de la technologie et qu&#8217;aucun d\u00e9tail ne vous \u00e9chappe, achetez <b>Point d&#8217;Acc\u00e8s Keenetic KN-2810-41EN Blanc<\/b> au meilleur prix.<\/p>\n<ul>\n<li>Type: Point d&#8217;Acc\u00e8s<\/li>\n<li>Produit \u00e0 brancher: Oui<\/li>\n<li>Type de prise: Prise EU<\/li>\n<li>Bloc d\u2019Alimentation:\n<ul>\n<li>r\u00e9seau \u00e9lectrique<\/li>\n<li>CC<\/li>\n<\/ul>\n<\/li>\n<li>Couleur: Blanc<\/li>\n<li>Connexions:\n<ul>\n<li>Ethernet LAN<\/li>\n<li>PoE x 1<\/li>\n<li>2<\/li>\n<li>USB 2.0<\/li>\n<li>RJ45<\/li>\n<\/ul>\n<\/li>\n<li>Connectivit\u00e9:\n<ul>\n<li>Wi-Fi<\/li>\n<li>LAN 10\/100\/1000Mbps<\/li>\n<\/ul>\n<\/li>\n<li>vitesse:\n<ul>\n<li>1300 Mbps<\/li>\n<li>867 Mbps<\/li>\n<\/ul>\n<\/li>\n<li>Tension:\n<ul>\n<li>100-240 V<\/li>\n<li>12 V<\/li>\n<li>100 &#8211; 240 V<\/li>\n<\/ul>\n<\/li>\n<li>Fr\u00e9quence:\n<ul>\n<li>2.4 GHz-5 GHz<\/li>\n<li>50-60 Hz<\/li>\n<li>5 GHz<\/li>\n<li>2,4 GHz<\/li>\n<\/ul>\n<\/li>\n<li>Inclut:\n<ul>\n<li>C\u00e2ble Ethernet LAN<\/li>\n<li>Kit de Montage<\/li>\n<li>C\u00e2ble RJ45<\/li>\n<\/ul>\n<\/li>\n<li>M\u00e9moire Flash: 128 MB<\/li>\n<li>Caract\u00e9ristiques:\n<ul>\n<li>Firmware \u00e9volutif<\/li>\n<li>Guide d&#8217;installation inclus<\/li>\n<\/ul>\n<\/li>\n<li>M\u00e9moire interne: 128 MB<\/li>\n<li>Nombre de pi\u00e8ces: 4 Pi\u00e8ces<\/li>\n<li>Compatible: iOS, Android<\/li>\n<li>Amp\u00e9rage: 1 A<\/li>\n<li>Fr\u00e9quence d&#8217;entr\u00e9e AC: 50-60 Hz<\/li>\n<li>Non Inclus: Adaptateur AC<\/li>\n<li>S\u00e9curit\u00e9: IGMP<\/li>\n<\/ul>","protected":false},"excerpt":{"rendered":"<p>Si vous \u00eates passionn\u00e9 d&#8217;informatique et d&#8217;\u00e9lectronique, si vous \u00eates \u00e0 la pointe de la technologie et qu&#8217;aucun d\u00e9tail ne vous \u00e9chappe, achetez Point d&#8217;Acc\u00e8s Keenetic KN-2810-41EN Blanc au meilleur prix. Type: Point d&#8217;Acc\u00e8s Produit \u00e0 brancher: Oui Type de prise: Prise EU Bloc d\u2019Alimentation: r\u00e9seau \u00e9lectrique CC Couleur: Blanc Connexions: Ethernet LAN PoE x [&hellip;]<\/p>\n","protected":false},"featured_media":26376,"comment_status":"open","ping_status":"closed","template":"","meta":[],"product_brand":[1232],"product_cat":[65,584,591],"product_tag":[106],"class_list":{"0":"post-26389","1":"product","2":"type-product","3":"status-publish","4":"has-post-thumbnail","6":"product_brand-brandp_10133","7":"product_cat-informatique-electronique","8":"product_cat-informatique-reseaux-et-composants","9":"product_cat-points-d-acces","10":"product_tag-tag_1295","12":"first","13":"instock","14":"taxable","15":"shipping-taxable","16":"purchasable","17":"product-type-simple"},"_links":{"self":[{"href":"https:\/\/bigbuy.tupique.com\/pt\/wp-json\/wp\/v2\/product\/26389","targetHints":{"allow":["GET"]}}],"collection":[{"href":"https:\/\/bigbuy.tupique.com\/pt\/wp-json\/wp\/v2\/product"}],"about":[{"href":"https:\/\/bigbuy.tupique.com\/pt\/wp-json\/wp\/v2\/types\/product"}],"replies":[{"embeddable":true,"href":"https:\/\/bigbuy.tupique.com\/pt\/wp-json\/wp\/v2\/comments?post=26389"}],"wp:featuredmedia":[{"embeddable":true,"href":"https:\/\/bigbuy.tupique.com\/pt\/wp-json\/wp\/v2\/media\/26376"}],"wp:attachment":[{"href":"https:\/\/bigbuy.tupique.com\/pt\/wp-json\/wp\/v2\/media?parent=26389"}],"wp:term":[{"taxonomy":"product_brand","embeddable":true,"href":"https:\/\/bigbuy.tupique.com\/pt\/wp-json\/wp\/v2\/product_brand?post=26389"},{"taxonomy":"product_cat","embeddable":true,"href":"https:\/\/bigbuy.tupique.com\/pt\/wp-json\/wp\/v2\/product_cat?post=26389"},{"taxonomy":"product_tag","embeddable":true,"href":"https:\/\/bigbuy.tupique.com\/pt\/wp-json\/wp\/v2\/product_tag?post=26389"}],"curies":[{"name":"wp","href":"https:\/\/api.w.org\/{rel}","templated":true}]}}