{"id":26132,"date":"2026-03-29T22:04:41","date_gmt":"2026-03-29T21:04:41","guid":{"rendered":"https:\/\/bigbuy.tupique.com\/produto\/videowall-monitor-sharp-60005926-4k-ultra-hd-86\/"},"modified":"2026-04-15T04:07:33","modified_gmt":"2026-04-15T03:07:33","slug":"videowall-monitor-sharp-60005926-4k-ultra-hd-86","status":"publish","type":"product","link":"https:\/\/bigbuy.tupique.com\/pt\/produto\/videowall-monitor-sharp-60005926-4k-ultra-hd-86\/","title":{"rendered":"Moniteur Videowall Sharp 60005926 4K Ultra HD 86&#8243;"},"content":{"rendered":"<p>Si vous \u00eates passionn\u00e9 d&#8217;<b>informatique et d&#8217;\u00e9lectronique<\/b>, si vous \u00eates \u00e0 la pointe de la technologie et qu&#8217;aucun d\u00e9tail ne vous \u00e9chappe, achetez <b>Moniteur Videowall Sharp 60005926 4K Ultra HD 86&#8243;<\/b> au meilleur prix.<\/p>\n<ul>\n<li>Type: Moniteur Videowall<\/li>\n<li>Type de prise: Prise EU<\/li>\n<li>Ports: 3<\/li>\n<li>Couleur: Noir<\/li>\n<li>Temps de r\u00e9ponse: 8 ms<\/li>\n<li>Ecran tactile: Non<\/li>\n<li>Brille:\n<ul>\n<li>450 cd\/m\u00b2<\/li>\n<li>450 CD \/ M\u00b2<\/li>\n<\/ul>\n<\/li>\n<li>Tension:\n<ul>\n<li>100-240 V<\/li>\n<li>100 &#8211; 240 V<\/li>\n<\/ul>\n<\/li>\n<li>Ecran: 86&#8243;<\/li>\n<li>M\u00e9moire interne:\n<ul>\n<li>4 GB<\/li>\n<li>32 GB<\/li>\n<\/ul>\n<\/li>\n<li>R\u00e9solution: 4K Ultra HD<\/li>\n<li>Rapport d&#8217;aspect: 16:9<\/li>\n<li>Connexions:\n<ul>\n<li>HDMI<\/li>\n<li>USB<\/li>\n<li>USB 2.0<\/li>\n<li>Ethernet LAN<\/li>\n<li>PC Audio-in x 1<\/li>\n<li>HDMI 1.4<\/li>\n<\/ul>\n<\/li>\n<li>R\u00e9solution (px): 3840 x 2160 px<\/li>\n<li>Technologie:\n<ul>\n<li>LED<\/li>\n<li>IPS<\/li>\n<li>D-LED<\/li>\n<\/ul>\n<\/li>\n<li>Fr\u00e9quence:\n<ul>\n<li>50-60 Hz<\/li>\n<li>50 &#8211; 60 Hz<\/li>\n<\/ul>\n<\/li>\n<li>Caract\u00e9ristiques:\n<ul>\n<li>Haut-parleurs int\u00e9gr\u00e9s<\/li>\n<li>HDR<\/li>\n<li>Universel<\/li>\n<li>Montage mural<\/li>\n<\/ul>\n<\/li>\n<li>Bloc d\u2019Alimentation: Cordon d&#8217;alimentation CA<\/li>\n<li>Puissance RMS: 20W<\/li>\n<li>Rapport de contraste: 1200:1<\/li>\n<li>Interface: Ethernet<\/li>\n<li>Inclut: T\u00e9l\u00e9commande<\/li>\n<li>Non Inclus: Wi-Fi<\/li>\n<li>Angle: 178\u00ba<\/li>\n<li>Pr\u00e9cision (humidit\u00e9 relative): 20 % &#8211; 80 %<\/li>\n<li>Montage: VESA<\/li>\n<li>Diagonale de l&#8217;\u00e9cran (cm): 215,9 cm<\/li>\n<\/ul>","protected":false},"excerpt":{"rendered":"<p>Si vous \u00eates passionn\u00e9 d&#8217;informatique et d&#8217;\u00e9lectronique, si vous \u00eates \u00e0 la pointe de la technologie et qu&#8217;aucun d\u00e9tail ne vous \u00e9chappe, achetez Moniteur Videowall Sharp 60005926 4K Ultra HD 86&#8243; au meilleur prix. Type: Moniteur Videowall Type de prise: Prise EU Ports: 3 Couleur: Noir Temps de r\u00e9ponse: 8 ms Ecran tactile: Non Brille: [&hellip;]<\/p>\n","protected":false},"featured_media":26122,"comment_status":"open","ping_status":"closed","template":"","meta":[],"product_brand":[1088],"product_cat":[65,581,616],"product_tag":[213,106],"class_list":{"0":"post-26132","1":"product","2":"type-product","3":"status-publish","4":"has-post-thumbnail","6":"product_brand-brandp_3340","7":"product_cat-informatique-electronique","8":"product_cat-informatique-peripheriques-et-consommables","9":"product_cat-moniteurs","10":"product_tag-tag_933","11":"product_tag-tag_1295","13":"first","14":"instock","15":"taxable","16":"shipping-taxable","17":"purchasable","18":"product-type-simple"},"_links":{"self":[{"href":"https:\/\/bigbuy.tupique.com\/pt\/wp-json\/wp\/v2\/product\/26132","targetHints":{"allow":["GET"]}}],"collection":[{"href":"https:\/\/bigbuy.tupique.com\/pt\/wp-json\/wp\/v2\/product"}],"about":[{"href":"https:\/\/bigbuy.tupique.com\/pt\/wp-json\/wp\/v2\/types\/product"}],"replies":[{"embeddable":true,"href":"https:\/\/bigbuy.tupique.com\/pt\/wp-json\/wp\/v2\/comments?post=26132"}],"wp:featuredmedia":[{"embeddable":true,"href":"https:\/\/bigbuy.tupique.com\/pt\/wp-json\/wp\/v2\/media\/26122"}],"wp:attachment":[{"href":"https:\/\/bigbuy.tupique.com\/pt\/wp-json\/wp\/v2\/media?parent=26132"}],"wp:term":[{"taxonomy":"product_brand","embeddable":true,"href":"https:\/\/bigbuy.tupique.com\/pt\/wp-json\/wp\/v2\/product_brand?post=26132"},{"taxonomy":"product_cat","embeddable":true,"href":"https:\/\/bigbuy.tupique.com\/pt\/wp-json\/wp\/v2\/product_cat?post=26132"},{"taxonomy":"product_tag","embeddable":true,"href":"https:\/\/bigbuy.tupique.com\/pt\/wp-json\/wp\/v2\/product_tag?post=26132"}],"curies":[{"name":"wp","href":"https:\/\/api.w.org\/{rel}","templated":true}]}}