{"id":25987,"date":"2026-03-29T21:50:40","date_gmt":"2026-03-29T20:50:40","guid":{"rendered":"https:\/\/bigbuy.tupique.com\/produto\/screen-table-support-b-tech-bt8380-fsb-b-32-65\/"},"modified":"2026-04-15T04:07:23","modified_gmt":"2026-04-15T03:07:23","slug":"screen-table-support-b-tech-bt8380-fsb-b-32-65","status":"publish","type":"product","link":"https:\/\/bigbuy.tupique.com\/pt\/produto\/screen-table-support-b-tech-bt8380-fsb-b-32-65\/","title":{"rendered":"Support de table d&#8217;\u00e9cran B-Tech BT8380-FSB\/B 32&#8243; 65&#8243;"},"content":{"rendered":"<p>Si vous \u00eates passionn\u00e9 d&#8217;<b>informatique et d&#8217;\u00e9lectronique<\/b>, si vous \u00eates \u00e0 la pointe de la technologie et qu&#8217;aucun d\u00e9tail ne vous \u00e9chappe, achetez <b>Support de table d&#8217;\u00e9cran B-Tech BT8380-FSB\/B 32&#8243; 65&#8243;<\/b> au meilleur prix.<\/p>\n<ul>\n<li>Type: Support<\/li>\n<li>Couleur: Noir<\/li>\n<li>Ecran:\n<ul>\n<li>32&#8243;<\/li>\n<li>65&#8243;<\/li>\n<\/ul>\n<\/li>\n<li>Hauteur: 40 mm<\/li>\n<li>Poids Max. support\u00e9: 70 Kg<\/li>\n<li>Mati\u00e8re: Acier<\/li>\n<\/ul>","protected":false},"excerpt":{"rendered":"<p>Si vous \u00eates passionn\u00e9 d&#8217;informatique et d&#8217;\u00e9lectronique, si vous \u00eates \u00e0 la pointe de la technologie et qu&#8217;aucun d\u00e9tail ne vous \u00e9chappe, achetez Support de table d&#8217;\u00e9cran B-Tech BT8380-FSB\/B 32&#8243; 65&#8243; au meilleur prix. Type: Support Couleur: Noir Ecran: 32&#8243; 65&#8243; Hauteur: 40 mm Poids Max. support\u00e9: 70 Kg Mati\u00e8re: Acier<\/p>","protected":false},"featured_media":25983,"comment_status":"open","ping_status":"closed","template":"","meta":[],"product_brand":[1167],"product_cat":[65,581,586],"product_tag":[106],"class_list":{"0":"post-25987","1":"product","2":"type-product","3":"status-publish","4":"has-post-thumbnail","6":"product_brand-brandp_9681","7":"product_cat-informatique-electronique","8":"product_cat-informatique-peripheriques-et-consommables","9":"product_cat-supports-pour-ecrans","10":"product_tag-tag_1295","12":"first","13":"instock","14":"taxable","15":"shipping-taxable","16":"purchasable","17":"product-type-simple"},"_links":{"self":[{"href":"https:\/\/bigbuy.tupique.com\/pt\/wp-json\/wp\/v2\/product\/25987","targetHints":{"allow":["GET"]}}],"collection":[{"href":"https:\/\/bigbuy.tupique.com\/pt\/wp-json\/wp\/v2\/product"}],"about":[{"href":"https:\/\/bigbuy.tupique.com\/pt\/wp-json\/wp\/v2\/types\/product"}],"replies":[{"embeddable":true,"href":"https:\/\/bigbuy.tupique.com\/pt\/wp-json\/wp\/v2\/comments?post=25987"}],"wp:featuredmedia":[{"embeddable":true,"href":"https:\/\/bigbuy.tupique.com\/pt\/wp-json\/wp\/v2\/media\/25983"}],"wp:attachment":[{"href":"https:\/\/bigbuy.tupique.com\/pt\/wp-json\/wp\/v2\/media?parent=25987"}],"wp:term":[{"taxonomy":"product_brand","embeddable":true,"href":"https:\/\/bigbuy.tupique.com\/pt\/wp-json\/wp\/v2\/product_brand?post=25987"},{"taxonomy":"product_cat","embeddable":true,"href":"https:\/\/bigbuy.tupique.com\/pt\/wp-json\/wp\/v2\/product_cat?post=25987"},{"taxonomy":"product_tag","embeddable":true,"href":"https:\/\/bigbuy.tupique.com\/pt\/wp-json\/wp\/v2\/product_tag?post=25987"}],"curies":[{"name":"wp","href":"https:\/\/api.w.org\/{rel}","templated":true}]}}