{"id":25969,"date":"2026-03-29T21:50:15","date_gmt":"2026-03-29T20:50:15","guid":{"rendered":"https:\/\/bigbuy.tupique.com\/produto\/laser-printer-brother-hl-l6410dn\/"},"modified":"2026-04-15T03:34:38","modified_gmt":"2026-04-15T02:34:38","slug":"laser-printer-brother-hl-l6410dn","status":"publish","type":"product","link":"https:\/\/bigbuy.tupique.com\/pt\/produto\/laser-printer-brother-hl-l6410dn\/","title":{"rendered":"Imprimante laser Brother HL-L6410DN"},"content":{"rendered":"<p>Si vous \u00eates passionn\u00e9 d&#8217;<b>informatique et d&#8217;\u00e9lectronique<\/b>, si vous \u00eates \u00e0 la pointe de la technologie et qu&#8217;aucun d\u00e9tail ne vous \u00e9chappe, achetez <b>Imprimante laser Brother HL-L6410DN<\/b> au meilleur prix.<\/p>\n<p>La <b>Brother HL-L6410DN<\/b> est une imprimante laser professionnelle con\u00e7ue pour les environnements de bureau n\u00e9cessitant haute productivit\u00e9 et connectivit\u00e9 avanc\u00e9e. Cette imprimante monochrome se distingue par sa <b>vitesse d\u2019impression allant jusqu\u2019\u00e0 50 pages par minute (ppm)<\/b>, permettant de g\u00e9rer de gros volumes efficacement. Son design en <b>blanc et noir<\/b> offre une finition sobre, adapt\u00e9e aux espaces professionnels modernes. Elle int\u00e8gre la fonction <b>recto verso automatique<\/b>, facilitant l\u2019impression double face pour optimiser la consommation de papier et r\u00e9duire les co\u00fbts. C\u00f4t\u00e9 connectivit\u00e9, elle propose des options polyvalentes comme le <b>Wi-Fi et NFC<\/b>, simplifiant la connexion sans fil depuis divers appareils, y compris ordinateurs et mobiles compatibles, pour une impression directe rapide sans c\u00e2ble. Elle dispose \u00e9galement d\u2019un port <b>USB<\/b> pour imprimer directement depuis des cl\u00e9s USB. Son <b>\u00e9cran couleur int\u00e9gr\u00e9 de 3,5 pouces<\/b> facilite la configuration et le contr\u00f4le des t\u00e2ches d\u2019impression via une interface claire et accessible. La <b>fonction r\u00e9seau<\/b> int\u00e9gr\u00e9e en fait une solution id\u00e9ale pour un usage collaboratif, permettant \u00e0 plusieurs utilisateurs d\u2019y acc\u00e9der simultan\u00e9ment. La Brother HL-L6410DN offre un \u00e9quilibre entre vitesse, qualit\u00e9 et flexibilit\u00e9 technologique, con\u00e7ue pour optimiser les flux de travail dans les entreprises exigeant fiabilit\u00e9 et fonctions avanc\u00e9es en impression monochrome. En r\u00e9sum\u00e9, c\u2019est une option robuste et efficace pour les bureaux cherchant \u00e0 maximiser la productivit\u00e9 avec une imprimante laser performante et une connectivit\u00e9 conforme aux standards actuels.<\/p>\n<ul>\n<li>Produit \u00e0 brancher: Oui<\/li>\n<li>Type de prise: Prise EU<\/li>\n<li>Type: Imprimante laser<\/li>\n<li>Bloc d\u2019Alimentation: r\u00e9seau \u00e9lectrique<\/li>\n<li>Couleur:\n<ul>\n<li>Blanc<\/li>\n<li>Noir<\/li>\n<\/ul>\n<\/li>\n<li>Caract\u00e9ristiques:\n<ul>\n<li>\u00c9cran integr\u00e9<\/li>\n<li>\u00c9cran couleur<\/li>\n<li>Impression recto verso<\/li>\n<li>Commande tactile<\/li>\n<\/ul>\n<\/li>\n<li>Connexions:\n<ul>\n<li>Ethernet LAN<\/li>\n<li>USB<\/li>\n<\/ul>\n<\/li>\n<li>R\u00e9solution d&#8217;image maximale: 1200 x 1200 dpi<\/li>\n<li>Ecran: 3,5&#8221;<\/li>\n<li>Technologie: Laser<\/li>\n<li>Connectivit\u00e9:\n<ul>\n<li>Wi-Fi<\/li>\n<li>Ethernet LAN<\/li>\n<li>NFC<\/li>\n<\/ul>\n<\/li>\n<li>vitesse:\n<ul>\n<li>50 ppm<\/li>\n<li>10\/100\/1000 Mbps<\/li>\n<\/ul>\n<\/li>\n<li>Impression couleur: Non<\/li>\n<li>M\u00e9moire RAM: 1 GB RAM<\/li>\n<li>Capacit\u00e9: 250 Volets<\/li>\n<li>Papier: A4<\/li>\n<li>Impression recto verso: Automatique<\/li>\n<li>Fr\u00e9quence d&#8217;entr\u00e9e AC: 50-60 Hz<\/li>\n<li>Plateau: 1<\/li>\n<li>Tension: 220-240 V<\/li>\n<li>Utilisation recommand\u00e9e: Entreprise et commerce<\/li>\n<li>M\u00e9t\u00e9o: 6 s<\/li>\n<li>Disque dur: 1 GB<\/li>\n<\/ul>","protected":false},"excerpt":{"rendered":"<p>Si vous \u00eates passionn\u00e9 d&#8217;informatique et d&#8217;\u00e9lectronique, si vous \u00eates \u00e0 la pointe de la technologie et qu&#8217;aucun d\u00e9tail ne vous \u00e9chappe, achetez Imprimante laser Brother HL-L6410DN au meilleur prix. La Brother HL-L6410DN est une imprimante laser professionnelle con\u00e7ue pour les environnements de bureau n\u00e9cessitant haute productivit\u00e9 et connectivit\u00e9 avanc\u00e9e. Cette imprimante monochrome se distingue [&hellip;]<\/p>\n","protected":false},"featured_media":25967,"comment_status":"open","ping_status":"closed","template":"","meta":[],"product_brand":[669],"product_cat":[592,65,581],"product_tag":[213,106],"class_list":{"0":"post-25969","1":"product","2":"type-product","3":"status-publish","4":"has-post-thumbnail","6":"product_brand-brandp_538","7":"product_cat-imprimantes","8":"product_cat-informatique-electronique","9":"product_cat-informatique-peripheriques-et-consommables","10":"product_tag-tag_933","11":"product_tag-tag_1295","13":"first","14":"instock","15":"taxable","16":"shipping-taxable","17":"purchasable","18":"product-type-simple"},"_links":{"self":[{"href":"https:\/\/bigbuy.tupique.com\/pt\/wp-json\/wp\/v2\/product\/25969","targetHints":{"allow":["GET"]}}],"collection":[{"href":"https:\/\/bigbuy.tupique.com\/pt\/wp-json\/wp\/v2\/product"}],"about":[{"href":"https:\/\/bigbuy.tupique.com\/pt\/wp-json\/wp\/v2\/types\/product"}],"replies":[{"embeddable":true,"href":"https:\/\/bigbuy.tupique.com\/pt\/wp-json\/wp\/v2\/comments?post=25969"}],"wp:featuredmedia":[{"embeddable":true,"href":"https:\/\/bigbuy.tupique.com\/pt\/wp-json\/wp\/v2\/media\/25967"}],"wp:attachment":[{"href":"https:\/\/bigbuy.tupique.com\/pt\/wp-json\/wp\/v2\/media?parent=25969"}],"wp:term":[{"taxonomy":"product_brand","embeddable":true,"href":"https:\/\/bigbuy.tupique.com\/pt\/wp-json\/wp\/v2\/product_brand?post=25969"},{"taxonomy":"product_cat","embeddable":true,"href":"https:\/\/bigbuy.tupique.com\/pt\/wp-json\/wp\/v2\/product_cat?post=25969"},{"taxonomy":"product_tag","embeddable":true,"href":"https:\/\/bigbuy.tupique.com\/pt\/wp-json\/wp\/v2\/product_tag?post=25969"}],"curies":[{"name":"wp","href":"https:\/\/api.w.org\/{rel}","templated":true}]}}