{"id":25962,"date":"2026-03-29T21:50:04","date_gmt":"2026-03-29T20:50:04","guid":{"rendered":"https:\/\/bigbuy.tupique.com\/produto\/multifunction-printer-brother-mfcl2960dwre1\/"},"modified":"2026-04-15T03:34:38","modified_gmt":"2026-04-15T02:34:38","slug":"multifunction-printer-brother-mfcl2960dwre1","status":"publish","type":"product","link":"https:\/\/bigbuy.tupique.com\/pt\/produto\/multifunction-printer-brother-mfcl2960dwre1\/","title":{"rendered":"Imprimante Multifonction Brother MFCL2960DWRE1"},"content":{"rendered":"<p>Si vous \u00eates passionn\u00e9 d&#8217;<b>informatique et d&#8217;\u00e9lectronique<\/b>, si vous \u00eates \u00e0 la pointe de la technologie et qu&#8217;aucun d\u00e9tail ne vous \u00e9chappe, achetez <b>Imprimante Multifonction Brother MFCL2960DWRE1<\/b> au meilleur prix.<\/p>\n<p>La <b>imprimante multifonction<\/b> <b>Brother MFCL2960DW<\/b> est une solution compl\u00e8te pour les environnements de bureau n\u00e9cessitant efficacit\u00e9 et polyvalence dans la gestion documentaire. Cette imprimante utilise la <b>technologie laser monochrome<\/b>, garantissant une impression rapide et de haute qualit\u00e9 en noir et blanc, avec une vitesse notable allant jusqu\u2019\u00e0 <b>34 pages par minute (ppm)<\/b>, optimisant ainsi les temps pour les t\u00e2ches \u00e0 gros volume. Elle int\u00e8gre des fonctions avanc\u00e9es telles que l\u2019<b>impression recto verso automatique<\/b>, aussi bien pour l\u2019impression que pour la num\u00e9risation et la copie, favorisant une utilisation plus efficace du papier et r\u00e9duisant les co\u00fbts op\u00e9rationnels. Son chargeur automatique de documents (ADF) a une capacit\u00e9 de <b>50 feuilles<\/b>, facilitant la num\u00e9risation et la copie rapide de plusieurs pages sans intervention manuelle constante. Pour am\u00e9liorer l\u2019exp\u00e9rience utilisateur, elle dispose d\u2019un <b>\u00e9cran LCD couleur<\/b> facile \u00e0 lire et \u00e0 utiliser, permettant de g\u00e9rer les t\u00e2ches et r\u00e9glages directement depuis l\u2019appareil avec plus de confort et de pr\u00e9cision. La connectivit\u00e9 est \u00e9galement un de ses points forts, avec un r\u00e9seau filaire et un <b>WiFi int\u00e9gr\u00e9<\/b>, permettant l\u2019impression depuis diff\u00e9rents appareils et plateformes sans c\u00e2bles suppl\u00e9mentaires, id\u00e9ale pour les PME ou groupes de travail qui requi\u00e8rent flexibilit\u00e9 et mobilit\u00e9. Tout cela, associ\u00e9 \u00e0 la robustesse et la qualit\u00e9 habituelles de Brother, fait du <b>MFCL2960DW<\/b> une option \u00e9quilibr\u00e9e combinant rapidit\u00e9, fonctionnalit\u00e9s et \u00e9conomie, destin\u00e9e \u00e0 la gestion professionnelle des documents dans les bureaux cherchant \u00e0 optimiser leurs ressources sans renoncer \u00e0 la qualit\u00e9 et \u00e0 la fiabilit\u00e9.<\/p>\n<ul>\n<li>Type:\n<ul>\n<li>Multifonction<\/li>\n<li>Imprimante Multifonction<\/li>\n<li>Tout en un<\/li>\n<\/ul>\n<\/li>\n<li>Caract\u00e9ristiques:\n<ul>\n<li>M\u00e9moire<\/li>\n<li>Panneau de contr\u00f4le<\/li>\n<li>Fax<\/li>\n<li>\u00c9cran integr\u00e9<\/li>\n<li>\u00c9cran couleur<\/li>\n<li>\u00c9cran LCD<\/li>\n<li>Impression recto verso<\/li>\n<li>Commande tactile<\/li>\n<\/ul>\n<\/li>\n<li>Inclut: Fax<\/li>\n<li>Produit \u00e0 brancher: Oui<\/li>\n<li>Carte R\u00e9seau: Oui<\/li>\n<li>vitesse:\n<ul>\n<li>34 ppm<\/li>\n<li>10\/100 Mbps<\/li>\n<\/ul>\n<\/li>\n<li>Technologie:\n<ul>\n<li>Laser<\/li>\n<li>LCD<\/li>\n<\/ul>\n<\/li>\n<li>Connectivit\u00e9:\n<ul>\n<li>Wi-Fi<\/li>\n<li>Ethernet LAN<\/li>\n<li>Wi-Fi 4 (802.11n)<\/li>\n<\/ul>\n<\/li>\n<li>Taille: A4<\/li>\n<li>Couleur:\n<ul>\n<li>Blanc<\/li>\n<li>Noir<\/li>\n<\/ul>\n<\/li>\n<li>Type de prise: Prise EU<\/li>\n<li>Bloc d\u2019Alimentation: r\u00e9seau \u00e9lectrique<\/li>\n<li>Connexions:\n<ul>\n<li>USB 2.0<\/li>\n<li>Ethernet LAN<\/li>\n<li>USB<\/li>\n<\/ul>\n<\/li>\n<li>M\u00e9moire interne: 256 MB<\/li>\n<li>R\u00e9solution d&#8217;image maximale:\n<ul>\n<li>1200 x 1200 dpi<\/li>\n<li>600 x 600 dpi<\/li>\n<\/ul>\n<\/li>\n<li>Ecran:\n<ul>\n<li>3,5&#8221;<\/li>\n<li>3,5&#8243;<\/li>\n<\/ul>\n<\/li>\n<li>Capacit\u00e9:\n<ul>\n<li>250 Volets<\/li>\n<li>120 Volets<\/li>\n<\/ul>\n<\/li>\n<li>Tension: 240 V<\/li>\n<li>Impression couleur: Non<\/li>\n<li>Scanner: 1200 x 1200 dpi<\/li>\n<li>Papier: A4<\/li>\n<li>Plateau: 1<\/li>\n<li>Fonctions: Imprimer<\/li>\n<li>Utilisation recommand\u00e9e: Entreprise et commerce<\/li>\n<li>Poids approx.: 12,4 Kg<\/li>\n<\/ul>","protected":false},"excerpt":{"rendered":"<p>Si vous \u00eates passionn\u00e9 d&#8217;informatique et d&#8217;\u00e9lectronique, si vous \u00eates \u00e0 la pointe de la technologie et qu&#8217;aucun d\u00e9tail ne vous \u00e9chappe, achetez Imprimante Multifonction Brother MFCL2960DWRE1 au meilleur prix. La imprimante multifonction Brother MFCL2960DW est une solution compl\u00e8te pour les environnements de bureau n\u00e9cessitant efficacit\u00e9 et polyvalence dans la gestion documentaire. Cette imprimante utilise [&hellip;]<\/p>\n","protected":false},"featured_media":25958,"comment_status":"open","ping_status":"closed","template":"","meta":[],"product_brand":[669],"product_cat":[592,65,581],"product_tag":[213,106],"class_list":{"0":"post-25962","1":"product","2":"type-product","3":"status-publish","4":"has-post-thumbnail","6":"product_brand-brandp_538","7":"product_cat-imprimantes","8":"product_cat-informatique-electronique","9":"product_cat-informatique-peripheriques-et-consommables","10":"product_tag-tag_933","11":"product_tag-tag_1295","13":"first","14":"instock","15":"taxable","16":"shipping-taxable","17":"purchasable","18":"product-type-simple"},"_links":{"self":[{"href":"https:\/\/bigbuy.tupique.com\/pt\/wp-json\/wp\/v2\/product\/25962","targetHints":{"allow":["GET"]}}],"collection":[{"href":"https:\/\/bigbuy.tupique.com\/pt\/wp-json\/wp\/v2\/product"}],"about":[{"href":"https:\/\/bigbuy.tupique.com\/pt\/wp-json\/wp\/v2\/types\/product"}],"replies":[{"embeddable":true,"href":"https:\/\/bigbuy.tupique.com\/pt\/wp-json\/wp\/v2\/comments?post=25962"}],"wp:featuredmedia":[{"embeddable":true,"href":"https:\/\/bigbuy.tupique.com\/pt\/wp-json\/wp\/v2\/media\/25958"}],"wp:attachment":[{"href":"https:\/\/bigbuy.tupique.com\/pt\/wp-json\/wp\/v2\/media?parent=25962"}],"wp:term":[{"taxonomy":"product_brand","embeddable":true,"href":"https:\/\/bigbuy.tupique.com\/pt\/wp-json\/wp\/v2\/product_brand?post=25962"},{"taxonomy":"product_cat","embeddable":true,"href":"https:\/\/bigbuy.tupique.com\/pt\/wp-json\/wp\/v2\/product_cat?post=25962"},{"taxonomy":"product_tag","embeddable":true,"href":"https:\/\/bigbuy.tupique.com\/pt\/wp-json\/wp\/v2\/product_tag?post=25962"}],"curies":[{"name":"wp","href":"https:\/\/api.w.org\/{rel}","templated":true}]}}