{"id":25919,"date":"2026-03-29T21:49:03","date_gmt":"2026-03-29T20:49:03","guid":{"rendered":"https:\/\/bigbuy.tupique.com\/produto\/access-point-hpe-s1t28a-white\/"},"modified":"2026-04-15T03:34:29","modified_gmt":"2026-04-15T02:34:29","slug":"access-point-hpe-s1t28a-white","status":"publish","type":"product","link":"https:\/\/bigbuy.tupique.com\/pt\/produto\/access-point-hpe-s1t28a-white\/","title":{"rendered":"Point d&#8217;Acc\u00e8s HPE S1T28A Blanc"},"content":{"rendered":"<p>Si vous \u00eates passionn\u00e9 d&#8217;<b>informatique et d&#8217;\u00e9lectronique<\/b>, si vous \u00eates \u00e0 la pointe de la technologie et qu&#8217;aucun d\u00e9tail ne vous \u00e9chappe, achetez <b>Point d&#8217;Acc\u00e8s HPE S1T28A Blanc<\/b> au meilleur prix.<\/p>\n<p>Le <b>point d\u2019acc\u00e8s<\/b> <b>HPE AP32 (RW)<\/b> est un appareil con\u00e7u pour offrir une connectivit\u00e9 sans fil optimale dans les environnements professionnels et domestiques, alliant polyvalence et technologie avanc\u00e9e. Son design de couleur <b>blanche<\/b> permet une installation discr\u00e8te au plafond ou au mur, s\u2019adaptant \u00e0 diff\u00e9rents espaces. Cet \u00e9quipement prend en charge simultan\u00e9ment les bandes de fr\u00e9quence <b>2,4 GHz<\/b>, <b>5 GHz<\/b> et <b>6 GHz<\/b>, garantissant une gestion efficace du spectre Wi-Fi et une capacit\u00e9 accrue gr\u00e2ce \u00e0 la technologie Wi-Fi 6, avec des d\u00e9bits maximums allant jusqu\u2019\u00e0 <b>574 Mbps en 2,4 GHz<\/b> et <b>2,5 Gbps sur son port Ethernet LAN (RJ-45)<\/b> haute vitesse. Il int\u00e8gre des fonctions avanc\u00e9es telles que le <b>Multi User MIMO<\/b>, permettant la communication simultan\u00e9e avec plusieurs appareils pour optimiser les performances r\u00e9seau. L\u2019AP32 dispose d\u2019une alimentation efficace via <b>PoE (Power over Ethernet)<\/b> conforme \u00e0 la norme <b>IEEE 802.3at<\/b>, simplifiant l\u2019installation en n\u00e9cessitant un seul c\u00e2ble pour les donn\u00e9es et l\u2019alimentation, avec une consommation mod\u00e9r\u00e9e de <b>12,9W<\/b>. Ses antennes internes omnidirectionnelles, avec un gain maximal de <b>4,5 dBi<\/b>, assurent une couverture large et homog\u00e8ne du signal sans fil, favorisant la port\u00e9e dans diff\u00e9rentes zones. L\u2019appareil est \u00e9quip\u00e9 d\u2019une <b>fente Kensington pour c\u00e2ble de s\u00e9curit\u00e9<\/b>, renfor\u00e7ant la protection physique lors d\u2019installations fixes. Ses dimensions compactes (<b>160 x 160 x 39 mm<\/b>) facilitent son int\u00e9gration sans encombrer l\u2019espace. Ce mod\u00e8le est id\u00e9al pour les environnements n\u00e9cessitant des connexions stables et rapides, supportant plusieurs appareils et protocoles actuels, int\u00e9grant la marque Aruba dans le portefeuille Hewlett Packard Enterprise pour garantir qualit\u00e9 et fiabilit\u00e9 des r\u00e9seaux sans fil. En r\u00e9sum\u00e9, le HPE AP32 (RW) est un point d\u2019acc\u00e8s puissant et flexible qui assure une connectivit\u00e9 efficace dans les r\u00e9seaux Wi-Fi modernes, avec une technologie avanc\u00e9e et une installation et gestion facilit\u00e9es.<\/p>\n<ul>\n<li>Produit \u00e0 brancher: Oui<\/li>\n<li>Type: Point d&#8217;Acc\u00e8s<\/li>\n<li>Type de prise: Prise EU<\/li>\n<li>Bloc d\u2019Alimentation: r\u00e9seau \u00e9lectrique<\/li>\n<li>Couleur: Blanc<\/li>\n<li>Connexions:\n<ul>\n<li>RJ45<\/li>\n<li>PoE x 1<\/li>\n<\/ul>\n<\/li>\n<li>Fr\u00e9quence:\n<ul>\n<li>5 GHz<\/li>\n<li>2,4 GHz<\/li>\n<\/ul>\n<\/li>\n<li>Connecteurs: Kensington<\/li>\n<\/ul>","protected":false},"excerpt":{"rendered":"<p>Si vous \u00eates passionn\u00e9 d&#8217;informatique et d&#8217;\u00e9lectronique, si vous \u00eates \u00e0 la pointe de la technologie et qu&#8217;aucun d\u00e9tail ne vous \u00e9chappe, achetez Point d&#8217;Acc\u00e8s HPE S1T28A Blanc au meilleur prix. Le point d\u2019acc\u00e8s HPE AP32 (RW) est un appareil con\u00e7u pour offrir une connectivit\u00e9 sans fil optimale dans les environnements professionnels et domestiques, alliant [&hellip;]<\/p>\n","protected":false},"featured_media":25914,"comment_status":"open","ping_status":"closed","template":"","meta":[],"product_brand":[644],"product_cat":[65,584,591],"product_tag":[106],"class_list":{"0":"post-25919","1":"product","2":"type-product","3":"status-publish","4":"has-post-thumbnail","6":"product_brand-brandp_662","7":"product_cat-informatique-electronique","8":"product_cat-informatique-reseaux-et-composants","9":"product_cat-points-d-acces","10":"product_tag-tag_1295","12":"first","13":"instock","14":"taxable","15":"shipping-taxable","16":"purchasable","17":"product-type-simple"},"_links":{"self":[{"href":"https:\/\/bigbuy.tupique.com\/pt\/wp-json\/wp\/v2\/product\/25919","targetHints":{"allow":["GET"]}}],"collection":[{"href":"https:\/\/bigbuy.tupique.com\/pt\/wp-json\/wp\/v2\/product"}],"about":[{"href":"https:\/\/bigbuy.tupique.com\/pt\/wp-json\/wp\/v2\/types\/product"}],"replies":[{"embeddable":true,"href":"https:\/\/bigbuy.tupique.com\/pt\/wp-json\/wp\/v2\/comments?post=25919"}],"wp:featuredmedia":[{"embeddable":true,"href":"https:\/\/bigbuy.tupique.com\/pt\/wp-json\/wp\/v2\/media\/25914"}],"wp:attachment":[{"href":"https:\/\/bigbuy.tupique.com\/pt\/wp-json\/wp\/v2\/media?parent=25919"}],"wp:term":[{"taxonomy":"product_brand","embeddable":true,"href":"https:\/\/bigbuy.tupique.com\/pt\/wp-json\/wp\/v2\/product_brand?post=25919"},{"taxonomy":"product_cat","embeddable":true,"href":"https:\/\/bigbuy.tupique.com\/pt\/wp-json\/wp\/v2\/product_cat?post=25919"},{"taxonomy":"product_tag","embeddable":true,"href":"https:\/\/bigbuy.tupique.com\/pt\/wp-json\/wp\/v2\/product_tag?post=25919"}],"curies":[{"name":"wp","href":"https:\/\/api.w.org\/{rel}","templated":true}]}}