{"id":25913,"date":"2026-03-29T21:48:54","date_gmt":"2026-03-29T20:48:54","guid":{"rendered":"https:\/\/bigbuy.tupique.com\/produto\/electric-scooter-smartgyro-sg27-553-25-km-h\/"},"modified":"2026-05-11T19:56:53","modified_gmt":"2026-05-11T17:56:53","slug":"electric-scooter-smartgyro-sg27-553-25-km-h","status":"publish","type":"product","link":"https:\/\/bigbuy.tupique.com\/pt\/produto\/electric-scooter-smartgyro-sg27-553-25-km-h\/","title":{"rendered":"Trottinette \u00c9lectrique Smartgyro SG27-553 25 km\/h"},"content":{"rendered":"<p>Si vous \u00eates \u00e0 la recherche de nouvelles tendances sur le march\u00e9, nous vous pr\u00e9sentons <b>Trottinette \u00c9lectrique Smartgyro SG27-553 25 km\/h<\/b> !<\/p>\n<p>La <b>trottinette \u00e9lectrique Smartgyro SG27-553<\/b> est une solution avanc\u00e9e et fiable pour la mobilit\u00e9 urbaine personnelle, offrant un \u00e9quilibre optimal entre puissance, autonomie et s\u00e9curit\u00e9 pour les d\u00e9placements quotidiens ou les trajets de loisirs. Cette <b>trottinette \u00e9lectrique<\/b> est \u00e9quip\u00e9e d\u2019un <b>moteur efficace de 1000 W<\/b> qui assure une acc\u00e9l\u00e9ration rapide et des performances constantes, permettant d\u2019atteindre une <b>vitesse maximale de 25 km\/h<\/b>, conforme \u00e0 la r\u00e9glementation en vigueur pour circuler en ville. Elle se distingue par sa <b>batterie haute capacit\u00e9 de 16000 mAh<\/b> et son <b>voltage de 48 V<\/b>, offrant une <b>autonomie maximale jusqu\u2019\u00e0 60 km par charge<\/b>, ce qui r\u00e9duit la fr\u00e9quence des recharges et facilite les longs trajets sans souci. Ce mod\u00e8le dispose de roues avant et arri\u00e8re de <b>10 pouces<\/b>, am\u00e9liorant la stabilit\u00e9 et l\u2019absorption des chocs sur les surfaces irr\u00e9guli\u00e8res, garantissant ainsi une conduite confortable et s\u00fbre. Elle est dot\u00e9e d\u2019une <b>connexion au r\u00e9seau \u00e9lectrique via prise EU<\/b>, permettant une recharge facile \u00e0 domicile ou dans tout \u00e9tablissement compatible. De plus, elle int\u00e8gre des syst\u00e8mes de s\u00e9curit\u00e9 essentiels et r\u00e9pond aux normes requises pour un usage urbain quotidien. Cette trottinette \u00e9lectrique Smartgyro est id\u00e9ale pour ceux qui recherchent efficacit\u00e9, autonomie et robustesse dans leur moyen de transport personnel, s\u2019imposant comme un outil polyvalent pour se d\u00e9placer librement et rapidement en ville.<\/p>\n<ul>\n<li>Type: Trottinette \u00c9lectrique<\/li>\n<li>Produit \u00e0 brancher: Oui<\/li>\n<li>Type de prise: Prise EU<\/li>\n<li>Bloc d\u2019Alimentation:\n<ul>\n<li>r\u00e9seau \u00e9lectrique<\/li>\n<li>Batterie<\/li>\n<\/ul>\n<\/li>\n<li>vitesse: 25 km\/h<\/li>\n<\/ul>\n<p>Informations importantes: Si la marque n&#8217;a pas immatricul\u00e9 la trotinette, le propi\u00e9taire devra passer le ITV ou le T\u00dbV pour obtenir un &#8220;EBE&#8221; ou un permis de circulation individuel.<\/p>","protected":false},"excerpt":{"rendered":"<p>Si vous \u00eates \u00e0 la recherche de nouvelles tendances sur le march\u00e9, nous vous pr\u00e9sentons Trottinette \u00c9lectrique Smartgyro SG27-553 25 km\/h ! La trottinette \u00e9lectrique Smartgyro SG27-553 est une solution avanc\u00e9e et fiable pour la mobilit\u00e9 urbaine personnelle, offrant un \u00e9quilibre optimal entre puissance, autonomie et s\u00e9curit\u00e9 pour les d\u00e9placements quotidiens ou les trajets de [&hellip;]<\/p>\n","protected":false},"featured_media":162829,"comment_status":"open","ping_status":"closed","template":"","meta":[],"product_brand":[1228],"product_cat":[609,65,1146],"product_tag":[163],"class_list":{"0":"post-25913","1":"product","2":"type-product","3":"status-publish","4":"has-post-thumbnail","6":"product_brand-brandp_5033","7":"product_cat-electronique-jouets-electroniques","8":"product_cat-informatique-electronique","9":"product_cat-trottinettes-electriques","10":"product_tag-tag_17","12":"first","13":"instock","14":"taxable","15":"shipping-taxable","16":"purchasable","17":"product-type-simple"},"_links":{"self":[{"href":"https:\/\/bigbuy.tupique.com\/pt\/wp-json\/wp\/v2\/product\/25913","targetHints":{"allow":["GET"]}}],"collection":[{"href":"https:\/\/bigbuy.tupique.com\/pt\/wp-json\/wp\/v2\/product"}],"about":[{"href":"https:\/\/bigbuy.tupique.com\/pt\/wp-json\/wp\/v2\/types\/product"}],"replies":[{"embeddable":true,"href":"https:\/\/bigbuy.tupique.com\/pt\/wp-json\/wp\/v2\/comments?post=25913"}],"wp:featuredmedia":[{"embeddable":true,"href":"https:\/\/bigbuy.tupique.com\/pt\/wp-json\/wp\/v2\/media\/162829"}],"wp:attachment":[{"href":"https:\/\/bigbuy.tupique.com\/pt\/wp-json\/wp\/v2\/media?parent=25913"}],"wp:term":[{"taxonomy":"product_brand","embeddable":true,"href":"https:\/\/bigbuy.tupique.com\/pt\/wp-json\/wp\/v2\/product_brand?post=25913"},{"taxonomy":"product_cat","embeddable":true,"href":"https:\/\/bigbuy.tupique.com\/pt\/wp-json\/wp\/v2\/product_cat?post=25913"},{"taxonomy":"product_tag","embeddable":true,"href":"https:\/\/bigbuy.tupique.com\/pt\/wp-json\/wp\/v2\/product_tag?post=25913"}],"curies":[{"name":"wp","href":"https:\/\/api.w.org\/{rel}","templated":true}]}}