{"id":25813,"date":"2026-03-29T21:46:35","date_gmt":"2026-03-29T20:46:35","guid":{"rendered":"https:\/\/bigbuy.tupique.com\/produto\/superautomatic-coffee-maker-philips-ep2225-10-black-1500-w-15-bar-18-l\/"},"modified":"2026-04-16T20:31:24","modified_gmt":"2026-04-16T19:31:24","slug":"superautomatic-coffee-maker-philips-ep2225-10-black-1500-w-15-bar-18-l","status":"publish","type":"product","link":"https:\/\/bigbuy.tupique.com\/pt\/produto\/superautomatic-coffee-maker-philips-ep2225-10-black-1500-w-15-bar-18-l\/","title":{"rendered":"Cafeti\u00e8re superautomatique Philips EP2225\/10 Noir 1500 W 15 bar 1,8 L"},"content":{"rendered":"<p>Si vous recherchez des \u00e9lectrom\u00e9nagers pour votre maison aux meilleurs prix, ne manquez pas <b>Cafeti\u00e8re superautomatique Philips EP2225\/10 Noir 1500 W 15 bar 1,8 L<\/b> et une large s\u00e9lection de petits \u00e9lectrom\u00e9nagers de qualit\u00e9 !<\/p>\n<p>La <b>machine \u00e0 caf\u00e9 super-automatique<\/b> <b>Philips EP2225\/10<\/b> est une solution compl\u00e8te pour ceux qui recherchent un maximum de confort et de qualit\u00e9 dans la pr\u00e9paration de l&#8217;espresso \u00e0 la maison. Con\u00e7ue dans un \u00e9l\u00e9gant <b>coloris noir et gris<\/b> et fabriqu\u00e9e avec des mat\u00e9riaux r\u00e9sistants comme le <b>plastique<\/b>, cette machine se distingue par sa fonctionnalit\u00e9 intuitive et sa construction robuste. Elle int\u00e8gre un <b>r\u00e9servoir d&#8217;eau de 1,8 litre<\/b> permettant de pr\u00e9parer plusieurs tasses sans recharges fr\u00e9quentes ainsi qu\u2019un grand <b>r\u00e9servoir \u00e0 grains de caf\u00e9 de 275 g<\/b>, facilitant la pr\u00e9paration de diff\u00e9rentes sp\u00e9cialit\u00e9s d\u2019un simple bouton. Son syst\u00e8me super-automatique moud les grains juste avant chaque utilisation, exploitant au maximum l\u2019ar\u00f4me et la saveur caract\u00e9ristiques du caf\u00e9 fra\u00eechement moulu. L\u2019appareil dispose d\u2019un <b>arr\u00eat automatique<\/b> pour garantir s\u00e9curit\u00e9 et \u00e9conomie d\u2019\u00e9nergie, ainsi que d\u2019un <b>bac d\u2019\u00e9gouttage amovible<\/b> qui simplifie le nettoyage et l\u2019entretien quotidien. Gr\u00e2ce \u00e0 son design compact et sophistiqu\u00e9, il s\u2019int\u00e8gre facilement dans toute cuisine moderne, s\u2019adaptant aux espaces grands comme r\u00e9duits. Con\u00e7ue selon les standards de qualit\u00e9 europ\u00e9ens, cette machine Philips permet de savourer un espresso et d\u2019autres variantes d\u2019un simple bouton, r\u00e9pondant aux pr\u00e9f\u00e9rences des utilisateurs les plus exigeants. En r\u00e9sum\u00e9, la Philips EP2225\/10 se positionne comme une option polyvalente et fiable pour ceux qui appr\u00e9cient un caf\u00e9 de qualit\u00e9 professionnelle \u00e0 la maison avec un minimum d\u2019effort.<\/p>\n<ul>\n<li>Type:\n<ul>\n<li>Cafeti\u00e8re superautomatique<\/li>\n<li>Machine \u00e0 espresso<\/li>\n<\/ul>\n<\/li>\n<li>Produit \u00e0 brancher: Oui<\/li>\n<li>Bloc d\u2019Alimentation: r\u00e9seau \u00e9lectrique<\/li>\n<li>Couleur:\n<ul>\n<li>Noir<\/li>\n<li>Gris<\/li>\n<\/ul>\n<\/li>\n<li>Largeur:\n<ul>\n<li>29 cm<\/li>\n<li>433 mm<\/li>\n<\/ul>\n<\/li>\n<li>puissance: 1500 W<\/li>\n<li>\u00c9lev\u00e9: 48 cm<\/li>\n<li>Long:\n<ul>\n<li>100 cm<\/li>\n<li>49 cm<\/li>\n<\/ul>\n<\/li>\n<li>Pression: 15 bar<\/li>\n<li>Niveaux de temp\u00e9rature:\n<ul>\n<li>3<\/li>\n<li>3 niveaux<\/li>\n<\/ul>\n<\/li>\n<li>Capacit\u00e9:\n<ul>\n<li>275 g<\/li>\n<li>1,8 L<\/li>\n<\/ul>\n<\/li>\n<li>Mati\u00e8re: Plastique<\/li>\n<li>Caract\u00e9ristiques:\n<ul>\n<li>Arr\u00eat Automatique<\/li>\n<li>Bac d&#8217;\u00e9gouttage amovible<\/li>\n<li>R\u00e9servoir d&#8217;eau amovible<\/li>\n<\/ul>\n<\/li>\n<li>Classification \u00e9nerg\u00e9tique: A<\/li>\n<li>Fr\u00e9quence: 50 Hz<\/li>\n<li>Inclut:\n<ul>\n<li>Ecran<\/li>\n<li>Mousseur \u00e0 Lait<\/li>\n<\/ul>\n<\/li>\n<li>Type de commande: Tactile<\/li>\n<li>Contient: Cuill\u00e8re<\/li>\n<li>Tension d&#8217;entr\u00e9e AC: 230 V<\/li>\n<\/ul>","protected":false},"excerpt":{"rendered":"<p>Si vous recherchez des \u00e9lectrom\u00e9nagers pour votre maison aux meilleurs prix, ne manquez pas Cafeti\u00e8re superautomatique Philips EP2225\/10 Noir 1500 W 15 bar 1,8 L et une large s\u00e9lection de petits \u00e9lectrom\u00e9nagers de qualit\u00e9 ! La machine \u00e0 caf\u00e9 super-automatique Philips EP2225\/10 est une solution compl\u00e8te pour ceux qui recherchent un maximum de confort et [&hellip;]<\/p>\n","protected":false},"featured_media":25808,"comment_status":"open","ping_status":"closed","template":"","meta":[],"product_brand":[315],"product_cat":[725,60,77],"product_tag":[59,56],"class_list":{"0":"post-25813","1":"product","2":"type-product","3":"status-publish","4":"has-post-thumbnail","6":"product_brand-brandp_571","7":"product_cat-cafetieres","8":"product_cat-cuisine-gourmet","9":"product_cat-petit-electromenager","10":"product_tag-tag_1304","11":"product_tag-tag_930","13":"first","14":"instock","15":"taxable","16":"shipping-taxable","17":"purchasable","18":"product-type-simple"},"_links":{"self":[{"href":"https:\/\/bigbuy.tupique.com\/pt\/wp-json\/wp\/v2\/product\/25813","targetHints":{"allow":["GET"]}}],"collection":[{"href":"https:\/\/bigbuy.tupique.com\/pt\/wp-json\/wp\/v2\/product"}],"about":[{"href":"https:\/\/bigbuy.tupique.com\/pt\/wp-json\/wp\/v2\/types\/product"}],"replies":[{"embeddable":true,"href":"https:\/\/bigbuy.tupique.com\/pt\/wp-json\/wp\/v2\/comments?post=25813"}],"wp:featuredmedia":[{"embeddable":true,"href":"https:\/\/bigbuy.tupique.com\/pt\/wp-json\/wp\/v2\/media\/25808"}],"wp:attachment":[{"href":"https:\/\/bigbuy.tupique.com\/pt\/wp-json\/wp\/v2\/media?parent=25813"}],"wp:term":[{"taxonomy":"product_brand","embeddable":true,"href":"https:\/\/bigbuy.tupique.com\/pt\/wp-json\/wp\/v2\/product_brand?post=25813"},{"taxonomy":"product_cat","embeddable":true,"href":"https:\/\/bigbuy.tupique.com\/pt\/wp-json\/wp\/v2\/product_cat?post=25813"},{"taxonomy":"product_tag","embeddable":true,"href":"https:\/\/bigbuy.tupique.com\/pt\/wp-json\/wp\/v2\/product_tag?post=25813"}],"curies":[{"name":"wp","href":"https:\/\/api.w.org\/{rel}","templated":true}]}}