{"id":25719,"date":"2026-03-29T21:44:04","date_gmt":"2026-03-29T20:44:04","guid":{"rendered":"https:\/\/bigbuy.tupique.com\/produto\/ram-memory-lexar-ld5u16g56c46st-bgs-16-gb-ddr5\/"},"modified":"2026-04-15T03:34:21","modified_gmt":"2026-04-15T02:34:21","slug":"ram-memory-lexar-ld5u16g56c46st-bgs-16-gb-ddr5","status":"publish","type":"product","link":"https:\/\/bigbuy.tupique.com\/pt\/produto\/ram-memory-lexar-ld5u16g56c46st-bgs-16-gb-ddr5\/","title":{"rendered":"M\u00e9moire RAM Lexar LD5U16G56C46ST-BGS 16 GB DDR5"},"content":{"rendered":"<p>Si vous \u00eates passionn\u00e9 d&#8217;<b>informatique et d&#8217;\u00e9lectronique<\/b>, si vous \u00eates \u00e0 la pointe de la technologie et qu&#8217;aucun d\u00e9tail ne vous \u00e9chappe, achetez <b>M\u00e9moire RAM Lexar LD5U16G56C46ST-BGS 16 GB DDR5<\/b> au meilleur prix.<\/p>\n<ul>\n<li>Type: DDR5<\/li>\n<li>Format: 1 x 16 GB<\/li>\n<li>Facteur de forme: 262-PIN SO-DIMM<\/li>\n<li>Capacit\u00e9: 16 GB<\/li>\n<li>Tension: 1,1 V<\/li>\n<li>Compatible: PC<\/li>\n<li>Type de m\u00e9moire: DDR5<\/li>\n<\/ul>","protected":false},"excerpt":{"rendered":"<p>Si vous \u00eates passionn\u00e9 d&#8217;informatique et d&#8217;\u00e9lectronique, si vous \u00eates \u00e0 la pointe de la technologie et qu&#8217;aucun d\u00e9tail ne vous \u00e9chappe, achetez M\u00e9moire RAM Lexar LD5U16G56C46ST-BGS 16 GB DDR5 au meilleur prix. Type: DDR5 Format: 1 x 16 GB Facteur de forme: 262-PIN SO-DIMM Capacit\u00e9: 16 GB Tension: 1,1 V Compatible: PC Type de [&hellip;]<\/p>\n","protected":false},"featured_media":25716,"comment_status":"open","ping_status":"closed","template":"","meta":[],"product_brand":[1166],"product_cat":[65,584,593],"product_tag":[106],"class_list":{"0":"post-25719","1":"product","2":"type-product","3":"status-publish","4":"has-post-thumbnail","6":"product_brand-brandp_2133","7":"product_cat-informatique-electronique","8":"product_cat-informatique-reseaux-et-composants","9":"product_cat-memoires-ram","10":"product_tag-tag_1295","12":"first","13":"instock","14":"taxable","15":"shipping-taxable","16":"purchasable","17":"product-type-simple"},"_links":{"self":[{"href":"https:\/\/bigbuy.tupique.com\/pt\/wp-json\/wp\/v2\/product\/25719","targetHints":{"allow":["GET"]}}],"collection":[{"href":"https:\/\/bigbuy.tupique.com\/pt\/wp-json\/wp\/v2\/product"}],"about":[{"href":"https:\/\/bigbuy.tupique.com\/pt\/wp-json\/wp\/v2\/types\/product"}],"replies":[{"embeddable":true,"href":"https:\/\/bigbuy.tupique.com\/pt\/wp-json\/wp\/v2\/comments?post=25719"}],"wp:featuredmedia":[{"embeddable":true,"href":"https:\/\/bigbuy.tupique.com\/pt\/wp-json\/wp\/v2\/media\/25716"}],"wp:attachment":[{"href":"https:\/\/bigbuy.tupique.com\/pt\/wp-json\/wp\/v2\/media?parent=25719"}],"wp:term":[{"taxonomy":"product_brand","embeddable":true,"href":"https:\/\/bigbuy.tupique.com\/pt\/wp-json\/wp\/v2\/product_brand?post=25719"},{"taxonomy":"product_cat","embeddable":true,"href":"https:\/\/bigbuy.tupique.com\/pt\/wp-json\/wp\/v2\/product_cat?post=25719"},{"taxonomy":"product_tag","embeddable":true,"href":"https:\/\/bigbuy.tupique.com\/pt\/wp-json\/wp\/v2\/product_tag?post=25719"}],"curies":[{"name":"wp","href":"https:\/\/api.w.org\/{rel}","templated":true}]}}