{"id":25706,"date":"2026-03-29T21:43:45","date_gmt":"2026-03-29T20:43:45","guid":{"rendered":"https:\/\/bigbuy.tupique.com\/produto\/gaming-chair-playseat-black\/"},"modified":"2026-05-11T20:01:13","modified_gmt":"2026-05-11T18:01:13","slug":"gaming-chair-playseat-black","status":"publish","type":"product","link":"https:\/\/bigbuy.tupique.com\/pt\/produto\/gaming-chair-playseat-black\/","title":{"rendered":"Chaise de jeu Playseat Noir"},"content":{"rendered":"<p>Vous voulez donner une touche d&#8217;originalit\u00e9 \u00e0 votre maison ? Vous y arriverez gr\u00e2ce au <b>Chaise de jeu Playseat Noir<\/b>.<\/p>\n<p>La chaise gaming Formula Instinct F1 de Playseat est un choix exceptionnel pour les passionn\u00e9s de jeux vid\u00e9o qui souhaitent allier confort et performance. Son design ergonomique s&#8217;adapte parfaitement \u00e0 de longues p\u00e9riodes d&#8217;utilisation, offrant un soutien et un confort in\u00e9gal\u00e9s. Cette chaise est disponible en deux couleurs \u00e9l\u00e9gantes : blanc et noir, ce qui permet une int\u00e9gration facile dans toute configuration de jeu. De plus, sa hauteur est r\u00e9glable, facilitant ainsi la recherche de la position id\u00e9ale pour chaque utilisateur, garantissant une exp\u00e9rience de jeu agr\u00e9able et personnalis\u00e9e. La Formula Instinct F1 est con\u00e7ue pour \u00eatre universelle, ce qui signifie qu&#8217;elle peut \u00eatre utilis\u00e9e avec de nombreux syst\u00e8mes de jeu et configurations. Sa structure robuste et son rembourrage de haute qualit\u00e9 la rendent durable et pr\u00eate \u00e0 supporter l&#8217;utilisation intense caract\u00e9ristique des joueurs les plus passionn\u00e9s. Investir dans la chaise gaming Formula Instinct F1 signifie non seulement am\u00e9liorer votre espace de jeu, mais aussi prendre soin de votre bien-\u00eatre tout en profitant de vos jeux vid\u00e9o pr\u00e9f\u00e9r\u00e9s.<\/p>\n<p>&#8211; Design ergonomique pour un confort accru lors de longues sessions de jeu<\/p>\n<p>&#8211; Disponible en couleurs blanc et noir<\/p>\n<p>&#8211; Hauteur r\u00e9glable pour une exp\u00e9rience de jeu optimale<\/p>\n<p>&#8211; Compatible avec plusieurs syst\u00e8mes de jeu (design universel)<\/p>\n<p>&#8211; Construction robuste et rembourrage de haute qualit\u00e9 pour une durabilit\u00e9 maximale<\/p>\n<ul>\n<li>Type: Chaise de jeu<\/li>\n<li>Couleur:\n<ul>\n<li>Noir<\/li>\n<li>Noir\/Blanc<\/li>\n<\/ul>\n<\/li>\n<li>Caract\u00e9ristiques:\n<ul>\n<li>Hauteur r\u00e9glable<\/li>\n<li>Universel<\/li>\n<\/ul>\n<\/li>\n<li>Composition: Simili-cuir<\/li>\n<\/ul>","protected":false},"excerpt":{"rendered":"<p>Vous voulez donner une touche d&#8217;originalit\u00e9 \u00e0 votre maison ? Vous y arriverez gr\u00e2ce au Chaise de jeu Playseat Noir. La chaise gaming Formula Instinct F1 de Playseat est un choix exceptionnel pour les passionn\u00e9s de jeux vid\u00e9o qui souhaitent allier confort et performance. Son design ergonomique s&#8217;adapte parfaitement \u00e0 de longues p\u00e9riodes d&#8217;utilisation, offrant [&hellip;]<\/p>\n","protected":false},"featured_media":25702,"comment_status":"open","ping_status":"closed","template":"","meta":[],"product_brand":[867],"product_cat":[739,65,737],"product_tag":[59,572],"class_list":{"0":"post-25706","1":"product","2":"type-product","3":"status-publish","4":"has-post-thumbnail","6":"product_brand-brandp_7085","7":"product_cat-accessoires-gaming","8":"product_cat-informatique-electronique","9":"product_cat-informatique-gaming","10":"product_tag-tag_1304","11":"product_tag-tag_29","13":"first","14":"instock","15":"taxable","16":"shipping-taxable","17":"purchasable","18":"product-type-simple"},"_links":{"self":[{"href":"https:\/\/bigbuy.tupique.com\/pt\/wp-json\/wp\/v2\/product\/25706","targetHints":{"allow":["GET"]}}],"collection":[{"href":"https:\/\/bigbuy.tupique.com\/pt\/wp-json\/wp\/v2\/product"}],"about":[{"href":"https:\/\/bigbuy.tupique.com\/pt\/wp-json\/wp\/v2\/types\/product"}],"replies":[{"embeddable":true,"href":"https:\/\/bigbuy.tupique.com\/pt\/wp-json\/wp\/v2\/comments?post=25706"}],"wp:featuredmedia":[{"embeddable":true,"href":"https:\/\/bigbuy.tupique.com\/pt\/wp-json\/wp\/v2\/media\/25702"}],"wp:attachment":[{"href":"https:\/\/bigbuy.tupique.com\/pt\/wp-json\/wp\/v2\/media?parent=25706"}],"wp:term":[{"taxonomy":"product_brand","embeddable":true,"href":"https:\/\/bigbuy.tupique.com\/pt\/wp-json\/wp\/v2\/product_brand?post=25706"},{"taxonomy":"product_cat","embeddable":true,"href":"https:\/\/bigbuy.tupique.com\/pt\/wp-json\/wp\/v2\/product_cat?post=25706"},{"taxonomy":"product_tag","embeddable":true,"href":"https:\/\/bigbuy.tupique.com\/pt\/wp-json\/wp\/v2\/product_tag?post=25706"}],"curies":[{"name":"wp","href":"https:\/\/api.w.org\/{rel}","templated":true}]}}