{"id":25466,"date":"2026-03-29T21:28:12","date_gmt":"2026-03-29T20:28:12","guid":{"rendered":"https:\/\/bigbuy.tupique.com\/produto\/electric-scooter-xiaomi-electric-scooter-4-300-w\/"},"modified":"2026-04-16T22:01:18","modified_gmt":"2026-04-16T21:01:18","slug":"electric-scooter-xiaomi-electric-scooter-4-300-w","status":"publish","type":"product","link":"https:\/\/bigbuy.tupique.com\/pt\/produto\/electric-scooter-xiaomi-electric-scooter-4-300-w\/","title":{"rendered":"Trottinette \u00c9lectrique Xiaomi Electric Scooter 4 300 W"},"content":{"rendered":"<p>Restez en forme et d\u00e9couvrez les derni\u00e8res nouveaut\u00e9s du secteur pour faire du sport avec les meilleures garanties ! Achetez <b>Trottinette \u00c9lectrique Xiaomi Electric Scooter 4 300 W<\/b> au meilleur prix et profitez d&#8217;une vie saine !<\/p>\n<p>Le <b>patinette \u00e9lectrique Xiaomi Electric Scooter 4<\/b> est un v\u00e9hicule l\u00e9ger et pratique con\u00e7u pour faciliter la mobilit\u00e9 urbaine. \u00c9quip\u00e9 d\u2019un moteur de <b>300W<\/b>, il offre une puissance suffisante pour des d\u00e9placements efficaces en ville, permettant de franchir des pentes mod\u00e9r\u00e9es et de maintenir une vitesse adapt\u00e9e au trafic urbain. Ce mod\u00e8le int\u00e8gre des <b>pneus de 10 pouces<\/b>, qui assurent un bon \u00e9quilibre entre stabilit\u00e9 et absorption des chocs, am\u00e9liorant le confort et la s\u00e9curit\u00e9 sur diff\u00e9rents types de surfaces. Son <b>autonomie allant jusqu\u2019\u00e0 35 km<\/b> permet des trajets prolong\u00e9s sans recharge fr\u00e9quente, id\u00e9al pour les d\u00e9placements quotidiens ou courts trajets de loisir. Il fonctionne avec une <b>prise europ\u00e9enne (EU)<\/b>, facilitant la recharge \u00e0 domicile ou sur des points standards. Il est important de noter que, puisque Xiaomi n\u2019enregistre pas directement la trottinette, pour circuler l\u00e9galement, l\u2019utilisateur doit passer le contr\u00f4le technique (ITV ou T\u00dcV) afin d\u2019obtenir le permis de circulation individuel ou \u00ab EBE \u00bb, un aspect important selon la r\u00e9glementation en vigueur dans plusieurs pays europ\u00e9ens. Son design compact et fonctionnel facilite le transport et le rangement dans des espaces r\u00e9duits, en faisant une option pratique pour les utilisateurs recherchant une mobilit\u00e9 durable et efficace. En r\u00e9sum\u00e9, le Xiaomi Electric Scooter 4 combine une puissance adapt\u00e9e, une bonne autonomie, et des composants pens\u00e9s pour la ville, se positionnant comme une solution polyvalente dans le segment des trottinettes \u00e9lectriques urbaines.<\/p>\n<ul>\n<li>Type: Trottinette \u00c9lectrique<\/li>\n<li>Produit \u00e0 brancher: Oui<\/li>\n<li>Type de prise: Prise EU<\/li>\n<li>Bloc d\u2019Alimentation:\n<ul>\n<li>r\u00e9seau \u00e9lectrique<\/li>\n<li>Batterie<\/li>\n<\/ul>\n<\/li>\n<\/ul>\n<p>Informations importantes: Si la marque n&#8217;a pas immatricul\u00e9 la trotinette, le propi\u00e9taire devra passer le ITV ou le T\u00dbV pour obtenir un &#8220;EBE&#8221; ou un permis de circulation individuel.<\/p>","protected":false},"excerpt":{"rendered":"<p>Restez en forme et d\u00e9couvrez les derni\u00e8res nouveaut\u00e9s du secteur pour faire du sport avec les meilleures garanties ! Achetez Trottinette \u00c9lectrique Xiaomi Electric Scooter 4 300 W au meilleur prix et profitez d&#8217;une vie saine ! Le patinette \u00e9lectrique Xiaomi Electric Scooter 4 est un v\u00e9hicule l\u00e9ger et pratique con\u00e7u pour faciliter la mobilit\u00e9 [&hellip;]<\/p>\n","protected":false},"featured_media":25460,"comment_status":"open","ping_status":"closed","template":"","meta":[],"product_brand":[525],"product_cat":[609,65,1146],"product_tag":[59,163],"class_list":{"0":"post-25466","1":"product","2":"type-product","3":"status-publish","4":"has-post-thumbnail","6":"product_brand-brandp_1269","7":"product_cat-electronique-jouets-electroniques","8":"product_cat-informatique-electronique","9":"product_cat-trottinettes-electriques","10":"product_tag-tag_1304","11":"product_tag-tag_17","13":"first","14":"instock","15":"taxable","16":"shipping-taxable","17":"purchasable","18":"product-type-simple"},"_links":{"self":[{"href":"https:\/\/bigbuy.tupique.com\/pt\/wp-json\/wp\/v2\/product\/25466","targetHints":{"allow":["GET"]}}],"collection":[{"href":"https:\/\/bigbuy.tupique.com\/pt\/wp-json\/wp\/v2\/product"}],"about":[{"href":"https:\/\/bigbuy.tupique.com\/pt\/wp-json\/wp\/v2\/types\/product"}],"replies":[{"embeddable":true,"href":"https:\/\/bigbuy.tupique.com\/pt\/wp-json\/wp\/v2\/comments?post=25466"}],"wp:featuredmedia":[{"embeddable":true,"href":"https:\/\/bigbuy.tupique.com\/pt\/wp-json\/wp\/v2\/media\/25460"}],"wp:attachment":[{"href":"https:\/\/bigbuy.tupique.com\/pt\/wp-json\/wp\/v2\/media?parent=25466"}],"wp:term":[{"taxonomy":"product_brand","embeddable":true,"href":"https:\/\/bigbuy.tupique.com\/pt\/wp-json\/wp\/v2\/product_brand?post=25466"},{"taxonomy":"product_cat","embeddable":true,"href":"https:\/\/bigbuy.tupique.com\/pt\/wp-json\/wp\/v2\/product_cat?post=25466"},{"taxonomy":"product_tag","embeddable":true,"href":"https:\/\/bigbuy.tupique.com\/pt\/wp-json\/wp\/v2\/product_tag?post=25466"}],"curies":[{"name":"wp","href":"https:\/\/api.w.org\/{rel}","templated":true}]}}