{"id":25459,"date":"2026-03-29T21:28:00","date_gmt":"2026-03-29T20:28:00","guid":{"rendered":"https:\/\/bigbuy.tupique.com\/produto\/electric-scooter-urbanglide-ecross-pro-lite-2-black-25-km-h\/"},"modified":"2026-04-16T22:01:17","modified_gmt":"2026-04-16T21:01:17","slug":"electric-scooter-urbanglide-ecross-pro-lite-2-black-25-km-h","status":"publish","type":"product","link":"https:\/\/bigbuy.tupique.com\/pt\/produto\/electric-scooter-urbanglide-ecross-pro-lite-2-black-25-km-h\/","title":{"rendered":"Trottinette \u00c9lectrique Urbanglide ECROSS PRO LITE 2 Noir 25 km\/h"},"content":{"rendered":"<p>Restez en forme et d\u00e9couvrez les derni\u00e8res nouveaut\u00e9s du secteur pour faire du sport avec les meilleures garanties ! Achetez <b>Trottinette \u00c9lectrique Urbanglide ECROSS PRO LITE 2 Noir 25 km\/h<\/b> au meilleur prix et profitez d&#8217;une vie saine !<\/p>\n<p>Le <b>trottinette \u00e9lectrique<\/b> <b>ECROSS PRO LITE 2<\/b> de la marque Urbanglide se pr\u00e9sente comme une solution tout-terrain et pliable id\u00e9ale pour les d\u00e9placements urbains, capable d\u2019affronter diff\u00e9rents types de surfaces gr\u00e2ce \u00e0 son design robuste. \u00c9quip\u00e9 d\u2019un moteur puissant de <b>800 W<\/b>, il offre une puissance sup\u00e9rieure pour maintenir une acc\u00e9l\u00e9ration constante et une performance efficace sur des trajets exigeants. Sa vitesse maximale de <b>25 km\/h<\/b> respecte les limites l\u00e9gales pour les v\u00e9hicules de mobilit\u00e9 personnelle dans la plupart des villes europ\u00e9ennes, alliant s\u00e9curit\u00e9 et rapidit\u00e9. Il int\u00e8gre une batterie de <b>48V<\/b> offrant une autonomie d\u2019environ 40 km, facilitant les parcours prolong\u00e9s sans recharge fr\u00e9quente. Il se distingue aussi par son syst\u00e8me d\u2019\u00e9clairage avec <b>feu stop et clignotants<\/b>, un \u00e9l\u00e9ment important pour am\u00e9liorer la visibilit\u00e9 et la s\u00e9curit\u00e9 en milieu urbain et par faible luminosit\u00e9. Ce mod\u00e8le pr\u00e9sente une finition en <b>noir<\/b>, apportant un style sobre et intemporel, id\u00e9al pour les utilisateurs recherchant fonctionnalit\u00e9 et design \u00e9l\u00e9gant. De plus, il dispose d\u2019un syst\u00e8me de pliage facilitant son transport et son rangement, rendant la mobilit\u00e9 combin\u00e9e avec d\u2019autres moyens de transport plus confortable. L\u2019inclusion d\u2019une prise standard europ\u00e9enne (EU) garantit la compatibilit\u00e9 avec les r\u00e9seaux \u00e9lectriques courants pour la recharge. Dans l\u2019ensemble, le <b>ECROSS PRO LITE 2<\/b> est une option polyvalente dans la gamme moyenne-haute des trottinettes \u00e9lectriques, con\u00e7ue pour les utilisateurs exigeant puissance, autonomie et s\u00e9curit\u00e9 dans un format compact et pliable.<\/p>\n<ul>\n<li>Type: Trottinette \u00c9lectrique<\/li>\n<li>Produit \u00e0 brancher: Oui<\/li>\n<li>Type de prise: Prise EU<\/li>\n<li>Bloc d\u2019Alimentation:\n<ul>\n<li>r\u00e9seau \u00e9lectrique<\/li>\n<li>Batterie<\/li>\n<\/ul>\n<\/li>\n<li>Couleur: Noir<\/li>\n<li>puissance: 800 W<\/li>\n<li>Capacit\u00e9 de la batterie: 10,4 Ah<\/li>\n<li>vitesse: 25 km\/h<\/li>\n<li>Autonomie approx.: 40 km<\/li>\n<li>Inclut: Batterie<\/li>\n<\/ul>\n<p>Informations importantes: Si la marque n&#8217;a pas immatricul\u00e9 la trotinette, le propi\u00e9taire devra passer le ITV ou le T\u00dbV pour obtenir un &#8220;EBE&#8221; ou un permis de circulation individuel.<\/p>","protected":false},"excerpt":{"rendered":"<p>Restez en forme et d\u00e9couvrez les derni\u00e8res nouveaut\u00e9s du secteur pour faire du sport avec les meilleures garanties ! Achetez Trottinette \u00c9lectrique Urbanglide ECROSS PRO LITE 2 Noir 25 km\/h au meilleur prix et profitez d&#8217;une vie saine ! Le trottinette \u00e9lectrique ECROSS PRO LITE 2 de la marque Urbanglide se pr\u00e9sente comme une solution [&hellip;]<\/p>\n","protected":false},"featured_media":25453,"comment_status":"open","ping_status":"closed","template":"","meta":[],"product_brand":[1178],"product_cat":[609,65,1146],"product_tag":[59,163],"class_list":{"0":"post-25459","1":"product","2":"type-product","3":"status-publish","4":"has-post-thumbnail","6":"product_brand-brandp_6158","7":"product_cat-electronique-jouets-electroniques","8":"product_cat-informatique-electronique","9":"product_cat-trottinettes-electriques","10":"product_tag-tag_1304","11":"product_tag-tag_17","13":"first","14":"instock","15":"taxable","16":"shipping-taxable","17":"purchasable","18":"product-type-simple"},"_links":{"self":[{"href":"https:\/\/bigbuy.tupique.com\/pt\/wp-json\/wp\/v2\/product\/25459","targetHints":{"allow":["GET"]}}],"collection":[{"href":"https:\/\/bigbuy.tupique.com\/pt\/wp-json\/wp\/v2\/product"}],"about":[{"href":"https:\/\/bigbuy.tupique.com\/pt\/wp-json\/wp\/v2\/types\/product"}],"replies":[{"embeddable":true,"href":"https:\/\/bigbuy.tupique.com\/pt\/wp-json\/wp\/v2\/comments?post=25459"}],"wp:featuredmedia":[{"embeddable":true,"href":"https:\/\/bigbuy.tupique.com\/pt\/wp-json\/wp\/v2\/media\/25453"}],"wp:attachment":[{"href":"https:\/\/bigbuy.tupique.com\/pt\/wp-json\/wp\/v2\/media?parent=25459"}],"wp:term":[{"taxonomy":"product_brand","embeddable":true,"href":"https:\/\/bigbuy.tupique.com\/pt\/wp-json\/wp\/v2\/product_brand?post=25459"},{"taxonomy":"product_cat","embeddable":true,"href":"https:\/\/bigbuy.tupique.com\/pt\/wp-json\/wp\/v2\/product_cat?post=25459"},{"taxonomy":"product_tag","embeddable":true,"href":"https:\/\/bigbuy.tupique.com\/pt\/wp-json\/wp\/v2\/product_tag?post=25459"}],"curies":[{"name":"wp","href":"https:\/\/api.w.org\/{rel}","templated":true}]}}