{"id":25403,"date":"2026-03-29T21:26:42","date_gmt":"2026-03-29T20:26:42","guid":{"rendered":"https:\/\/bigbuy.tupique.com\/produto\/stick-vacuum-cleaner-bissell-crosswave-omnifind-select\/"},"modified":"2026-04-16T16:32:22","modified_gmt":"2026-04-16T15:32:22","slug":"stick-vacuum-cleaner-bissell-crosswave-omnifind-select","status":"publish","type":"product","link":"https:\/\/bigbuy.tupique.com\/pt\/produto\/stick-vacuum-cleaner-bissell-crosswave-omnifind-select\/","title":{"rendered":"Aspirateur balai Bissell CrossWave OmniFind Select"},"content":{"rendered":"<p>Si vous \u00eates \u00e0 la recherche de nouvelles tendances sur le march\u00e9, nous vous pr\u00e9sentons <b>Aspirateur balai Bissell CrossWave OmniFind Select<\/b> !<\/p>\n<p>Le <b>BISSELL CrossWave OmniFind Select<\/b> est un <b>aspirateur balai<\/b> sans fil con\u00e7u pour offrir un nettoyage multisurfaces efficace et pratique. Son design en <b>noir<\/b> apporte une esth\u00e9tique sobre et polyvalente, id\u00e9ale pour s\u2019int\u00e9grer dans tout int\u00e9rieur. Il fonctionne avec une <b>batterie rechargeable<\/b>, permettant une utilisation sans fil et une meilleure maniabilit\u00e9 dans diff\u00e9rents espaces, facilitant le nettoyage des zones difficiles d\u2019acc\u00e8s. Avec une largeur de travail de <b>27 cm<\/b> et un poids de <b>4,8 kg<\/b>, il combine une bonne prise en main avec une capacit\u00e9 suffisante pour traiter rapidement et pr\u00e9cis\u00e9ment diverses surfaces. Il int\u00e8gre une technologie qui permet d\u2019aspirer, balayer et nettoyer les surfaces avec un seul appareil, des caract\u00e9ristiques essentielles pour optimiser le temps et l\u2019effort lors des t\u00e2ches m\u00e9nag\u00e8res. Son design comprend des composants ergonomiques et une structure l\u00e9g\u00e8re, r\u00e9duisant la fatigue pendant l\u2019utilisation, tout en \u00e9tant compatible avec les prises europ\u00e9ennes (EU), conforme aux normes locales. Le BISSELL CrossWave OmniFind Select se distingue par sa polyvalence et sa fonctionnalit\u00e9 dans la cat\u00e9gorie des aspirateurs verticaux \u00e0 batterie. C\u2019est une solution pratique pour les utilisateurs recherchant un nettoyage complet sur plusieurs types de sols, offrant un \u00e9quilibre entre puissance, autonomie et commodit\u00e9.<\/p>\n<ul>\n<li>Produit \u00e0 brancher: Oui<\/li>\n<li>Type: Aspirateur balai<\/li>\n<li>Type de prise: Prise EU<\/li>\n<li>Bloc d\u2019Alimentation:\n<ul>\n<li>r\u00e9seau \u00e9lectrique<\/li>\n<li>Batterie rechargeable<\/li>\n<\/ul>\n<\/li>\n<li>Couleur: Noir<\/li>\n<li>Niveau sonore:\n<ul>\n<li>68 dB<\/li>\n<li>68 dBA<\/li>\n<\/ul>\n<\/li>\n<li>Capacit\u00e9: 0,44 L<\/li>\n<li>Dimensions approx.:\n<ul>\n<li>27 cm<\/li>\n<li>27 x 27 x 110 cm<\/li>\n<\/ul>\n<\/li>\n<\/ul>","protected":false},"excerpt":{"rendered":"<p>Si vous \u00eates \u00e0 la recherche de nouvelles tendances sur le march\u00e9, nous vous pr\u00e9sentons Aspirateur balai Bissell CrossWave OmniFind Select ! Le BISSELL CrossWave OmniFind Select est un aspirateur balai sans fil con\u00e7u pour offrir un nettoyage multisurfaces efficace et pratique. Son design en noir apporte une esth\u00e9tique sobre et polyvalente, id\u00e9ale pour s\u2019int\u00e9grer [&hellip;]<\/p>\n","protected":false},"featured_media":25397,"comment_status":"open","ping_status":"closed","template":"","meta":[],"product_brand":[817],"product_cat":[762,239,240],"product_tag":[59,56,210],"class_list":{"0":"post-25403","1":"product","2":"type-product","3":"status-publish","4":"has-post-thumbnail","6":"product_brand-brandp_3102","7":"product_cat-aspirateurs-et-robots","8":"product_cat-maison-jardin","9":"product_cat-nettoyage-aspirateur-et-repassage","10":"product_tag-tag_1304","11":"product_tag-tag_930","12":"product_tag-tag_25","14":"first","15":"instock","16":"taxable","17":"shipping-taxable","18":"purchasable","19":"product-type-simple"},"_links":{"self":[{"href":"https:\/\/bigbuy.tupique.com\/pt\/wp-json\/wp\/v2\/product\/25403","targetHints":{"allow":["GET"]}}],"collection":[{"href":"https:\/\/bigbuy.tupique.com\/pt\/wp-json\/wp\/v2\/product"}],"about":[{"href":"https:\/\/bigbuy.tupique.com\/pt\/wp-json\/wp\/v2\/types\/product"}],"replies":[{"embeddable":true,"href":"https:\/\/bigbuy.tupique.com\/pt\/wp-json\/wp\/v2\/comments?post=25403"}],"wp:featuredmedia":[{"embeddable":true,"href":"https:\/\/bigbuy.tupique.com\/pt\/wp-json\/wp\/v2\/media\/25397"}],"wp:attachment":[{"href":"https:\/\/bigbuy.tupique.com\/pt\/wp-json\/wp\/v2\/media?parent=25403"}],"wp:term":[{"taxonomy":"product_brand","embeddable":true,"href":"https:\/\/bigbuy.tupique.com\/pt\/wp-json\/wp\/v2\/product_brand?post=25403"},{"taxonomy":"product_cat","embeddable":true,"href":"https:\/\/bigbuy.tupique.com\/pt\/wp-json\/wp\/v2\/product_cat?post=25403"},{"taxonomy":"product_tag","embeddable":true,"href":"https:\/\/bigbuy.tupique.com\/pt\/wp-json\/wp\/v2\/product_tag?post=25403"}],"curies":[{"name":"wp","href":"https:\/\/api.w.org\/{rel}","templated":true}]}}