{"id":25396,"date":"2026-03-29T21:26:32","date_gmt":"2026-03-29T20:26:32","guid":{"rendered":"https:\/\/bigbuy.tupique.com\/produto\/glass-cleaning-smart-robot-eziclean-windobot-s5-pro-72-w\/"},"modified":"2026-04-16T17:40:08","modified_gmt":"2026-04-16T16:40:08","slug":"glass-cleaning-smart-robot-eziclean-windobot-s5-pro-72-w","status":"publish","type":"product","link":"https:\/\/bigbuy.tupique.com\/pt\/produto\/glass-cleaning-smart-robot-eziclean-windobot-s5-pro-72-w\/","title":{"rendered":"Robot Lave-Vitres Intelligent EZIclean Windobot S5 Pro 72 W"},"content":{"rendered":"<p>Si vous \u00eates passionn\u00e9 d&#8217;<b>informatique et d&#8217;\u00e9lectronique<\/b>, si vous \u00eates \u00e0 la pointe de la technologie et qu&#8217;aucun d\u00e9tail ne vous \u00e9chappe, achetez <b>Robot Lave-Vitres Intelligent EZIclean Windobot S5 Pro 72 W<\/b> au meilleur prix.<\/p>\n<p>Le <b>robot nettoyeur de vitres intelligent Windobot S5 Pro<\/b> de la marque EZIclean est un appareil con\u00e7u pour faciliter le nettoyage des fen\u00eatres avec efficacit\u00e9 et autonomie. Avec une puissance de <b>72 W<\/b>, ce mod\u00e8le offre un bon \u00e9quilibre entre performance et consommation d\u2019\u00e9nergie, garantissant un nettoyage puissant adapt\u00e9 \u00e0 diverses surfaces vitr\u00e9es. Sa couleur <b>blanche<\/b> apporte une finition discr\u00e8te et moderne, adapt\u00e9e \u00e0 tout environnement domestique ou professionnel. \u00c9quip\u00e9 d\u2019une batterie de <b>3,7 V<\/b>, le Windobot S5 Pro fonctionne sans fil suffisamment longtemps pour couvrir de grandes surfaces, ce qui augmente sa polyvalence et son confort d\u2019utilisation. Il inclut \u00e9galement un <b>c\u00e2ble d\u2019alimentation de 1 m\u00e8tre<\/b> permettant de le maintenir branch\u00e9 pour un fonctionnement continu si n\u00e9cessaire. Son design limite le niveau sonore avec une \u00e9mission de <b>64 dB<\/b>, assurant un fonctionnement silencieux sans g\u00eane. Ce robot utilise une technologie intelligente pour se d\u00e9placer et nettoyer de mani\u00e8re autonome, garantissant un r\u00e9sultat uniforme tout en \u00e9vitant chutes ou accidents gr\u00e2ce \u00e0 ses syst\u00e8mes de fixation et de s\u00e9curit\u00e9 int\u00e9gr\u00e9s. Le Windobot S5 Pro convient aussi bien \u00e0 un usage r\u00e9sidentiel que pour de petits bureaux, offrant une solution pratique et efficace pour l\u2019entretien r\u00e9gulier des surfaces vitr\u00e9es. En r\u00e9sum\u00e9, le <b>EZIclean Windobot S5 Pro<\/b> combine puissance, autonomie et fonctionnalit\u00e9s avanc\u00e9es pour simplifier et optimiser le nettoyage des fen\u00eatres avec un appareil fiable et facile \u00e0 utiliser.<\/p>\n<ul>\n<li>Couleur: Blanc<\/li>\n<li>puissance: 72 W<\/li>\n<li>Tension: 3,7 V<\/li>\n<li>Bloc d\u2019Alimentation: Batterie<\/li>\n<li>Longueur du c\u00e2ble: 1 m<\/li>\n<li>Inclut: C\u00e2ble Alimentation<\/li>\n<li>Niveau sonore: 64 dB<\/li>\n<li>Autonomie approx.: 40 minutes<\/li>\n<\/ul>","protected":false},"excerpt":{"rendered":"<p>Si vous \u00eates passionn\u00e9 d&#8217;informatique et d&#8217;\u00e9lectronique, si vous \u00eates \u00e0 la pointe de la technologie et qu&#8217;aucun d\u00e9tail ne vous \u00e9chappe, achetez Robot Lave-Vitres Intelligent EZIclean Windobot S5 Pro 72 W au meilleur prix. Le robot nettoyeur de vitres intelligent Windobot S5 Pro de la marque EZIclean est un appareil con\u00e7u pour faciliter le [&hellip;]<\/p>\n","protected":false},"featured_media":25390,"comment_status":"open","ping_status":"closed","template":"","meta":[],"product_brand":[1085],"product_cat":[762,239,240],"product_tag":[59,56,210],"class_list":{"0":"post-25396","1":"product","2":"type-product","3":"status-publish","4":"has-post-thumbnail","6":"product_brand-brandp_6031","7":"product_cat-aspirateurs-et-robots","8":"product_cat-maison-jardin","9":"product_cat-nettoyage-aspirateur-et-repassage","10":"product_tag-tag_1304","11":"product_tag-tag_930","12":"product_tag-tag_25","14":"first","15":"instock","16":"taxable","17":"shipping-taxable","18":"purchasable","19":"product-type-simple"},"_links":{"self":[{"href":"https:\/\/bigbuy.tupique.com\/pt\/wp-json\/wp\/v2\/product\/25396","targetHints":{"allow":["GET"]}}],"collection":[{"href":"https:\/\/bigbuy.tupique.com\/pt\/wp-json\/wp\/v2\/product"}],"about":[{"href":"https:\/\/bigbuy.tupique.com\/pt\/wp-json\/wp\/v2\/types\/product"}],"replies":[{"embeddable":true,"href":"https:\/\/bigbuy.tupique.com\/pt\/wp-json\/wp\/v2\/comments?post=25396"}],"wp:featuredmedia":[{"embeddable":true,"href":"https:\/\/bigbuy.tupique.com\/pt\/wp-json\/wp\/v2\/media\/25390"}],"wp:attachment":[{"href":"https:\/\/bigbuy.tupique.com\/pt\/wp-json\/wp\/v2\/media?parent=25396"}],"wp:term":[{"taxonomy":"product_brand","embeddable":true,"href":"https:\/\/bigbuy.tupique.com\/pt\/wp-json\/wp\/v2\/product_brand?post=25396"},{"taxonomy":"product_cat","embeddable":true,"href":"https:\/\/bigbuy.tupique.com\/pt\/wp-json\/wp\/v2\/product_cat?post=25396"},{"taxonomy":"product_tag","embeddable":true,"href":"https:\/\/bigbuy.tupique.com\/pt\/wp-json\/wp\/v2\/product_tag?post=25396"}],"curies":[{"name":"wp","href":"https:\/\/api.w.org\/{rel}","templated":true}]}}