{"id":25373,"date":"2026-03-29T21:25:55","date_gmt":"2026-03-29T20:25:55","guid":{"rendered":"https:\/\/bigbuy.tupique.com\/produto\/induction-hot-plate-bosch-pvs611b16e\/"},"modified":"2026-04-16T16:32:23","modified_gmt":"2026-04-16T15:32:23","slug":"induction-hot-plate-bosch-pvs611b16e","status":"publish","type":"product","link":"https:\/\/bigbuy.tupique.com\/pt\/produto\/induction-hot-plate-bosch-pvs611b16e\/","title":{"rendered":"Plaque \u00e0 Induction BOSCH PVS611B16E"},"content":{"rendered":"<p>Si vous \u00eates \u00e0 la recherche de nouvelles tendances sur le march\u00e9, nous vous pr\u00e9sentons <b>Plaque \u00e0 Induction BOSCH PVS611B16E<\/b> !<\/p>\n<p>La <b>plaque \u00e0 induction<\/b> <b>BOSCH PVS611B16E<\/b> est con\u00e7ue pour offrir une exp\u00e9rience de cuisson efficace, s\u00fbre et pr\u00e9cise \u00e0 domicile, s\u2019adaptant parfaitement aux besoins des cuisines modernes gr\u00e2ce \u00e0 son int\u00e9gration et ses performances avanc\u00e9es. Avec une <b>largeur de 59 cm<\/b>, elle s\u2019int\u00e8gre facilement dans la plupart des plans de travail standards, permettant ainsi une mise \u00e0 jour ais\u00e9e de la cuisine. \u00c9quip\u00e9e de <b>quatre zones de cuisson ind\u00e9pendantes<\/b>, cette plaque facilite la pr\u00e9paration simultan\u00e9e de plusieurs plats, optimisant temps et espace, tandis que sa <b>puissance maximale de 7 400 W<\/b> garantit un chauffage rapide et ma\u00eetris\u00e9, id\u00e9al aussi bien pour faire bouillir de l\u2019eau en quelques secondes que pour maintenir des cuissons \u00e0 feu doux avec grande pr\u00e9cision. La finition <b>noire<\/b> et la <b>surface rectangulaire<\/b> apportent \u00e9l\u00e9gance et sobri\u00e9t\u00e9, facilement associables \u00e0 divers styles de cuisine. Son format int\u00e9grable permet une installation affleurante au plan de travail, contribuant \u00e0 une esth\u00e9tique \u00e9pur\u00e9e et fonctionnelle. Elle dispose d\u2019un <b>\u00e9cran int\u00e9gr\u00e9<\/b> qui facilite la gestion intuitive de toutes ses fonctions, un atout particuli\u00e8rement utile pour contr\u00f4ler les temps et niveaux de puissance de mani\u00e8re confortable et visuelle. En tant que <b>plaque \u00e0 induction<\/b>, elle chauffe uniquement le r\u00e9cipient, r\u00e9duisant le risque de br\u00fblures et facilitant le nettoyage quotidien, car les \u00e9claboussures ne s\u2019incrustent pas sur la surface. Le niveau d\u2019efficacit\u00e9 \u00e9nerg\u00e9tique <b>B<\/b> combine une consommation optimis\u00e9e \u00e0 de hautes performances, renfor\u00e7ant sa position comme solution fiable pour les utilisateurs recherchant performance, s\u00e9curit\u00e9 et design moderne dans leur \u00e9quipement de cuisine. En r\u00e9sum\u00e9, la BOSCH PVS611B16E est une option polyvalente et fonctionnelle qui transforme tout espace culinaire en un environnement efficace et confortable.<\/p>\n<ul>\n<li>Type d&#8217;installation:\n<ul>\n<li>Int\u00e9grable<\/li>\n<li>Encastrable<\/li>\n<\/ul>\n<\/li>\n<li>puissance:\n<ul>\n<li>7400 W<\/li>\n<li>3700 W<\/li>\n<\/ul>\n<\/li>\n<li>Largeur:\n<ul>\n<li>59,2 cm<\/li>\n<li>60 cm<\/li>\n<li>69 cm<\/li>\n<\/ul>\n<\/li>\n<li>Produit \u00e0 brancher: Oui<\/li>\n<li>Type de prise: Prise EU<\/li>\n<li>Bloc d\u2019Alimentation:\n<ul>\n<li>r\u00e9seau \u00e9lectrique<\/li>\n<li>C\u00e2ble \u00e9lectrique<\/li>\n<\/ul>\n<\/li>\n<li>Couleur:\n<ul>\n<li>Blanc<\/li>\n<li>Noir<\/li>\n<li>noir<\/li>\n<\/ul>\n<\/li>\n<li>Poids approx.: 22,6 KG<\/li>\n<li>Longueur du c\u00e2ble: 110 cm<\/li>\n<li>Zones de cuisson: 4<\/li>\n<li>Hauteur:\n<ul>\n<li>43 cm<\/li>\n<li>430 mm<\/li>\n<\/ul>\n<\/li>\n<li>Profondeur:\n<ul>\n<li>660 mm<\/li>\n<li>52 cm<\/li>\n<li>66 cm<\/li>\n<\/ul>\n<\/li>\n<li>Profondeur de compartiment d&#8217;installation: 49 cm<\/li>\n<li>Type:\n<ul>\n<li>Plaque \u00e0 Induction<\/li>\n<li>Int\u00e9gr\u00e9<\/li>\n<\/ul>\n<\/li>\n<li>Classification \u00e9nerg\u00e9tique: B<\/li>\n<li>Forme:\n<ul>\n<li>Rectangulaire<\/li>\n<li>Rond<\/li>\n<\/ul>\n<\/li>\n<li>Fr\u00e9quence d&#8217;entr\u00e9e AC: 50-60 Hz<\/li>\n<li>Inclut: Ecran<\/li>\n<li>Type de commande:\n<ul>\n<li>Tactile<\/li>\n<li>T\u00e9l\u00e9commande<\/li>\n<\/ul>\n<\/li>\n<li>Tension: 220-240 V<\/li>\n<li>Design: Sans cadre<\/li>\n<\/ul>","protected":false},"excerpt":{"rendered":"<p>Si vous \u00eates \u00e0 la recherche de nouvelles tendances sur le march\u00e9, nous vous pr\u00e9sentons Plaque \u00e0 Induction BOSCH PVS611B16E ! La plaque \u00e0 induction BOSCH PVS611B16E est con\u00e7ue pour offrir une exp\u00e9rience de cuisson efficace, s\u00fbre et pr\u00e9cise \u00e0 domicile, s\u2019adaptant parfaitement aux besoins des cuisines modernes gr\u00e2ce \u00e0 son int\u00e9gration et ses performances [&hellip;]<\/p>\n","protected":false},"featured_media":25372,"comment_status":"open","ping_status":"closed","template":"","meta":[],"product_brand":[162],"product_cat":[60,77,78],"product_tag":[55,59,56],"class_list":{"0":"post-25373","1":"product","2":"type-product","3":"status-publish","4":"has-post-thumbnail","6":"product_brand-brandp_959","7":"product_cat-cuisine-gourmet","8":"product_cat-petit-electromenager","9":"product_cat-plaques-de-cuisson","10":"product_tag-tag_926","11":"product_tag-tag_1304","12":"product_tag-tag_930","14":"first","15":"instock","16":"taxable","17":"shipping-taxable","18":"purchasable","19":"product-type-simple"},"_links":{"self":[{"href":"https:\/\/bigbuy.tupique.com\/pt\/wp-json\/wp\/v2\/product\/25373","targetHints":{"allow":["GET"]}}],"collection":[{"href":"https:\/\/bigbuy.tupique.com\/pt\/wp-json\/wp\/v2\/product"}],"about":[{"href":"https:\/\/bigbuy.tupique.com\/pt\/wp-json\/wp\/v2\/types\/product"}],"replies":[{"embeddable":true,"href":"https:\/\/bigbuy.tupique.com\/pt\/wp-json\/wp\/v2\/comments?post=25373"}],"wp:featuredmedia":[{"embeddable":true,"href":"https:\/\/bigbuy.tupique.com\/pt\/wp-json\/wp\/v2\/media\/25372"}],"wp:attachment":[{"href":"https:\/\/bigbuy.tupique.com\/pt\/wp-json\/wp\/v2\/media?parent=25373"}],"wp:term":[{"taxonomy":"product_brand","embeddable":true,"href":"https:\/\/bigbuy.tupique.com\/pt\/wp-json\/wp\/v2\/product_brand?post=25373"},{"taxonomy":"product_cat","embeddable":true,"href":"https:\/\/bigbuy.tupique.com\/pt\/wp-json\/wp\/v2\/product_cat?post=25373"},{"taxonomy":"product_tag","embeddable":true,"href":"https:\/\/bigbuy.tupique.com\/pt\/wp-json\/wp\/v2\/product_tag?post=25373"}],"curies":[{"name":"wp","href":"https:\/\/api.w.org\/{rel}","templated":true}]}}