{"id":25341,"date":"2026-03-29T21:25:08","date_gmt":"2026-03-29T20:25:08","guid":{"rendered":"https:\/\/bigbuy.tupique.com\/produto\/switch-d-link-dms-1250-10spl-e\/"},"modified":"2026-04-15T03:34:10","modified_gmt":"2026-04-15T02:34:10","slug":"switch-d-link-dms-1250-10spl-e","status":"publish","type":"product","link":"https:\/\/bigbuy.tupique.com\/pt\/produto\/switch-d-link-dms-1250-10spl-e\/","title":{"rendered":"Switch D-Link DMS-1250-10SPL\/E"},"content":{"rendered":"<p>Si vous \u00eates \u00e0 la recherche de nouvelles tendances sur le march\u00e9, nous vous pr\u00e9sentons <b>Switch D-Link DMS-1250-10SPL\/E<\/b> !<\/p>\n<p>Le <b>switch DMS-1250-10SPL\/E<\/b> de <b>D-Link<\/b> est un appareil g\u00e9r\u00e9 con\u00e7u pour les r\u00e9seaux professionnels n\u00e9cessitant haute performance et flexibilit\u00e9 de connectivit\u00e9. Ce <b>switch g\u00e9r\u00e9 de couche L2\/L3<\/b> offre un total de <b>8 ports RJ-45 Ethernet<\/b> compatibles avec des vitesses allant jusqu\u2019\u00e0 <b>2,5G (100\/1000\/2500 Mbps)<\/b>, permettant un transfert de donn\u00e9es rapide et stable dans des environnements \u00e0 fort trafic. Il inclut \u00e9galement <b>1 port PoE<\/b> fournissant jusqu\u2019\u00e0 <b>30 watts<\/b> pour alimenter les appareils compatibles, facilitant l\u2019installation de cam\u00e9ras, points d\u2019acc\u00e8s ou t\u00e9l\u00e9phones IP sans c\u00e2bles \u00e9lectriques suppl\u00e9mentaires. Sa capacit\u00e9 d\u2019interconnexion est renforc\u00e9e par un port <b>SFP<\/b> supportant les liaisons fibre pour les connexions longue distance ou \u00e0 large bande passante. Avec une <b>capacit\u00e9 de commutation de 80 Gbit\/s<\/b> et une <b>table d\u2019adresses MAC supportant jusqu\u2019\u00e0 16 000 entr\u00e9es<\/b>, ce mod\u00e8le assure une gestion efficace du trafic et une grande \u00e9volutivit\u00e9 pour les r\u00e9seaux complexes. L\u2019\u00e9quipement fonctionne sous une alimentation <b>54 V DC<\/b> via un connecteur d\u00e9di\u00e9 et peut \u00eatre mont\u00e9 en rack, s\u2019adaptant aux infrastructures standards des centres de donn\u00e9es ou salles machines. Construit dans un ch\u00e2ssis compact et robuste de couleur <b>noir<\/b>, il inclut un guide d\u2019installation facilitant sa mise en service. Il dispose d\u2019une m\u00e9moire interne adapt\u00e9e pour supporter ses fonctions avanc\u00e9es et des protocoles conformes aux normes IEEE 802.3af, 802.3bt, 802.3bz et autres, garantissant interop\u00e9rabilit\u00e9 et s\u00e9curit\u00e9 dans l\u2019environnement r\u00e9seau. Le <b>DMS-1250-10SPL\/E<\/b> se positionne ainsi comme une solution technique polyvalente et fiable pour les entreprises n\u00e9cessitant une connectivit\u00e9 stable, une gestion fine du trafic et un support PoE dans leurs infrastructures.<\/p>\n<ul>\n<li>Type: Switch<\/li>\n<li>Produit \u00e0 brancher: Oui<\/li>\n<li>Type de prise: Prise EU<\/li>\n<li>Bloc d\u2019Alimentation:\n<ul>\n<li>r\u00e9seau \u00e9lectrique<\/li>\n<li>Incluses<\/li>\n<li>DC<\/li>\n<\/ul>\n<\/li>\n<li>Couleur: Noir<\/li>\n<li>Connexions:\n<ul>\n<li>RJ45<\/li>\n<li>8<\/li>\n<li>PoE x 1<\/li>\n<li>SFP<\/li>\n<li>rj45 x 8<\/li>\n<\/ul>\n<\/li>\n<li>Caract\u00e9ristiques:\n<ul>\n<li>Guide d&#8217;installation inclus<\/li>\n<li>T\u00e9moin de fonctionnement LED<\/li>\n<li>Protection des donn\u00e9es\/mot de passe<\/li>\n<\/ul>\n<\/li>\n<li>M\u00e9moire interne: 32 GB<\/li>\n<li>puissance:\n<ul>\n<li>30 W<\/li>\n<li>120 W<\/li>\n<\/ul>\n<\/li>\n<li>Ports: 8<\/li>\n<li>Temp\u00e9rature approximative: &#8211; 20\u00baC \/ 70\u00b0C<\/li>\n<li>S\u00e9curit\u00e9: IGMP<\/li>\n<li>Long: 21 cm<\/li>\n<\/ul>","protected":false},"excerpt":{"rendered":"<p>Si vous \u00eates \u00e0 la recherche de nouvelles tendances sur le march\u00e9, nous vous pr\u00e9sentons Switch D-Link DMS-1250-10SPL\/E ! Le switch DMS-1250-10SPL\/E de D-Link est un appareil g\u00e9r\u00e9 con\u00e7u pour les r\u00e9seaux professionnels n\u00e9cessitant haute performance et flexibilit\u00e9 de connectivit\u00e9. Ce switch g\u00e9r\u00e9 de couche L2\/L3 offre un total de 8 ports RJ-45 Ethernet compatibles [&hellip;]<\/p>\n","protected":false},"featured_media":25337,"comment_status":"open","ping_status":"closed","template":"","meta":[],"product_brand":[640],"product_cat":[65,584,585],"product_tag":[106],"class_list":{"0":"post-25341","1":"product","2":"type-product","3":"status-publish","4":"has-post-thumbnail","6":"product_brand-brandp_543","7":"product_cat-informatique-electronique","8":"product_cat-informatique-reseaux-et-composants","9":"product_cat-switch","10":"product_tag-tag_1295","12":"first","13":"instock","14":"taxable","15":"shipping-taxable","16":"purchasable","17":"product-type-simple"},"_links":{"self":[{"href":"https:\/\/bigbuy.tupique.com\/pt\/wp-json\/wp\/v2\/product\/25341","targetHints":{"allow":["GET"]}}],"collection":[{"href":"https:\/\/bigbuy.tupique.com\/pt\/wp-json\/wp\/v2\/product"}],"about":[{"href":"https:\/\/bigbuy.tupique.com\/pt\/wp-json\/wp\/v2\/types\/product"}],"replies":[{"embeddable":true,"href":"https:\/\/bigbuy.tupique.com\/pt\/wp-json\/wp\/v2\/comments?post=25341"}],"wp:featuredmedia":[{"embeddable":true,"href":"https:\/\/bigbuy.tupique.com\/pt\/wp-json\/wp\/v2\/media\/25337"}],"wp:attachment":[{"href":"https:\/\/bigbuy.tupique.com\/pt\/wp-json\/wp\/v2\/media?parent=25341"}],"wp:term":[{"taxonomy":"product_brand","embeddable":true,"href":"https:\/\/bigbuy.tupique.com\/pt\/wp-json\/wp\/v2\/product_brand?post=25341"},{"taxonomy":"product_cat","embeddable":true,"href":"https:\/\/bigbuy.tupique.com\/pt\/wp-json\/wp\/v2\/product_cat?post=25341"},{"taxonomy":"product_tag","embeddable":true,"href":"https:\/\/bigbuy.tupique.com\/pt\/wp-json\/wp\/v2\/product_tag?post=25341"}],"curies":[{"name":"wp","href":"https:\/\/api.w.org\/{rel}","templated":true}]}}