{"id":25319,"date":"2026-03-29T21:24:34","date_gmt":"2026-03-29T20:24:34","guid":{"rendered":"https:\/\/bigbuy.tupique.com\/produto\/robot-vacuum-cleaner-shark\/"},"modified":"2026-04-16T21:00:12","modified_gmt":"2026-04-16T20:00:12","slug":"robot-vacuum-cleaner-shark","status":"publish","type":"product","link":"https:\/\/bigbuy.tupique.com\/pt\/produto\/robot-vacuum-cleaner-shark\/","title":{"rendered":"Aspirateur robot Shark"},"content":{"rendered":"<p>Si vous aimez prendre soin de chaque d\u00e9tail de votre maison et d&#8217;\u00eatre \u00e0 la derni\u00e8re mode en mati\u00e8re de produits qui vous rendront la vie plus facile, achetez <b>Aspirateur robot Shark<\/b> au meilleur prix.<\/p>\n<p>Le <b>robot aspirateur Shark PowerDetect RV2820VEEU<\/b> se pr\u00e9sente comme une solution avanc\u00e9e pour un nettoyage efficace de la maison, se distinguant dans la cat\u00e9gorie des <b>robots aspirateurs<\/b> par sa technologie innovante de navigation et son syst\u00e8me d\u2019auto-vidage. Con\u00e7u avec une <b>forme ronde<\/b> et une finition en <b>noir<\/b>, il poss\u00e8de un diam\u00e8tre compact de <b>34 cm<\/b> facilitant l\u2019acc\u00e8s aux zones difficiles, garantissant un nettoyage complet m\u00eame dans les espaces r\u00e9duits. Sa puissance de <b>650 W<\/b> assure une performance robuste pour aspirer tous types de salet\u00e9s, de la poussi\u00e8re fine aux particules plus grosses, tandis que le syst\u00e8me <b>PowerDetect<\/b> d\u00e9tecte et cible les zones les plus sales, optimisant chaque cycle de nettoyage. \u00c9quip\u00e9 d\u2019une technologie de navigation avanc\u00e9e combinant un scanner <b>LiDAR<\/b> et une navigation tridimensionnelle (3D), ce robot cr\u00e9e des cartes pr\u00e9cises et d\u00e9taill\u00e9es du logement, lui permettant de planifier des trajets efficaces et d\u2019\u00e9viter intelligemment les obstacles, r\u00e9duisant les temps et am\u00e9liorant la couverture sans collisions ni blocages. De plus, il est compatible avec le contr\u00f4le vocal via des assistants virtuels tels que <b>Amazon Alexa<\/b> et <b>Google Home<\/b>, facilitant sa gestion et programmation sans manipulation directe. La fonction d\u2019auto-vidage du Shark PowerDetect offre un avantage notable en confort et hygi\u00e8ne, vidant automatiquement son r\u00e9servoir dans une base sp\u00e9ciale, r\u00e9duisant l\u2019intervention de l\u2019utilisateur et maintenant un environnement plus propre et sans poussi\u00e8re. Ce robot aspirateur int\u00e8gre des fonctionnalit\u00e9s technologiques et pratiques qui en font une option remarquable pour ceux qui recherchent un appareil domestique puissant, intelligent et facile \u00e0 utiliser, adapt\u00e9 aux exigences modernes de nettoyage et aux diff\u00e9rentes configurations d\u2019habitat. Son design associ\u00e9 \u00e0 ses performances avanc\u00e9es et son moteur puissant font du Shark PowerDetect RV2820VEEU un outil efficace avec une grande autonomie pour l\u2019entretien quotidien et fr\u00e9quent du domicile.<\/p>\n<ul>\n<li>Produit \u00e0 brancher: Oui<\/li>\n<li>Type de prise: Prise EU<\/li>\n<li>Bloc d\u2019Alimentation: r\u00e9seau \u00e9lectrique<\/li>\n<li>Couleur: Noir<\/li>\n<li>puissance: 650 W<\/li>\n<li>Tension: 220 \u2013 240 V<\/li>\n<li>Longueur du c\u00e2ble: 1,83 m<\/li>\n<li>Indice de r\u00e9parabilit\u00e9: 8.1<\/li>\n<li>Capacit\u00e9: 1,8 L<\/li>\n<li>Dimensions approx.: 14,5 cm<\/li>\n<li>Forme: Rond<\/li>\n<li>Compatible:\n<ul>\n<li>Amazon Alexa<\/li>\n<li>Google Home<\/li>\n<\/ul>\n<\/li>\n<li>diam\u00e8tre approx.: \u00d8 34 cm<\/li>\n<\/ul>","protected":false},"excerpt":{"rendered":"<p>Si vous aimez prendre soin de chaque d\u00e9tail de votre maison et d&#8217;\u00eatre \u00e0 la derni\u00e8re mode en mati\u00e8re de produits qui vous rendront la vie plus facile, achetez Aspirateur robot Shark au meilleur prix. Le robot aspirateur Shark PowerDetect RV2820VEEU se pr\u00e9sente comme une solution avanc\u00e9e pour un nettoyage efficace de la maison, se [&hellip;]<\/p>\n","protected":false},"featured_media":25313,"comment_status":"open","ping_status":"closed","template":"","meta":[],"product_brand":[1078],"product_cat":[762,239,240],"product_tag":[59,56],"class_list":{"0":"post-25319","1":"product","2":"type-product","3":"status-publish","4":"has-post-thumbnail","6":"product_brand-brandp_5354","7":"product_cat-aspirateurs-et-robots","8":"product_cat-maison-jardin","9":"product_cat-nettoyage-aspirateur-et-repassage","10":"product_tag-tag_1304","11":"product_tag-tag_930","13":"first","14":"instock","15":"taxable","16":"shipping-taxable","17":"purchasable","18":"product-type-simple"},"_links":{"self":[{"href":"https:\/\/bigbuy.tupique.com\/pt\/wp-json\/wp\/v2\/product\/25319","targetHints":{"allow":["GET"]}}],"collection":[{"href":"https:\/\/bigbuy.tupique.com\/pt\/wp-json\/wp\/v2\/product"}],"about":[{"href":"https:\/\/bigbuy.tupique.com\/pt\/wp-json\/wp\/v2\/types\/product"}],"replies":[{"embeddable":true,"href":"https:\/\/bigbuy.tupique.com\/pt\/wp-json\/wp\/v2\/comments?post=25319"}],"wp:featuredmedia":[{"embeddable":true,"href":"https:\/\/bigbuy.tupique.com\/pt\/wp-json\/wp\/v2\/media\/25313"}],"wp:attachment":[{"href":"https:\/\/bigbuy.tupique.com\/pt\/wp-json\/wp\/v2\/media?parent=25319"}],"wp:term":[{"taxonomy":"product_brand","embeddable":true,"href":"https:\/\/bigbuy.tupique.com\/pt\/wp-json\/wp\/v2\/product_brand?post=25319"},{"taxonomy":"product_cat","embeddable":true,"href":"https:\/\/bigbuy.tupique.com\/pt\/wp-json\/wp\/v2\/product_cat?post=25319"},{"taxonomy":"product_tag","embeddable":true,"href":"https:\/\/bigbuy.tupique.com\/pt\/wp-json\/wp\/v2\/product_tag?post=25319"}],"curies":[{"name":"wp","href":"https:\/\/api.w.org\/{rel}","templated":true}]}}