{"id":25291,"date":"2026-03-29T21:23:51","date_gmt":"2026-03-29T20:23:51","guid":{"rendered":"https:\/\/bigbuy.tupique.com\/produto\/drill-and-accessories-set-ryobi-rck184c-242s\/"},"modified":"2026-05-11T20:02:20","modified_gmt":"2026-05-11T18:02:20","slug":"drill-and-accessories-set-ryobi-rck184c-242s","status":"publish","type":"product","link":"https:\/\/bigbuy.tupique.com\/pt\/produto\/drill-and-accessories-set-ryobi-rck184c-242s\/","title":{"rendered":"Set de forage et accessoires Ryobi RCK184C-242S"},"content":{"rendered":"<p>Si vous aimez prendre soin de chaque d\u00e9tail de votre maison et d&#8217;\u00eatre \u00e0 la derni\u00e8re mode en mati\u00e8re de produits qui vous rendront la vie plus facile, achetez <b>Set de forage et accessoires Ryobi RCK184C-242S<\/b> au meilleur prix.<\/p>\n<ul>\n<li>Couleur: Vert<\/li>\n<\/ul>","protected":false},"excerpt":{"rendered":"<p>Si vous aimez prendre soin de chaque d\u00e9tail de votre maison et d&#8217;\u00eatre \u00e0 la derni\u00e8re mode en mati\u00e8re de produits qui vous rendront la vie plus facile, achetez Set de forage et accessoires Ryobi RCK184C-242S au meilleur prix. Couleur: Vert<\/p>","protected":false},"featured_media":25285,"comment_status":"open","ping_status":"closed","template":"","meta":[],"product_brand":[830],"product_cat":[613,239],"product_tag":[59,210],"class_list":{"0":"post-25291","1":"product","2":"type-product","3":"status-publish","4":"has-post-thumbnail","6":"product_brand-brandp_3104","7":"product_cat-bricolage-et-materiel","8":"product_cat-maison-jardin","9":"product_tag-tag_1304","10":"product_tag-tag_25","12":"first","13":"instock","14":"taxable","15":"shipping-taxable","16":"purchasable","17":"product-type-simple"},"_links":{"self":[{"href":"https:\/\/bigbuy.tupique.com\/pt\/wp-json\/wp\/v2\/product\/25291","targetHints":{"allow":["GET"]}}],"collection":[{"href":"https:\/\/bigbuy.tupique.com\/pt\/wp-json\/wp\/v2\/product"}],"about":[{"href":"https:\/\/bigbuy.tupique.com\/pt\/wp-json\/wp\/v2\/types\/product"}],"replies":[{"embeddable":true,"href":"https:\/\/bigbuy.tupique.com\/pt\/wp-json\/wp\/v2\/comments?post=25291"}],"wp:featuredmedia":[{"embeddable":true,"href":"https:\/\/bigbuy.tupique.com\/pt\/wp-json\/wp\/v2\/media\/25285"}],"wp:attachment":[{"href":"https:\/\/bigbuy.tupique.com\/pt\/wp-json\/wp\/v2\/media?parent=25291"}],"wp:term":[{"taxonomy":"product_brand","embeddable":true,"href":"https:\/\/bigbuy.tupique.com\/pt\/wp-json\/wp\/v2\/product_brand?post=25291"},{"taxonomy":"product_cat","embeddable":true,"href":"https:\/\/bigbuy.tupique.com\/pt\/wp-json\/wp\/v2\/product_cat?post=25291"},{"taxonomy":"product_tag","embeddable":true,"href":"https:\/\/bigbuy.tupique.com\/pt\/wp-json\/wp\/v2\/product_tag?post=25291"}],"curies":[{"name":"wp","href":"https:\/\/api.w.org\/{rel}","templated":true}]}}