{"id":25226,"date":"2026-03-29T21:12:16","date_gmt":"2026-03-29T20:12:16","guid":{"rendered":"https:\/\/bigbuy.tupique.com\/produto\/laser-printer-hp-color-laserjet-pro-3202dn\/"},"modified":"2026-04-15T03:33:24","modified_gmt":"2026-04-15T02:33:24","slug":"laser-printer-hp-color-laserjet-pro-3202dn","status":"publish","type":"product","link":"https:\/\/bigbuy.tupique.com\/pt\/produto\/laser-printer-hp-color-laserjet-pro-3202dn\/","title":{"rendered":"Imprimante laser HP Color Laserjet Pro 3202dn"},"content":{"rendered":"<p>Si vous \u00eates passionn\u00e9 d&#8217;<b>informatique et d&#8217;\u00e9lectronique<\/b>, si vous \u00eates \u00e0 la pointe de la technologie et qu&#8217;aucun d\u00e9tail ne vous \u00e9chappe, achetez <b>Imprimante laser HP Color Laserjet Pro 3202dn<\/b> au meilleur prix.<\/p>\n<p>La <b>HP 8D7L0A<\/b> est une <b>imprimante laser<\/b> con\u00e7ue pour r\u00e9pondre aux exigences des environnements professionnels dynamiques, alliant efficacit\u00e9, fiabilit\u00e9 et qualit\u00e9 professionnelle. Cette imprimante prend en charge <b>l\u2019impression couleur<\/b> (y compris jaune, blanc, noir, gris, cyan et magenta), ce qui en fait une solution polyvalente pour les documents de bureau comme pour les supports graphiques n\u00e9cessitant une grande pr\u00e9cision des couleurs. Sa capacit\u00e9 d\u2019impression recto verso automatique permet d\u2019optimiser les ressources et d\u2019acc\u00e9l\u00e9rer les flux de travail, des atouts essentiels dans les bureaux \u00e0 fort volume d\u2019impression. Le design compact de ce mod\u00e8le facilite son int\u00e9gration dans divers espaces de travail sans compromettre la fonctionnalit\u00e9, tandis que la technologie laser garantit des textes nets et des rendus professionnels \u00e0 chaque page. De plus, la <b>fiabilit\u00e9 du syst\u00e8me HP<\/b> est renforc\u00e9e par des fonctions de s\u00e9curit\u00e9 dynamique assurant la compatibilit\u00e9 avec les cartouches HP d\u2019origine et prot\u00e9geant l\u2019imprimante contre toute manipulation ou utilisation de cartouches non autoris\u00e9es. Cette imprimante r\u00e9pond aux standards des r\u00e9seaux d\u2019entreprise, permettant l\u2019impression depuis diff\u00e9rents appareils connect\u00e9s et assurant un contr\u00f4le intuitif des fonctions principales. En r\u00e9sum\u00e9, la HP 8D7L0A associe performance fiable, qualit\u00e9 laser couleur et fonctionnalit\u00e9s ax\u00e9es sur la productivit\u00e9, repr\u00e9sentant une solution efficace pour les \u00e9quipes recherchant des r\u00e9sultats constants et une gestion professionnelle de leurs ressources d\u2019impression.<\/p>\n<ul>\n<li>Produit \u00e0 brancher: Oui<\/li>\n<li>Type de prise: Prise EU<\/li>\n<li>Type:\n<ul>\n<li>Imprimante laser<\/li>\n<li>Couleur<\/li>\n<\/ul>\n<\/li>\n<li>Bloc d\u2019Alimentation:\n<ul>\n<li>r\u00e9seau \u00e9lectrique<\/li>\n<li>Cordon d&#8217;alimentation CA<\/li>\n<\/ul>\n<\/li>\n<li>Couleur:\n<ul>\n<li>Blanc<\/li>\n<li>Gris<\/li>\n<\/ul>\n<\/li>\n<li>Caract\u00e9ristiques:\n<ul>\n<li>\u00c9cran integr\u00e9<\/li>\n<li>Impression recto verso<\/li>\n<\/ul>\n<\/li>\n<li>Connexions:\n<ul>\n<li>USB 2.0<\/li>\n<li>Ethernet LAN<\/li>\n<li>USB<\/li>\n<\/ul>\n<\/li>\n<li>R\u00e9solution d&#8217;image maximale: 600 x 600 dpi<\/li>\n<li>Ecran:\n<ul>\n<li>2&#8221;<\/li>\n<li>2&#8243;<\/li>\n<\/ul>\n<\/li>\n<li>Technologie: Laser<\/li>\n<li>Impression couleur: Oui<\/li>\n<li>M\u00e9moire interne: 256 MB<\/li>\n<li>R\u00e9solution: 600 x 600 dpi<\/li>\n<li>vitesse:\n<ul>\n<li>25 ppm<\/li>\n<li>10\/100 Mbps<\/li>\n<\/ul>\n<\/li>\n<li>Capacit\u00e9: 250 Volets<\/li>\n<li>Poids approx.: 13,8 Kg<\/li>\n<li>Papier: A4<\/li>\n<li>Connectivit\u00e9: Ethernet LAN<\/li>\n<li>Impression recto verso: Automatique<\/li>\n<li>Niveau sonore: 51 dB<\/li>\n<li>Fr\u00e9quence: 1200 Hz<\/li>\n<li>Non Inclus: Wi-Fi<\/li>\n<li>Type de commande: Boutons<\/li>\n<li>Largeur: 39 cm<\/li>\n<li>Taille maximale d&#8217;impression: 216 x 356 mm<\/li>\n<li>Inclut:\n<ul>\n<li>Manuel de l&#8217;utilisateur<\/li>\n<li>Cartouche<\/li>\n<\/ul>\n<\/li>\n<li>Utilisation recommand\u00e9e: Entreprise et commerce<\/li>\n<li>Plateau: 2<\/li>\n<\/ul>","protected":false},"excerpt":{"rendered":"<p>Si vous \u00eates passionn\u00e9 d&#8217;informatique et d&#8217;\u00e9lectronique, si vous \u00eates \u00e0 la pointe de la technologie et qu&#8217;aucun d\u00e9tail ne vous \u00e9chappe, achetez Imprimante laser HP Color Laserjet Pro 3202dn au meilleur prix. La HP 8D7L0A est une imprimante laser con\u00e7ue pour r\u00e9pondre aux exigences des environnements professionnels dynamiques, alliant efficacit\u00e9, fiabilit\u00e9 et qualit\u00e9 professionnelle. [&hellip;]<\/p>\n","protected":false},"featured_media":25223,"comment_status":"open","ping_status":"closed","template":"","meta":[],"product_brand":[630],"product_cat":[592,65,581],"product_tag":[213,106],"class_list":{"0":"post-25226","1":"product","2":"type-product","3":"status-publish","4":"has-post-thumbnail","6":"product_brand-brandp_909","7":"product_cat-imprimantes","8":"product_cat-informatique-electronique","9":"product_cat-informatique-peripheriques-et-consommables","10":"product_tag-tag_933","11":"product_tag-tag_1295","13":"first","14":"instock","15":"taxable","16":"shipping-taxable","17":"purchasable","18":"product-type-simple"},"_links":{"self":[{"href":"https:\/\/bigbuy.tupique.com\/pt\/wp-json\/wp\/v2\/product\/25226","targetHints":{"allow":["GET"]}}],"collection":[{"href":"https:\/\/bigbuy.tupique.com\/pt\/wp-json\/wp\/v2\/product"}],"about":[{"href":"https:\/\/bigbuy.tupique.com\/pt\/wp-json\/wp\/v2\/types\/product"}],"replies":[{"embeddable":true,"href":"https:\/\/bigbuy.tupique.com\/pt\/wp-json\/wp\/v2\/comments?post=25226"}],"wp:featuredmedia":[{"embeddable":true,"href":"https:\/\/bigbuy.tupique.com\/pt\/wp-json\/wp\/v2\/media\/25223"}],"wp:attachment":[{"href":"https:\/\/bigbuy.tupique.com\/pt\/wp-json\/wp\/v2\/media?parent=25226"}],"wp:term":[{"taxonomy":"product_brand","embeddable":true,"href":"https:\/\/bigbuy.tupique.com\/pt\/wp-json\/wp\/v2\/product_brand?post=25226"},{"taxonomy":"product_cat","embeddable":true,"href":"https:\/\/bigbuy.tupique.com\/pt\/wp-json\/wp\/v2\/product_cat?post=25226"},{"taxonomy":"product_tag","embeddable":true,"href":"https:\/\/bigbuy.tupique.com\/pt\/wp-json\/wp\/v2\/product_tag?post=25226"}],"curies":[{"name":"wp","href":"https:\/\/api.w.org\/{rel}","templated":true}]}}