{"id":25222,"date":"2026-03-29T21:12:10","date_gmt":"2026-03-29T20:12:10","guid":{"rendered":"https:\/\/bigbuy.tupique.com\/produto\/router-fritz-20003079-white-usb-2-0-ethernet-lan-2-3\/"},"modified":"2026-04-15T03:33:23","modified_gmt":"2026-04-15T02:33:23","slug":"router-fritz-20003079-white-usb-2-0-ethernet-lan-2-3","status":"publish","type":"product","link":"https:\/\/bigbuy.tupique.com\/pt\/produto\/router-fritz-20003079-white-usb-2-0-ethernet-lan-2-3\/","title":{"rendered":"Router Fritz! 20003079 Blanc USB 2.0 Ethernet LAN 2 3"},"content":{"rendered":"<p>Si vous \u00eates passionn\u00e9 d&#8217;<b>informatique et d&#8217;\u00e9lectronique<\/b>, si vous \u00eates \u00e0 la pointe de la technologie et qu&#8217;aucun d\u00e9tail ne vous \u00e9chappe, achetez <b>Router Fritz! 20003079 Blanc USB 2.0 Ethernet LAN 2 3<\/b> au meilleur prix.<\/p>\n<p>Le <b>FRITZ!Box 7690 Edition International<\/b> de la marque <b>Fritz!<\/b> est un <b>routeur<\/b> de bureau int\u00e9grant la norme innovante <b>Wi-Fi 7 (802.11be)<\/b>, offrant une connexion sans fil double bande aux fr\u00e9quences <b>2,4 GHz et 5 GHz<\/b> avec un d\u00e9bit maximal allant jusqu\u2019\u00e0 <b>7 200 Mbps<\/b>, id\u00e9al pour un acc\u00e8s internet rapide, stable et efficace en environnement domestique ou petit bureau. Cet appareil supporte <b>plusieurs flux parall\u00e8les 4&#215;4<\/b>, facilitant la diffusion fluide de contenus 4K, les appels vid\u00e9o et l\u2019usage simultan\u00e9 d\u2019applications cloud sans interruption. Il dispose d\u2019un port WAN avec connexion <b>RJ-45<\/b> compatible VDSL, permettant des vitesses jusqu\u2019\u00e0 <b>300 Mbps<\/b>, garantissant une navigation optimale. C\u00f4t\u00e9 connexion filaire, il int\u00e8gre un port LAN <b>2,5 Gigabit Ethernet<\/b> ainsi que deux ports LAN Gigabit suppl\u00e9mentaires (<b>10\/100\/1000 Mbit\/s<\/b>), multipliant les options pour connecter des appareils en r\u00e9seau \u00e0 haute vitesse et faible latence. Pour \u00e9tendre ses capacit\u00e9s, il comprend un port <b>USB 3.0<\/b>, ainsi que d\u2019autres connexions <b>USB 2.0 et RJ45<\/b>, facilitant la connexion de p\u00e9riph\u00e9riques externes, stockage ou imprimantes. Sa centrale VoIP int\u00e9gr\u00e9e inclut une base DECT permettant la connexion de syst\u00e8mes domotiques et t\u00e9l\u00e9phonie IP, avec deux ports suppl\u00e9mentaires pour t\u00e9l\u00e9phones analogiques, offrant au FRITZ!Box une grande polyvalence en communication. Son design en <b>blanc<\/b> est compl\u00e9t\u00e9 par des voyants LED intuitifs pour faciliter son utilisation et sa surveillance. De plus, le routeur prend en charge le <b>r\u00e9seau maill\u00e9 (mesh)<\/b>, permettant la cr\u00e9ation d\u2019un r\u00e9seau \u00e9tendu am\u00e9liorant la couverture Wi-Fi dans toute la maison ou le bureau. Ses protocoles de s\u00e9curit\u00e9 incluent les avanc\u00e9s <b>WPA2 et WPA3<\/b>, prot\u00e9geant le r\u00e9seau contre les acc\u00e8s non autoris\u00e9s. Ce mod\u00e8le combine technologie r\u00e9seau avanc\u00e9e, multiples connexions physiques et fonctions de centrale t\u00e9l\u00e9phonique, constituant une solution compl\u00e8te et robuste pour ceux qui recherchent un routeur puissant, flexible et pr\u00eat pour les exigences futures en connectivit\u00e9 domestique et professionnelle.<\/p>\n<ul>\n<li>Type: Router<\/li>\n<li>Produit \u00e0 brancher: Oui<\/li>\n<li>Type de prise: Prise EU<\/li>\n<li>Bloc d\u2019Alimentation:\n<ul>\n<li>r\u00e9seau \u00e9lectrique<\/li>\n<li>CC<\/li>\n<\/ul>\n<\/li>\n<li>Couleur: Blanc<\/li>\n<li>Connexions:\n<ul>\n<li>USB 2.0<\/li>\n<li>Ethernet LAN<\/li>\n<li>2<\/li>\n<li>3<\/li>\n<li>USB<\/li>\n<li>RJ45<\/li>\n<\/ul>\n<\/li>\n<li>Caract\u00e9ristiques: Guide d&#8217;installation inclus<\/li>\n<li>Mode d&#8217;\u00e9clairage: T\u00e9moin<\/li>\n<li>Connectivit\u00e9: Ethernet LAN<\/li>\n<li>Largeur: 25 cm<\/li>\n<li>Bande: 2,4 GHz &#8211; 5 GHz<\/li>\n<li>vitesse: 10\/100\/1000 Mbps<\/li>\n<li>Non Inclus: Adaptateur AC<\/li>\n<\/ul>","protected":false},"excerpt":{"rendered":"<p>Si vous \u00eates passionn\u00e9 d&#8217;informatique et d&#8217;\u00e9lectronique, si vous \u00eates \u00e0 la pointe de la technologie et qu&#8217;aucun d\u00e9tail ne vous \u00e9chappe, achetez Router Fritz! 20003079 Blanc USB 2.0 Ethernet LAN 2 3 au meilleur prix. Le FRITZ!Box 7690 Edition International de la marque Fritz! est un routeur de bureau int\u00e9grant la norme innovante Wi-Fi [&hellip;]<\/p>\n","protected":false},"featured_media":25219,"comment_status":"open","ping_status":"closed","template":"","meta":[],"product_brand":[654],"product_cat":[65,584,612],"product_tag":[106],"class_list":{"0":"post-25222","1":"product","2":"type-product","3":"status-publish","4":"has-post-thumbnail","6":"product_brand-brandp_2453","7":"product_cat-informatique-electronique","8":"product_cat-informatique-reseaux-et-composants","9":"product_cat-routeurs-et-modems","10":"product_tag-tag_1295","12":"first","13":"instock","14":"taxable","15":"shipping-taxable","16":"purchasable","17":"product-type-simple"},"_links":{"self":[{"href":"https:\/\/bigbuy.tupique.com\/pt\/wp-json\/wp\/v2\/product\/25222","targetHints":{"allow":["GET"]}}],"collection":[{"href":"https:\/\/bigbuy.tupique.com\/pt\/wp-json\/wp\/v2\/product"}],"about":[{"href":"https:\/\/bigbuy.tupique.com\/pt\/wp-json\/wp\/v2\/types\/product"}],"replies":[{"embeddable":true,"href":"https:\/\/bigbuy.tupique.com\/pt\/wp-json\/wp\/v2\/comments?post=25222"}],"wp:featuredmedia":[{"embeddable":true,"href":"https:\/\/bigbuy.tupique.com\/pt\/wp-json\/wp\/v2\/media\/25219"}],"wp:attachment":[{"href":"https:\/\/bigbuy.tupique.com\/pt\/wp-json\/wp\/v2\/media?parent=25222"}],"wp:term":[{"taxonomy":"product_brand","embeddable":true,"href":"https:\/\/bigbuy.tupique.com\/pt\/wp-json\/wp\/v2\/product_brand?post=25222"},{"taxonomy":"product_cat","embeddable":true,"href":"https:\/\/bigbuy.tupique.com\/pt\/wp-json\/wp\/v2\/product_cat?post=25222"},{"taxonomy":"product_tag","embeddable":true,"href":"https:\/\/bigbuy.tupique.com\/pt\/wp-json\/wp\/v2\/product_tag?post=25222"}],"curies":[{"name":"wp","href":"https:\/\/api.w.org\/{rel}","templated":true}]}}