{"id":25092,"date":"2026-03-29T21:08:50","date_gmt":"2026-03-29T20:08:50","guid":{"rendered":"https:\/\/bigbuy.tupique.com\/produto\/label-printer-seiko-22420303\/"},"modified":"2026-04-15T03:33:13","modified_gmt":"2026-04-15T02:33:13","slug":"label-printer-seiko-22420303","status":"publish","type":"product","link":"https:\/\/bigbuy.tupique.com\/pt\/produto\/label-printer-seiko-22420303\/","title":{"rendered":"Imprimante pour Etiquettes Seiko 22420303"},"content":{"rendered":"<p>Retournez au bureau sans rien oublier ! Achetez <b>Imprimante pour Etiquettes Seiko 22420303<\/b> et faites envie \u00e0 vos coll\u00e8gues!<\/p>\n<p>Le <b>mod\u00e8le 22420303<\/b> de la marque Seiko est une <b>imprimante d\u2019\u00e9tiquettes<\/b> con\u00e7ue pour offrir des solutions pratiques dans des environnements n\u00e9cessitant une organisation et un \u00e9tiquetage efficaces. Cet appareil se distingue par sa compatibilit\u00e9 avec le syst\u00e8me \u00e9lectrique europ\u00e9en, gr\u00e2ce \u00e0 un <b>connecteur EU<\/b>, et par l\u2019int\u00e9gration d\u2019un accessoire auxiliaire rare dans ce type d\u2019appareils : une <b>calculatrice<\/b> int\u00e9gr\u00e9e, ajoutant de la polyvalence pour une utilisation en bureau ou commerce. De plus, il est livr\u00e9 avec un <b>adaptateur secteur europ\u00e9en (EU\/AC Adapter) et un c\u00e2ble AC<\/b>, garantissant une installation simple et rapide sans adaptateurs suppl\u00e9mentaires. Cette combinaison d\u2019imprimante d\u2019\u00e9tiquettes avec fonctionnalit\u00e9s suppl\u00e9mentaires permet d\u2019optimiser l\u2019espace et la productivit\u00e9, offrant une solution compacte r\u00e9unissant les outils essentiels pour la gestion administrative et des stocks. Le design et le choix des composants t\u00e9moignent d\u2019un engagement pour la durabilit\u00e9 et la fonctionnalit\u00e9 dans un \u00e9quipement destin\u00e9 aux t\u00e2ches d\u2019\u00e9tiquetage mobiles ou fixes selon les normes europ\u00e9ennes, facilitant une connexion stable et s\u00e9curis\u00e9e. En r\u00e9sum\u00e9, ce dispositif Seiko offre une exp\u00e9rience compl\u00e8te aux utilisateurs n\u00e9cessitant \u00e0 la fois l\u2019impression d\u2019\u00e9tiquettes et des fonctions de calcul, se positionnant comme un outil pratique et fiable dans sa cat\u00e9gorie.<\/p>\n<ul>\n<li>Type:\n<ul>\n<li>Calculatrice<\/li>\n<li>Imprimante pour Etiquettes<\/li>\n<\/ul>\n<\/li>\n<li>Produit \u00e0 brancher: Oui<\/li>\n<li>Type de prise: Prise EU<\/li>\n<li>Bloc d\u2019Alimentation: r\u00e9seau \u00e9lectrique<\/li>\n<\/ul>","protected":false},"excerpt":{"rendered":"<p>Retournez au bureau sans rien oublier ! Achetez Imprimante pour Etiquettes Seiko 22420303 et faites envie \u00e0 vos coll\u00e8gues! Le mod\u00e8le 22420303 de la marque Seiko est une imprimante d\u2019\u00e9tiquettes con\u00e7ue pour offrir des solutions pratiques dans des environnements n\u00e9cessitant une organisation et un \u00e9tiquetage efficaces. Cet appareil se distingue par sa compatibilit\u00e9 avec le [&hellip;]<\/p>\n","protected":false},"featured_media":25091,"comment_status":"open","ping_status":"closed","template":"","meta":[],"product_brand":[802],"product_cat":[966,65,958],"product_tag":[213],"class_list":{"0":"post-25092","1":"product","2":"type-product","3":"status-publish","4":"has-post-thumbnail","6":"product_brand-brandp_879","7":"product_cat-accessoires-informatiques","8":"product_cat-informatique-electronique","9":"product_cat-informatique-ordinateurs","10":"product_tag-tag_933","12":"first","13":"instock","14":"taxable","15":"shipping-taxable","16":"purchasable","17":"product-type-simple"},"_links":{"self":[{"href":"https:\/\/bigbuy.tupique.com\/pt\/wp-json\/wp\/v2\/product\/25092","targetHints":{"allow":["GET"]}}],"collection":[{"href":"https:\/\/bigbuy.tupique.com\/pt\/wp-json\/wp\/v2\/product"}],"about":[{"href":"https:\/\/bigbuy.tupique.com\/pt\/wp-json\/wp\/v2\/types\/product"}],"replies":[{"embeddable":true,"href":"https:\/\/bigbuy.tupique.com\/pt\/wp-json\/wp\/v2\/comments?post=25092"}],"wp:featuredmedia":[{"embeddable":true,"href":"https:\/\/bigbuy.tupique.com\/pt\/wp-json\/wp\/v2\/media\/25091"}],"wp:attachment":[{"href":"https:\/\/bigbuy.tupique.com\/pt\/wp-json\/wp\/v2\/media?parent=25092"}],"wp:term":[{"taxonomy":"product_brand","embeddable":true,"href":"https:\/\/bigbuy.tupique.com\/pt\/wp-json\/wp\/v2\/product_brand?post=25092"},{"taxonomy":"product_cat","embeddable":true,"href":"https:\/\/bigbuy.tupique.com\/pt\/wp-json\/wp\/v2\/product_cat?post=25092"},{"taxonomy":"product_tag","embeddable":true,"href":"https:\/\/bigbuy.tupique.com\/pt\/wp-json\/wp\/v2\/product_tag?post=25092"}],"curies":[{"name":"wp","href":"https:\/\/api.w.org\/{rel}","templated":true}]}}