{"id":25026,"date":"2026-03-29T21:07:03","date_gmt":"2026-03-29T20:07:03","guid":{"rendered":"https:\/\/bigbuy.tupique.com\/produto\/power-supply-netgear-aps350w-100nes\/"},"modified":"2026-04-15T03:33:10","modified_gmt":"2026-04-15T02:33:10","slug":"power-supply-netgear-aps350w-100nes","status":"publish","type":"product","link":"https:\/\/bigbuy.tupique.com\/pt\/produto\/power-supply-netgear-aps350w-100nes\/","title":{"rendered":"Bloc d\u2019Alimentation Netgear APS350W-100NES"},"content":{"rendered":"<p>Si vous \u00eates passionn\u00e9 d&#8217;<b>informatique et d&#8217;\u00e9lectronique<\/b>, si vous \u00eates \u00e0 la pointe de la technologie et qu&#8217;aucun d\u00e9tail ne vous \u00e9chappe, achetez <b>Bloc d\u2019Alimentation Netgear APS350W-100NES<\/b> au meilleur prix.<\/p>\n<p>Le <b>APS350W-100NES<\/b> de Netgear est une <b>alimentation \u00e9lectrique<\/b> con\u00e7ue pour fournir une alimentation fiable et efficace aux \u00e9quipements r\u00e9seau professionnels. Compatible avec des mod\u00e8les avanc\u00e9s tels que <b>M4350-24G4XF<\/b>, <b>M4350-48G4XF<\/b>, <b>M4350-44M4X4V<\/b>, <b>M4350-24X4V<\/b> et <b>M4350-24F4V<\/b>, cette alimentation garantit une performance stable gr\u00e2ce \u00e0 sa <b>puissance totale de 350 W<\/b>, adapt\u00e9e aux \u00e9quipements \u00e0 forte consommation et exigences op\u00e9rationnelles. Elle fonctionne avec une <b>tension d\u2019entr\u00e9e AC de 110 \u00e0 240 V<\/b>, offrant une compatibilit\u00e9 universelle facilitant son usage dans divers lieux sans transformateurs suppl\u00e9mentaires. Son design int\u00e8gre un rev\u00eatement en <b>polyester<\/b> de couleur <b>rouge<\/b>, avantage utile pour une identification rapide dans les armoires ou racks d\u2019infrastructure technologique. De plus, le connecteur de type <b>prise EU<\/b> respecte les normes r\u00e9gionales, assurant une connexion s\u00fbre et fiable. Ce composant fait partie int\u00e9grante du syst\u00e8me d\u2019alimentation des \u00e9quipements r\u00e9seau Netgear, apportant stabilit\u00e9 et continuit\u00e9 dans l\u2019alimentation \u00e9lectrique, essentiel pour maintenir une op\u00e9ration constante en environnements professionnels ou d\u2019entreprise. En r\u00e9sum\u00e9, le APS350W-100NES repr\u00e9sente une solution robuste et adapt\u00e9e aux besoins sp\u00e9cifiques des \u00e9quipements r\u00e9seau avanc\u00e9s, optimisant ainsi leur fonctionnalit\u00e9 et dur\u00e9e de vie.<\/p>\n<ul>\n<li>Produit \u00e0 brancher: Oui<\/li>\n<li>Type de prise: Prise EU<\/li>\n<li>Bloc d\u2019Alimentation: r\u00e9seau \u00e9lectrique<\/li>\n<li>Type: Bloc d\u2019Alimentation<\/li>\n<li>Tension: 110 &#8211; 240 V<\/li>\n<li>Couleur: Rouge<\/li>\n<li>Mati\u00e8re: Polyester<\/li>\n<li>Tension d&#8217;entr\u00e9e AC: 110 &#8211; 240 V<\/li>\n<\/ul>","protected":false},"excerpt":{"rendered":"<p>Si vous \u00eates passionn\u00e9 d&#8217;informatique et d&#8217;\u00e9lectronique, si vous \u00eates \u00e0 la pointe de la technologie et qu&#8217;aucun d\u00e9tail ne vous \u00e9chappe, achetez Bloc d\u2019Alimentation Netgear APS350W-100NES au meilleur prix. Le APS350W-100NES de Netgear est une alimentation \u00e9lectrique con\u00e7ue pour fournir une alimentation fiable et efficace aux \u00e9quipements r\u00e9seau professionnels. Compatible avec des mod\u00e8les avanc\u00e9s [&hellip;]<\/p>\n","protected":false},"featured_media":25020,"comment_status":"open","ping_status":"closed","template":"","meta":[],"product_brand":[633],"product_cat":[65,584,618],"product_tag":[210,106],"class_list":{"0":"post-25026","1":"product","2":"type-product","3":"status-publish","4":"has-post-thumbnail","6":"product_brand-brandp_567","7":"product_cat-informatique-electronique","8":"product_cat-informatique-reseaux-et-composants","9":"product_cat-sources-d-alimentation","10":"product_tag-tag_25","11":"product_tag-tag_1295","13":"first","14":"instock","15":"taxable","16":"shipping-taxable","17":"purchasable","18":"product-type-simple"},"_links":{"self":[{"href":"https:\/\/bigbuy.tupique.com\/pt\/wp-json\/wp\/v2\/product\/25026","targetHints":{"allow":["GET"]}}],"collection":[{"href":"https:\/\/bigbuy.tupique.com\/pt\/wp-json\/wp\/v2\/product"}],"about":[{"href":"https:\/\/bigbuy.tupique.com\/pt\/wp-json\/wp\/v2\/types\/product"}],"replies":[{"embeddable":true,"href":"https:\/\/bigbuy.tupique.com\/pt\/wp-json\/wp\/v2\/comments?post=25026"}],"wp:featuredmedia":[{"embeddable":true,"href":"https:\/\/bigbuy.tupique.com\/pt\/wp-json\/wp\/v2\/media\/25020"}],"wp:attachment":[{"href":"https:\/\/bigbuy.tupique.com\/pt\/wp-json\/wp\/v2\/media?parent=25026"}],"wp:term":[{"taxonomy":"product_brand","embeddable":true,"href":"https:\/\/bigbuy.tupique.com\/pt\/wp-json\/wp\/v2\/product_brand?post=25026"},{"taxonomy":"product_cat","embeddable":true,"href":"https:\/\/bigbuy.tupique.com\/pt\/wp-json\/wp\/v2\/product_cat?post=25026"},{"taxonomy":"product_tag","embeddable":true,"href":"https:\/\/bigbuy.tupique.com\/pt\/wp-json\/wp\/v2\/product_tag?post=25026"}],"curies":[{"name":"wp","href":"https:\/\/api.w.org\/{rel}","templated":true}]}}