{"id":24881,"date":"2026-03-29T20:53:13","date_gmt":"2026-03-29T19:53:13","guid":{"rendered":"https:\/\/bigbuy.tupique.com\/produto\/case-for-tablet-and-keyboard-logitech-920-012772-graphite-qwerty\/"},"modified":"2026-04-15T03:33:00","modified_gmt":"2026-04-15T02:33:00","slug":"case-for-tablet-and-keyboard-logitech-920-012772-graphite-qwerty","status":"publish","type":"product","link":"https:\/\/bigbuy.tupique.com\/pt\/produto\/case-for-tablet-and-keyboard-logitech-920-012772-graphite-qwerty\/","title":{"rendered":"Housse pour Tablette et Clavier Logitech 920-012772 Graphite QWERTY"},"content":{"rendered":"<p>Si vous \u00eates passionn\u00e9 d&#8217;<b>informatique et d&#8217;\u00e9lectronique<\/b>, si vous \u00eates \u00e0 la pointe de la technologie et qu&#8217;aucun d\u00e9tail ne vous \u00e9chappe, achetez <b>Housse pour Tablette et Clavier Logitech 920-012772 Graphite QWERTY<\/b> au meilleur prix.<\/p>\n<ul>\n<li>Type: Housse pour Tablette<\/li>\n<li>Clavier:\n<ul>\n<li>Qwerty US<\/li>\n<li>QWERTY<\/li>\n<li>Espagnol Qwerty<\/li>\n<\/ul>\n<\/li>\n<li>Couleur:\n<ul>\n<li>Graphite<\/li>\n<li>Gris<\/li>\n<\/ul>\n<\/li>\n<li>Connexions:\n<ul>\n<li>Couplage<\/li>\n<li>Dock<\/li>\n<\/ul>\n<\/li>\n<li>Compatible:\n<ul>\n<li>Apple<\/li>\n<li>iPadOS<\/li>\n<\/ul>\n<\/li>\n<li>Caract\u00e9ristiques: R\u00e9tro-\u00e9clair\u00e9<\/li>\n<li>Ecran: 11&#8243;<\/li>\n<li>Non inclut: Clavier num\u00e9rique<\/li>\n<li>Inclut: Manuel de l&#8217;utilisateur<\/li>\n<\/ul>","protected":false},"excerpt":{"rendered":"<p>Si vous \u00eates passionn\u00e9 d&#8217;informatique et d&#8217;\u00e9lectronique, si vous \u00eates \u00e0 la pointe de la technologie et qu&#8217;aucun d\u00e9tail ne vous \u00e9chappe, achetez Housse pour Tablette et Clavier Logitech 920-012772 Graphite QWERTY au meilleur prix. Type: Housse pour Tablette Clavier: Qwerty US QWERTY Espagnol Qwerty Couleur: Graphite Gris Connexions: Couplage Dock Compatible: Apple iPadOS Caract\u00e9ristiques: [&hellip;]<\/p>\n","protected":false},"featured_media":24873,"comment_status":"open","ping_status":"closed","template":"","meta":[],"product_brand":[647],"product_cat":[575,971,65],"product_tag":[566,106],"class_list":{"0":"post-24881","1":"product","2":"type-product","3":"status-publish","4":"has-post-thumbnail","6":"product_brand-brandp_561","7":"product_cat-electronique-telephonie-et-tablettes","8":"product_cat-housse-de-tablette","9":"product_cat-informatique-electronique","10":"product_tag-tag_547","11":"product_tag-tag_1295","13":"first","14":"instock","15":"taxable","16":"shipping-taxable","17":"purchasable","18":"product-type-simple"},"_links":{"self":[{"href":"https:\/\/bigbuy.tupique.com\/pt\/wp-json\/wp\/v2\/product\/24881","targetHints":{"allow":["GET"]}}],"collection":[{"href":"https:\/\/bigbuy.tupique.com\/pt\/wp-json\/wp\/v2\/product"}],"about":[{"href":"https:\/\/bigbuy.tupique.com\/pt\/wp-json\/wp\/v2\/types\/product"}],"replies":[{"embeddable":true,"href":"https:\/\/bigbuy.tupique.com\/pt\/wp-json\/wp\/v2\/comments?post=24881"}],"wp:featuredmedia":[{"embeddable":true,"href":"https:\/\/bigbuy.tupique.com\/pt\/wp-json\/wp\/v2\/media\/24873"}],"wp:attachment":[{"href":"https:\/\/bigbuy.tupique.com\/pt\/wp-json\/wp\/v2\/media?parent=24881"}],"wp:term":[{"taxonomy":"product_brand","embeddable":true,"href":"https:\/\/bigbuy.tupique.com\/pt\/wp-json\/wp\/v2\/product_brand?post=24881"},{"taxonomy":"product_cat","embeddable":true,"href":"https:\/\/bigbuy.tupique.com\/pt\/wp-json\/wp\/v2\/product_cat?post=24881"},{"taxonomy":"product_tag","embeddable":true,"href":"https:\/\/bigbuy.tupique.com\/pt\/wp-json\/wp\/v2\/product_tag?post=24881"}],"curies":[{"name":"wp","href":"https:\/\/api.w.org\/{rel}","templated":true}]}}