{"id":24792,"date":"2026-03-29T20:50:51","date_gmt":"2026-03-29T19:50:51","guid":{"rendered":"https:\/\/bigbuy.tupique.com\/produto\/videowall-monitor-smart-technologies-mx265-v5-4k-ultra-hd-65\/"},"modified":"2026-05-11T19:59:56","modified_gmt":"2026-05-11T17:59:56","slug":"videowall-monitor-smart-technologies-mx265-v5-4k-ultra-hd-65","status":"publish","type":"product","link":"https:\/\/bigbuy.tupique.com\/pt\/produto\/videowall-monitor-smart-technologies-mx265-v5-4k-ultra-hd-65\/","title":{"rendered":"Moniteur Videowall Smart Technologies MX265-V5 4K Ultra HD 65&#8243;"},"content":{"rendered":"<p>Retournez au bureau sans rien oublier ! Achetez <b>Moniteur Videowall Smart Technologies MX265-V5 4K Ultra HD 65&#8243;<\/b> et faites envie \u00e0 vos coll\u00e8gues!<\/p>\n<ul>\n<li>Type: Moniteur Videowall<\/li>\n<li>Caract\u00e9ristiques:\n<ul>\n<li>Ecran tactile<\/li>\n<li>Haut-parleurs int\u00e9gr\u00e9s<\/li>\n<li>Montage mural<\/li>\n<li>2 Haut-parleurs<\/li>\n<\/ul>\n<\/li>\n<li>Connexions:\n<ul>\n<li>Ethernet LAN<\/li>\n<li>RJ45<\/li>\n<li>HDCP<\/li>\n<li>USB A 3.2 Gen 1 (3.1 Gen 1) x 4<\/li>\n<li>HDMI x 4<\/li>\n<\/ul>\n<\/li>\n<li>R\u00e9solution: 4K Ultra HD<\/li>\n<li>Ecran: 65&#8243;<\/li>\n<li>Tension:\n<ul>\n<li>100-240 V<\/li>\n<li>100 &#8211; 240 V<\/li>\n<\/ul>\n<\/li>\n<li>Temps de r\u00e9ponse: 8 ms<\/li>\n<li>R\u00e9solution (px): 3840 x 2160 px<\/li>\n<li>Fr\u00e9quence: 50-60 Hz<\/li>\n<li>Rapport d&#8217;aspect: 16:9<\/li>\n<li>Connectivit\u00e9:\n<ul>\n<li>Wi-Fi<\/li>\n<li>Wi-Fi 6 GHz<\/li>\n<\/ul>\n<\/li>\n<li>Syst\u00e8me d&#8217;exploitation: Android<\/li>\n<li>Compatible: Windows<\/li>\n<li>Inclut: T\u00e9l\u00e9commande<\/li>\n<li>VESA: 60 x 40 cm<\/li>\n<li>Fr\u00e9quence d&#8217;entr\u00e9e AC: 50-60 Hz<\/li>\n<li>Technologie: LCD<\/li>\n<li>Flux lumineux: 400 lm<\/li>\n<li>Angle: 178\u00ba<\/li>\n<li>Montage: VESA<\/li>\n<\/ul>","protected":false},"excerpt":{"rendered":"<p>Retournez au bureau sans rien oublier ! Achetez Moniteur Videowall Smart Technologies MX265-V5 4K Ultra HD 65&#8243; et faites envie \u00e0 vos coll\u00e8gues! Type: Moniteur Videowall Caract\u00e9ristiques: Ecran tactile Haut-parleurs int\u00e9gr\u00e9s Montage mural 2 Haut-parleurs Connexions: Ethernet LAN RJ45 HDCP USB A 3.2 Gen 1 (3.1 Gen 1) x 4 HDMI x 4 R\u00e9solution: 4K [&hellip;]<\/p>\n","protected":false},"featured_media":24791,"comment_status":"open","ping_status":"closed","template":"","meta":[],"product_brand":[1168],"product_cat":[65,581,616],"product_tag":[213,106],"class_list":{"0":"post-24792","1":"product","2":"type-product","3":"status-publish","4":"has-post-thumbnail","6":"product_brand-brandp_10285","7":"product_cat-informatique-electronique","8":"product_cat-informatique-peripheriques-et-consommables","9":"product_cat-moniteurs","10":"product_tag-tag_933","11":"product_tag-tag_1295","13":"first","14":"instock","15":"taxable","16":"shipping-taxable","17":"purchasable","18":"product-type-simple"},"_links":{"self":[{"href":"https:\/\/bigbuy.tupique.com\/pt\/wp-json\/wp\/v2\/product\/24792","targetHints":{"allow":["GET"]}}],"collection":[{"href":"https:\/\/bigbuy.tupique.com\/pt\/wp-json\/wp\/v2\/product"}],"about":[{"href":"https:\/\/bigbuy.tupique.com\/pt\/wp-json\/wp\/v2\/types\/product"}],"replies":[{"embeddable":true,"href":"https:\/\/bigbuy.tupique.com\/pt\/wp-json\/wp\/v2\/comments?post=24792"}],"wp:featuredmedia":[{"embeddable":true,"href":"https:\/\/bigbuy.tupique.com\/pt\/wp-json\/wp\/v2\/media\/24791"}],"wp:attachment":[{"href":"https:\/\/bigbuy.tupique.com\/pt\/wp-json\/wp\/v2\/media?parent=24792"}],"wp:term":[{"taxonomy":"product_brand","embeddable":true,"href":"https:\/\/bigbuy.tupique.com\/pt\/wp-json\/wp\/v2\/product_brand?post=24792"},{"taxonomy":"product_cat","embeddable":true,"href":"https:\/\/bigbuy.tupique.com\/pt\/wp-json\/wp\/v2\/product_cat?post=24792"},{"taxonomy":"product_tag","embeddable":true,"href":"https:\/\/bigbuy.tupique.com\/pt\/wp-json\/wp\/v2\/product_tag?post=24792"}],"curies":[{"name":"wp","href":"https:\/\/api.w.org\/{rel}","templated":true}]}}