{"id":24782,"date":"2026-03-29T20:50:37","date_gmt":"2026-03-29T19:50:37","guid":{"rendered":"https:\/\/bigbuy.tupique.com\/produto\/uninterruptible-power-supply-system-interactive-ups-eaton-5p1550ig2\/"},"modified":"2026-04-15T03:32:54","modified_gmt":"2026-04-15T02:32:54","slug":"uninterruptible-power-supply-system-interactive-ups-eaton-5p1550ig2","status":"publish","type":"product","link":"https:\/\/bigbuy.tupique.com\/pt\/produto\/uninterruptible-power-supply-system-interactive-ups-eaton-5p1550ig2\/","title":{"rendered":"Syst\u00e8me d&#8217;Alimentation Sans Interruption Interactif Eaton 5P1550IG2"},"content":{"rendered":"<p>Si vous \u00eates passionn\u00e9 d&#8217;<b>informatique et d&#8217;\u00e9lectronique<\/b>, si vous \u00eates \u00e0 la pointe de la technologie et qu&#8217;aucun d\u00e9tail ne vous \u00e9chappe, achetez <b>Syst\u00e8me d&#8217;Alimentation Sans Interruption Interactif Eaton 5P1550IG2<\/b> au meilleur prix.<\/p>\n<p>Le <b>Eaton 5P1550IG2<\/b> est un <b>onduleur interactif<\/b> con\u00e7u pour offrir une protection efficace et stable aux \u00e9quipements \u00e9lectroniques sensibles contre les coupures de courant et les fluctuations de tension. Ce mod\u00e8le se distingue par sa <b>puissance de sortie de 1350 W<\/b> et sa topologie en ligne interactive, qui am\u00e9liore la qualit\u00e9 de l\u2019alimentation \u00e9lectrique gr\u00e2ce \u00e0 une r\u00e9gulation automatique de la tension, prot\u00e9geant les appareils contre les pics et les baisses sans activer la batterie. Il dispose de <b>huit sorties AC de type C13<\/b>, id\u00e9ales pour connecter plusieurs \u00e9quipements simultan\u00e9ment, et offre une <b>forme d\u2019onde sinuso\u00efdale<\/b> garantissant la compatibilit\u00e9 avec une large gamme d\u2019appareils. Sa batterie <b>plomb-acide de 12 V et 9 Ah<\/b> assure une autonomie suffisante pour maintenir les syst\u00e8mes critiques en fonctionnement lors des coupures, et son <b>format tour<\/b> facilite son int\u00e9gration dans des espaces r\u00e9duits ou des environnements professionnels. Il se distingue par son <b>\u00e9cran LCD<\/b> qui permet une surveillance claire et simple de l\u2019\u00e9tat de l\u2019appareil, des param\u00e8tres de fonctionnement et des alertes, am\u00e9liorant la gestion et le contr\u00f4le de l\u2019onduleur. Disponible en deux couleurs, <b>noir et argent\u00e9<\/b>, il s\u2019adapte \u00e0 diff\u00e9rents environnements esth\u00e9tiques. De plus, il int\u00e8gre une <b>connectivit\u00e9 USB<\/b> pour la communication avec les syst\u00e8mes de gestion d\u2019\u00e9nergie et un syst\u00e8me <b>d\u2019arr\u00eat automatique<\/b> pour prot\u00e9ger l\u2019int\u00e9grit\u00e9 des donn\u00e9es et du mat\u00e9riel en cas de coupure prolong\u00e9e. Conforme aux normes et certifications internationales rigoureuses, notamment IEC\/EN 62040, UL 1778, CE et UKCA, il garantit qualit\u00e9, s\u00e9curit\u00e9 et compatibilit\u00e9 \u00e9lectromagn\u00e9tique. Cet onduleur interactif Eaton allie robustesse et technologie avanc\u00e9e pour offrir une solution fiable et efficace de protection \u00e9lectrique pour bureaux, petits centres de donn\u00e9es et \u00e9quipements informatiques sensibles.<\/p>\n<ul>\n<li>Type:\n<ul>\n<li>Syst\u00e8me d&#8217;Alimentation Sans Interruption Interactif<\/li>\n<li>C13<\/li>\n<li>Tour<\/li>\n<\/ul>\n<\/li>\n<li>Produit \u00e0 brancher: Oui<\/li>\n<li>Type de prise: Prise EU<\/li>\n<li>Bloc d\u2019Alimentation: r\u00e9seau \u00e9lectrique<\/li>\n<li>Couleur:\n<ul>\n<li>Noir<\/li>\n<li>Argent\u00e9<\/li>\n<\/ul>\n<\/li>\n<li>Largeur: 15 cm<\/li>\n<li>Connexions:\n<ul>\n<li>RS-232<\/li>\n<li>C14 x 1<\/li>\n<li>AC x 8<\/li>\n<li>USB<\/li>\n<li>C14<\/li>\n<\/ul>\n<\/li>\n<li>Capacit\u00e9 de la batterie: 9 Ah<\/li>\n<li>Technologie: LCD<\/li>\n<li>Niveau sonore: 35 dB<\/li>\n<li>Caract\u00e9ristiques:\n<ul>\n<li>Arr\u00eat Automatique<\/li>\n<li>Interactif<\/li>\n<li>Guide d&#8217;installation inclus<\/li>\n<\/ul>\n<\/li>\n<li>Tension: 12 V<\/li>\n<li>puissance: 1350 W<\/li>\n<li>Facteur de forme: Tower<\/li>\n<li>Fr\u00e9quence: 50\/60 Hz<\/li>\n<li>Pr\u00e9cision (humidit\u00e9 relative): 0 % &#8211; 90 %<\/li>\n<li>Tension de sortie: 230 V<\/li>\n<\/ul>","protected":false},"excerpt":{"rendered":"<p>Si vous \u00eates passionn\u00e9 d&#8217;informatique et d&#8217;\u00e9lectronique, si vous \u00eates \u00e0 la pointe de la technologie et qu&#8217;aucun d\u00e9tail ne vous \u00e9chappe, achetez Syst\u00e8me d&#8217;Alimentation Sans Interruption Interactif Eaton 5P1550IG2 au meilleur prix. Le Eaton 5P1550IG2 est un onduleur interactif con\u00e7u pour offrir une protection efficace et stable aux \u00e9quipements \u00e9lectroniques sensibles contre les coupures [&hellip;]<\/p>\n","protected":false},"featured_media":24779,"comment_status":"open","ping_status":"closed","template":"","meta":[],"product_brand":[652],"product_cat":[65,581,603],"product_tag":[106],"class_list":{"0":"post-24782","1":"product","2":"type-product","3":"status-publish","4":"has-post-thumbnail","6":"product_brand-brandp_4815","7":"product_cat-informatique-electronique","8":"product_cat-informatique-peripheriques-et-consommables","9":"product_cat-ups","10":"product_tag-tag_1295","12":"first","13":"instock","14":"taxable","15":"shipping-taxable","16":"purchasable","17":"product-type-simple"},"_links":{"self":[{"href":"https:\/\/bigbuy.tupique.com\/pt\/wp-json\/wp\/v2\/product\/24782","targetHints":{"allow":["GET"]}}],"collection":[{"href":"https:\/\/bigbuy.tupique.com\/pt\/wp-json\/wp\/v2\/product"}],"about":[{"href":"https:\/\/bigbuy.tupique.com\/pt\/wp-json\/wp\/v2\/types\/product"}],"replies":[{"embeddable":true,"href":"https:\/\/bigbuy.tupique.com\/pt\/wp-json\/wp\/v2\/comments?post=24782"}],"wp:featuredmedia":[{"embeddable":true,"href":"https:\/\/bigbuy.tupique.com\/pt\/wp-json\/wp\/v2\/media\/24779"}],"wp:attachment":[{"href":"https:\/\/bigbuy.tupique.com\/pt\/wp-json\/wp\/v2\/media?parent=24782"}],"wp:term":[{"taxonomy":"product_brand","embeddable":true,"href":"https:\/\/bigbuy.tupique.com\/pt\/wp-json\/wp\/v2\/product_brand?post=24782"},{"taxonomy":"product_cat","embeddable":true,"href":"https:\/\/bigbuy.tupique.com\/pt\/wp-json\/wp\/v2\/product_cat?post=24782"},{"taxonomy":"product_tag","embeddable":true,"href":"https:\/\/bigbuy.tupique.com\/pt\/wp-json\/wp\/v2\/product_tag?post=24782"}],"curies":[{"name":"wp","href":"https:\/\/api.w.org\/{rel}","templated":true}]}}