{"id":24695,"date":"2026-03-29T20:48:15","date_gmt":"2026-03-29T19:48:15","guid":{"rendered":"https:\/\/bigbuy.tupique.com\/produto\/utp-category-6-rigid-network-cable-zyxel-usgflex50hp-eu0102f\/"},"modified":"2026-04-15T03:32:49","modified_gmt":"2026-04-15T02:32:49","slug":"utp-category-6-rigid-network-cable-zyxel-usgflex50hp-eu0102f","status":"publish","type":"product","link":"https:\/\/bigbuy.tupique.com\/pt\/produto\/utp-category-6-rigid-network-cable-zyxel-usgflex50hp-eu0102f\/","title":{"rendered":"C\u00e2ble R\u00e9seau Rigide UTP 6\u00e8me Cat\u00e9gorie ZyXEL USGFLEX50HP-EU0102F"},"content":{"rendered":"<p>Si vous \u00eates \u00e0 la recherche de nouvelles tendances sur le march\u00e9, nous vous pr\u00e9sentons <b>C\u00e2ble R\u00e9seau Rigide UTP 6\u00e8me Cat\u00e9gorie ZyXEL USGFLEX50HP-EU0102F<\/b> !<\/p>\n<p>Le <b>USGFLEX50HP GOLD BUNDLE<\/b> de <b>ZyXEL<\/b> est un <b>firewall<\/b> con\u00e7u pour les petites entreprises ou un usage professionnel n\u00e9cessitant un contr\u00f4le avanc\u00e9 et s\u00e9curis\u00e9 de la connexion internet. Cet appareil offre des performances solides avec une capacit\u00e9 de pare-feu de <b>0,35 Gbit\/s<\/b> et un d\u00e9bit VPN de <b>0,09 Gbit\/s<\/b>, suffisant pour supporter jusqu\u2019\u00e0 <b>15 utilisateurs simultan\u00e9s<\/b>, garantissant une gestion efficace du trafic et une protection contre les menaces externes. Il dispose d\u2019une connectivit\u00e9 <b>Ethernet LAN<\/b> et de ports WAN supportant des vitesses de transfert de <b>10, 100 et 1000 Mbit\/s<\/b>, permettant une int\u00e9gration flexible dans les r\u00e9seaux locaux et un acc\u00e8s internet haut d\u00e9bit. Il inclut les c\u00e2bles r\u00e9seau essentiels, un <b>c\u00e2ble Ethernet LAN<\/b> et un <b>c\u00e2ble RJ45<\/b>, facilitant son installation imm\u00e9diate. Pour la gestion et la supervision, il prend en charge les protocoles standards d\u2019administration tels que <b>SNMP v1, v2c et v3<\/b>, facilitant son int\u00e9gration dans des syst\u00e8mes de monitoring r\u00e9seau professionnels. Ce mod\u00e8le est \u00e9conome en \u00e9nergie, avec une consommation maximale de <b>12 W<\/b> et une alimentation de <b>2 A sous 12 V DC<\/b>, tandis que sa dissipation thermique est de <b>40,92 BTU\/h<\/b>, assurant un fonctionnement stable et durable. Il dispose \u00e9galement d\u2019une connexion <b>USB 2.0<\/b> pouvant \u00eatre utilis\u00e9e pour des fonctions suppl\u00e9mentaires ou des mises \u00e0 jour. Avec un temps moyen entre pannes (MTBF) de <b>655 130 heures<\/b>, cet \u00e9quipement est con\u00e7u pour offrir une haute fiabilit\u00e9 et une continuit\u00e9 op\u00e9rationnelle. En r\u00e9sum\u00e9, le ZyXEL USGFLEX50HP GOLD BUNDLE est une solution \u00e9quilibr\u00e9e combinant performance adapt\u00e9e et gestion avanc\u00e9e, id\u00e9ale pour les petites entreprises recherchant s\u00e9curit\u00e9 et efficacit\u00e9 dans leur r\u00e9seau professionnel.<\/p>\n<ul>\n<li>Type: C\u00e2ble r\u00e9seau<\/li>\n<\/ul>","protected":false},"excerpt":{"rendered":"<p>Si vous \u00eates \u00e0 la recherche de nouvelles tendances sur le march\u00e9, nous vous pr\u00e9sentons C\u00e2ble R\u00e9seau Rigide UTP 6\u00e8me Cat\u00e9gorie ZyXEL USGFLEX50HP-EU0102F ! Le USGFLEX50HP GOLD BUNDLE de ZyXEL est un firewall con\u00e7u pour les petites entreprises ou un usage professionnel n\u00e9cessitant un contr\u00f4le avanc\u00e9 et s\u00e9curis\u00e9 de la connexion internet. Cet appareil offre [&hellip;]<\/p>\n","protected":false},"featured_media":24692,"comment_status":"open","ping_status":"closed","template":"","meta":[],"product_brand":[648],"product_cat":[65,584,612],"product_tag":[106],"class_list":{"0":"post-24695","1":"product","2":"type-product","3":"status-publish","4":"has-post-thumbnail","6":"product_brand-brandp_669","7":"product_cat-informatique-electronique","8":"product_cat-informatique-reseaux-et-composants","9":"product_cat-routeurs-et-modems","10":"product_tag-tag_1295","12":"first","13":"instock","14":"taxable","15":"shipping-taxable","16":"purchasable","17":"product-type-simple"},"_links":{"self":[{"href":"https:\/\/bigbuy.tupique.com\/pt\/wp-json\/wp\/v2\/product\/24695","targetHints":{"allow":["GET"]}}],"collection":[{"href":"https:\/\/bigbuy.tupique.com\/pt\/wp-json\/wp\/v2\/product"}],"about":[{"href":"https:\/\/bigbuy.tupique.com\/pt\/wp-json\/wp\/v2\/types\/product"}],"replies":[{"embeddable":true,"href":"https:\/\/bigbuy.tupique.com\/pt\/wp-json\/wp\/v2\/comments?post=24695"}],"wp:featuredmedia":[{"embeddable":true,"href":"https:\/\/bigbuy.tupique.com\/pt\/wp-json\/wp\/v2\/media\/24692"}],"wp:attachment":[{"href":"https:\/\/bigbuy.tupique.com\/pt\/wp-json\/wp\/v2\/media?parent=24695"}],"wp:term":[{"taxonomy":"product_brand","embeddable":true,"href":"https:\/\/bigbuy.tupique.com\/pt\/wp-json\/wp\/v2\/product_brand?post=24695"},{"taxonomy":"product_cat","embeddable":true,"href":"https:\/\/bigbuy.tupique.com\/pt\/wp-json\/wp\/v2\/product_cat?post=24695"},{"taxonomy":"product_tag","embeddable":true,"href":"https:\/\/bigbuy.tupique.com\/pt\/wp-json\/wp\/v2\/product_tag?post=24695"}],"curies":[{"name":"wp","href":"https:\/\/api.w.org\/{rel}","templated":true}]}}