{"id":24691,"date":"2026-03-29T20:48:10","date_gmt":"2026-03-29T19:48:10","guid":{"rendered":"https:\/\/bigbuy.tupique.com\/produto\/router-sonicwall-03-ssc-3012-rj45-x-8\/"},"modified":"2026-04-15T03:32:48","modified_gmt":"2026-04-15T02:32:48","slug":"router-sonicwall-03-ssc-3012-rj45-x-8","status":"publish","type":"product","link":"https:\/\/bigbuy.tupique.com\/pt\/produto\/router-sonicwall-03-ssc-3012-rj45-x-8\/","title":{"rendered":"Router SonicWall 03-SSC-3012 rj45 x 8"},"content":{"rendered":"<p>Si vous \u00eates passionn\u00e9 d&#8217;<b>informatique et d&#8217;\u00e9lectronique<\/b>, si vous \u00eates \u00e0 la pointe de la technologie et qu&#8217;aucun d\u00e9tail ne vous \u00e9chappe, achetez <b>Router SonicWall 03-SSC-3012 rj45 x 8<\/b> au meilleur prix.<\/p>\n<p>Le <b>SonicWall TZ470<\/b> est un <b>routeur<\/b> con\u00e7u pour offrir une protection avanc\u00e9e et des performances \u00e9lev\u00e9es dans les r\u00e9seaux d\u2019entreprise et professionnels. Dot\u00e9 d\u2019une capacit\u00e9 de <b>performance pare-feu de 3,5 Gbit\/s<\/b>, cet appareil g\u00e8re efficacement le trafic de donn\u00e9es, garantissant une connexion stable et s\u00e9curis\u00e9e. Sa vitesse de transfert VPN IPSec de <b>1,5 Gbit\/s<\/b> permet des connexions distantes rapides et fiables, tandis que la performance IPS\/IDS de <b>2000 Mbit\/s<\/b> assure une d\u00e9tection et pr\u00e9vention efficaces des intrusions et menaces, renfor\u00e7ant la s\u00e9curit\u00e9 globale du r\u00e9seau. Il offre plusieurs options de connectivit\u00e9, incluant <b>8 ports RJ45<\/b> pour des connexions Ethernet \u00e0 haute vitesse, compatibles avec un transfert de donn\u00e9es \u00e0 <b>1000 Mbit\/s<\/b>, ainsi que des ports <b>USB 2.0 et USB-A 3.2<\/b> facilitant l\u2019int\u00e9gration d\u2019appareils externes et am\u00e9liorant la polyvalence op\u00e9rationnelle. Son format <b>de type bureau<\/b> est adapt\u00e9 aux environnements de travail n\u00e9cessitant un \u00e9quipement compact et facilement accessible. Ce routeur prend en charge une large gamme de protocoles r\u00e9seau tels que <b>TCP\/IP, UDP, ICMP, HTTP, HTTPS, IPSec, ISAKMP\/IKE, SNMP, DHCP, PPPoE, L2TP, PPTP et RADIUS<\/b>, assurant la compatibilit\u00e9 avec diverses infrastructures et services r\u00e9seau. Le SonicWall TZ470 est administr\u00e9 via la plateforme <b>SonicOS version 7.0<\/b>, qui offre des outils robustes pour la configuration, la surveillance et le contr\u00f4le de la s\u00e9curit\u00e9, permettant des r\u00e9glages pr\u00e9cis selon les besoins de l\u2019utilisateur. Il int\u00e8gre \u00e9galement un port console <b>RJ-45<\/b> facilitant la gestion directe et le diagnostic du syst\u00e8me. Sa dissipation thermique est de <b>68,03 BTU\/h<\/b>, indiquant une gestion efficace de la chaleur g\u00e9n\u00e9r\u00e9e lors de son fonctionnement, contribuant \u00e0 sa stabilit\u00e9 et durabilit\u00e9. En r\u00e9sum\u00e9, le SonicWall TZ470 combine un ensemble solide de caract\u00e9ristiques techniques et de s\u00e9curit\u00e9, se positionnant comme une solution fiable et performante pour les entreprises souhaitant contr\u00f4ler et prot\u00e9ger intens\u00e9ment leur environnement r\u00e9seau.<\/p>\n<ul>\n<li>Type:\n<ul>\n<li>Router<\/li>\n<li>Bureau<\/li>\n<li>Sans fil<\/li>\n<li>Avec fil<\/li>\n<\/ul>\n<\/li>\n<li>Produit \u00e0 brancher: Oui<\/li>\n<li>Type de prise: Prise EU<\/li>\n<li>Bloc d\u2019Alimentation:\n<ul>\n<li>r\u00e9seau \u00e9lectrique<\/li>\n<li>Avec fil<\/li>\n<\/ul>\n<\/li>\n<li>Connexions:\n<ul>\n<li>RJ45<\/li>\n<li>2<\/li>\n<li>rj45 x 8<\/li>\n<li>USB 2.0<\/li>\n<li>USB-A 3.2<\/li>\n<\/ul>\n<\/li>\n<li>Profondeur: 135 mm<\/li>\n<li>Fr\u00e9quence: 50-60 Hz<\/li>\n<li>N\u00b0 de rainures: 2<\/li>\n<li>Amp\u00e9rage: 3 A<\/li>\n<li>Fr\u00e9quence d&#8217;entr\u00e9e AC: 50-60 Hz<\/li>\n<li>Tension d&#8217;entr\u00e9e AC: 100 &#8211; 240 V<\/li>\n<\/ul>","protected":false},"excerpt":{"rendered":"<p>Si vous \u00eates passionn\u00e9 d&#8217;informatique et d&#8217;\u00e9lectronique, si vous \u00eates \u00e0 la pointe de la technologie et qu&#8217;aucun d\u00e9tail ne vous \u00e9chappe, achetez Router SonicWall 03-SSC-3012 rj45 x 8 au meilleur prix. Le SonicWall TZ470 est un routeur con\u00e7u pour offrir une protection avanc\u00e9e et des performances \u00e9lev\u00e9es dans les r\u00e9seaux d\u2019entreprise et professionnels. Dot\u00e9 [&hellip;]<\/p>\n","protected":false},"featured_media":24690,"comment_status":"open","ping_status":"closed","template":"","meta":[],"product_brand":[658],"product_cat":[65,584,612],"product_tag":[106],"class_list":{"0":"post-24691","1":"product","2":"type-product","3":"status-publish","4":"has-post-thumbnail","6":"product_brand-brandp_4781","7":"product_cat-informatique-electronique","8":"product_cat-informatique-reseaux-et-composants","9":"product_cat-routeurs-et-modems","10":"product_tag-tag_1295","12":"first","13":"instock","14":"taxable","15":"shipping-taxable","16":"purchasable","17":"product-type-simple"},"_links":{"self":[{"href":"https:\/\/bigbuy.tupique.com\/pt\/wp-json\/wp\/v2\/product\/24691","targetHints":{"allow":["GET"]}}],"collection":[{"href":"https:\/\/bigbuy.tupique.com\/pt\/wp-json\/wp\/v2\/product"}],"about":[{"href":"https:\/\/bigbuy.tupique.com\/pt\/wp-json\/wp\/v2\/types\/product"}],"replies":[{"embeddable":true,"href":"https:\/\/bigbuy.tupique.com\/pt\/wp-json\/wp\/v2\/comments?post=24691"}],"wp:featuredmedia":[{"embeddable":true,"href":"https:\/\/bigbuy.tupique.com\/pt\/wp-json\/wp\/v2\/media\/24690"}],"wp:attachment":[{"href":"https:\/\/bigbuy.tupique.com\/pt\/wp-json\/wp\/v2\/media?parent=24691"}],"wp:term":[{"taxonomy":"product_brand","embeddable":true,"href":"https:\/\/bigbuy.tupique.com\/pt\/wp-json\/wp\/v2\/product_brand?post=24691"},{"taxonomy":"product_cat","embeddable":true,"href":"https:\/\/bigbuy.tupique.com\/pt\/wp-json\/wp\/v2\/product_cat?post=24691"},{"taxonomy":"product_tag","embeddable":true,"href":"https:\/\/bigbuy.tupique.com\/pt\/wp-json\/wp\/v2\/product_tag?post=24691"}],"curies":[{"name":"wp","href":"https:\/\/api.w.org\/{rel}","templated":true}]}}