{"id":24663,"date":"2026-03-29T20:47:25","date_gmt":"2026-03-29T19:47:25","guid":{"rendered":"https:\/\/bigbuy.tupique.com\/produto\/utp-category-6-rigid-network-cable-zyxel-usgflex50h-eu0101f\/"},"modified":"2026-04-15T03:32:47","modified_gmt":"2026-04-15T02:32:47","slug":"utp-category-6-rigid-network-cable-zyxel-usgflex50h-eu0101f","status":"publish","type":"product","link":"https:\/\/bigbuy.tupique.com\/pt\/produto\/utp-category-6-rigid-network-cable-zyxel-usgflex50h-eu0101f\/","title":{"rendered":"C\u00e2ble R\u00e9seau Rigide UTP 6\u00e8me Cat\u00e9gorie ZyXEL USGFLEX50H-EU0101F"},"content":{"rendered":"<p>Si vous \u00eates \u00e0 la recherche de nouvelles tendances sur le march\u00e9, nous vous pr\u00e9sentons <b>C\u00e2ble R\u00e9seau Rigide UTP 6\u00e8me Cat\u00e9gorie ZyXEL USGFLEX50H-EU0101F<\/b> !<\/p>\n<p>Le <b>ZyXEL USGFLEX50H-EU0101F<\/b> est un <b>c\u00e2ble r\u00e9seau rigide UTP cat\u00e9gorie 6<\/b> qui assure une connectivit\u00e9 fiable et s\u00e9curis\u00e9e dans les environnements professionnels et domestiques o\u00f9 la stabilit\u00e9 et la performance du r\u00e9seau sont essentielles. Con\u00e7u pour supporter des <b>vitesses allant jusqu&#8217;\u00e0 1 Gbps<\/b>, ce c\u00e2ble est id\u00e9al pour les r\u00e9seaux locaux (LAN) modernes, facilitant la transmission de donn\u00e9es \u00e0 haute vitesse, des appels vid\u00e9o stables et un flux d&#8217;informations constant dans les bureaux, petites entreprises et foyers \u00e0 forte demande de connectivit\u00e9. Sa connexion <b>filaire<\/b> garantit une latence r\u00e9duite et une meilleure r\u00e9sistance aux interf\u00e9rences \u00e9lectromagn\u00e9tiques par rapport aux solutions sans fil. Il int\u00e8gre des connecteurs <b>RJ45<\/b> standards et est enti\u00e8rement compatible avec <b>Ethernet LAN<\/b>, ce qui facilite l&#8217;int\u00e9gration avec les routeurs, switches et \u00e9quipements r\u00e9seau actuels. Parmi ses fonctionnalit\u00e9s, on retrouve la capacit\u00e9 <b>anti-spyware<\/b> et le <b>pare-feu<\/b>, renfor\u00e7ant la protection contre les menaces informatiques et les acc\u00e8s non autoris\u00e9s, contribuant \u00e0 maintenir l&#8217;int\u00e9grit\u00e9 et la s\u00e9curit\u00e9 des donn\u00e9es transmises sur le r\u00e9seau. Il inclut \u00e9galement la prise en charge de <b>USB 3.2<\/b> et une alimentation de <b>12 V<\/b>, r\u00e9pondant aux besoins des infrastructures r\u00e9seau les plus exigeantes et permettant une gestion efficace des diff\u00e9rents appareils connect\u00e9s. Ce mod\u00e8le de ZyXEL r\u00e9pond aux standards de qualit\u00e9 et de durabilit\u00e9 de la marque, se positionnant comme une solution robuste et performante pour ceux qui recherchent une connectivit\u00e9 haut d\u00e9bit avec une s\u00e9curit\u00e9 avanc\u00e9e pour leurs syst\u00e8mes r\u00e9seau.<\/p>\n<ul>\n<li>Type:\n<ul>\n<li>C\u00e2ble r\u00e9seau<\/li>\n<li>Anti-Spyware<\/li>\n<li>Firewall<\/li>\n<li>Avec fil<\/li>\n<\/ul>\n<\/li>\n<li>Connexions:\n<ul>\n<li>Ethernet LAN<\/li>\n<li>RJ45<\/li>\n<li>USB 3.2<\/li>\n<\/ul>\n<\/li>\n<li>Technologie: Avec fil<\/li>\n<li>vitesse: 1 Gbps<\/li>\n<li>Produit \u00e0 brancher: Oui<\/li>\n<li>Poids approx.: 1,02 kg<\/li>\n<li>Largeur:\n<ul>\n<li>21,6 cm<\/li>\n<li>21 cm<\/li>\n<\/ul>\n<\/li>\n<li>\u00c9lev\u00e9: 3,3 cm<\/li>\n<li>Type de prise: Prise EU<\/li>\n<li>Bloc d\u2019Alimentation:\n<ul>\n<li>r\u00e9seau \u00e9lectrique<\/li>\n<li>Avec fil<\/li>\n<\/ul>\n<\/li>\n<li>Tension: 12 V<\/li>\n<li>Connectivit\u00e9: Ethernet LAN<\/li>\n<li>Amp\u00e9rage: 2 A<\/li>\n<li>Plage d&#8217;humidit\u00e9 de travail: 10 % &#8211; 90 %<\/li>\n<\/ul>","protected":false},"excerpt":{"rendered":"<p>Si vous \u00eates \u00e0 la recherche de nouvelles tendances sur le march\u00e9, nous vous pr\u00e9sentons C\u00e2ble R\u00e9seau Rigide UTP 6\u00e8me Cat\u00e9gorie ZyXEL USGFLEX50H-EU0101F ! Le ZyXEL USGFLEX50H-EU0101F est un c\u00e2ble r\u00e9seau rigide UTP cat\u00e9gorie 6 qui assure une connectivit\u00e9 fiable et s\u00e9curis\u00e9e dans les environnements professionnels et domestiques o\u00f9 la stabilit\u00e9 et la performance du [&hellip;]<\/p>\n","protected":false},"featured_media":24659,"comment_status":"open","ping_status":"closed","template":"","meta":[],"product_brand":[648],"product_cat":[65,584,612],"product_tag":[106],"class_list":{"0":"post-24663","1":"product","2":"type-product","3":"status-publish","4":"has-post-thumbnail","6":"product_brand-brandp_669","7":"product_cat-informatique-electronique","8":"product_cat-informatique-reseaux-et-composants","9":"product_cat-routeurs-et-modems","10":"product_tag-tag_1295","12":"first","13":"instock","14":"taxable","15":"shipping-taxable","16":"purchasable","17":"product-type-simple"},"_links":{"self":[{"href":"https:\/\/bigbuy.tupique.com\/pt\/wp-json\/wp\/v2\/product\/24663","targetHints":{"allow":["GET"]}}],"collection":[{"href":"https:\/\/bigbuy.tupique.com\/pt\/wp-json\/wp\/v2\/product"}],"about":[{"href":"https:\/\/bigbuy.tupique.com\/pt\/wp-json\/wp\/v2\/types\/product"}],"replies":[{"embeddable":true,"href":"https:\/\/bigbuy.tupique.com\/pt\/wp-json\/wp\/v2\/comments?post=24663"}],"wp:featuredmedia":[{"embeddable":true,"href":"https:\/\/bigbuy.tupique.com\/pt\/wp-json\/wp\/v2\/media\/24659"}],"wp:attachment":[{"href":"https:\/\/bigbuy.tupique.com\/pt\/wp-json\/wp\/v2\/media?parent=24663"}],"wp:term":[{"taxonomy":"product_brand","embeddable":true,"href":"https:\/\/bigbuy.tupique.com\/pt\/wp-json\/wp\/v2\/product_brand?post=24663"},{"taxonomy":"product_cat","embeddable":true,"href":"https:\/\/bigbuy.tupique.com\/pt\/wp-json\/wp\/v2\/product_cat?post=24663"},{"taxonomy":"product_tag","embeddable":true,"href":"https:\/\/bigbuy.tupique.com\/pt\/wp-json\/wp\/v2\/product_tag?post=24663"}],"curies":[{"name":"wp","href":"https:\/\/api.w.org\/{rel}","templated":true}]}}