{"id":24644,"date":"2026-03-29T20:46:54","date_gmt":"2026-03-29T19:46:54","guid":{"rendered":"https:\/\/bigbuy.tupique.com\/produto\/lawn-mower-bosch-36v-44-750-2\/"},"modified":"2026-04-16T16:32:23","modified_gmt":"2026-04-16T15:32:23","slug":"lawn-mower-bosch-36v-44-750-2","status":"publish","type":"product","link":"https:\/\/bigbuy.tupique.com\/pt\/produto\/lawn-mower-bosch-36v-44-750-2\/","title":{"rendered":"Tondeuse \u00e0 gazon BOSCH 36V-44-750"},"content":{"rendered":"<p>Si vous aimez prendre soin de chaque d\u00e9tail de votre maison et d&#8217;\u00eatre \u00e0 la derni\u00e8re mode en mati\u00e8re de produits qui vous rendront la vie plus facile, achetez <b>Tondeuse \u00e0 gazon BOSCH 36V-44-750<\/b> au meilleur prix.<\/p>\n<p>La <b>tondeuse sans fil 36V-44-750<\/b> de <b>BOSCH<\/b> est une solution efficace et moderne pour l\u2019entretien des jardins de petite \u00e0 moyenne taille, se distinguant par son remarquable <b>indice de r\u00e9parabilit\u00e9 de 9,3<\/b>, garantissant une plus grande facilit\u00e9 et \u00e9conomie lors des r\u00e9parations \u00e9ventuelles tout au long de sa dur\u00e9e de vie. Ce mod\u00e8le fonctionne avec une batterie de <b>36 volts<\/b>, offrant une puissance adapt\u00e9e pour couper l\u2019herbe de mani\u00e8re r\u00e9guli\u00e8re sans les contraintes des c\u00e2bles, assurant ainsi une plus grande libert\u00e9 de mouvement et une s\u00e9curit\u00e9 accrue pendant l\u2019utilisation. Son design sans fil facilite la prise en main et r\u00e9duit le temps consacr\u00e9 aux t\u00e2ches de jardinage, id\u00e9al pour les utilisateurs recherchant confort et efficacit\u00e9 dans l\u2019entretien du gazon. La fabrication et la technologie BOSCH garantissent durabilit\u00e9 et performance robuste, faisant de cette tondeuse un outil fiable dans sa cat\u00e9gorie. De plus, sa structure est con\u00e7ue pour un entretien simple, contribuant \u00e0 prolonger son fonctionnement optimal. En r\u00e9sum\u00e9, la <b>tondeuse 36V-44-750 BOSCH<\/b> allie puissance, autonomie et r\u00e9parabilit\u00e9, se positionnant comme une option pratique et fonctionnelle pour le soin complet du jardin.<\/p>","protected":false},"excerpt":{"rendered":"<p>Si vous aimez prendre soin de chaque d\u00e9tail de votre maison et d&#8217;\u00eatre \u00e0 la derni\u00e8re mode en mati\u00e8re de produits qui vous rendront la vie plus facile, achetez Tondeuse \u00e0 gazon BOSCH 36V-44-750 au meilleur prix. La tondeuse sans fil 36V-44-750 de BOSCH est une solution efficace et moderne pour l\u2019entretien des jardins de [&hellip;]<\/p>\n","protected":false},"featured_media":24641,"comment_status":"open","ping_status":"closed","template":"","meta":[],"product_brand":[162],"product_cat":[613,239],"product_tag":[59,210],"class_list":{"0":"post-24644","1":"product","2":"type-product","3":"status-publish","4":"has-post-thumbnail","6":"product_brand-brandp_959","7":"product_cat-bricolage-et-materiel","8":"product_cat-maison-jardin","9":"product_tag-tag_1304","10":"product_tag-tag_25","12":"first","13":"instock","14":"taxable","15":"shipping-taxable","16":"purchasable","17":"product-type-simple"},"_links":{"self":[{"href":"https:\/\/bigbuy.tupique.com\/pt\/wp-json\/wp\/v2\/product\/24644","targetHints":{"allow":["GET"]}}],"collection":[{"href":"https:\/\/bigbuy.tupique.com\/pt\/wp-json\/wp\/v2\/product"}],"about":[{"href":"https:\/\/bigbuy.tupique.com\/pt\/wp-json\/wp\/v2\/types\/product"}],"replies":[{"embeddable":true,"href":"https:\/\/bigbuy.tupique.com\/pt\/wp-json\/wp\/v2\/comments?post=24644"}],"wp:featuredmedia":[{"embeddable":true,"href":"https:\/\/bigbuy.tupique.com\/pt\/wp-json\/wp\/v2\/media\/24641"}],"wp:attachment":[{"href":"https:\/\/bigbuy.tupique.com\/pt\/wp-json\/wp\/v2\/media?parent=24644"}],"wp:term":[{"taxonomy":"product_brand","embeddable":true,"href":"https:\/\/bigbuy.tupique.com\/pt\/wp-json\/wp\/v2\/product_brand?post=24644"},{"taxonomy":"product_cat","embeddable":true,"href":"https:\/\/bigbuy.tupique.com\/pt\/wp-json\/wp\/v2\/product_cat?post=24644"},{"taxonomy":"product_tag","embeddable":true,"href":"https:\/\/bigbuy.tupique.com\/pt\/wp-json\/wp\/v2\/product_tag?post=24644"}],"curies":[{"name":"wp","href":"https:\/\/api.w.org\/{rel}","templated":true}]}}