{"id":24631,"date":"2026-03-29T20:46:34","date_gmt":"2026-03-29T19:46:34","guid":{"rendered":"https:\/\/bigbuy.tupique.com\/produto\/lawn-mower-bosch-36v-44-750\/"},"modified":"2026-04-16T16:32:24","modified_gmt":"2026-04-16T15:32:24","slug":"lawn-mower-bosch-36v-44-750","status":"publish","type":"product","link":"https:\/\/bigbuy.tupique.com\/pt\/produto\/lawn-mower-bosch-36v-44-750\/","title":{"rendered":"Tondeuse \u00e0 gazon BOSCH 36V-44-750"},"content":{"rendered":"<p>Si vous aimez prendre soin de chaque d\u00e9tail de votre maison et d&#8217;\u00eatre \u00e0 la derni\u00e8re mode en mati\u00e8re de produits qui vous rendront la vie plus facile, achetez <b>Tondeuse \u00e0 gazon BOSCH 36V-44-750<\/b> au meilleur prix.<\/p>\n<p>La <b>tondeuse sans fil BOSCH mod\u00e8le 36V-44-750<\/b> est un outil de jardinage con\u00e7u pour offrir efficacit\u00e9 et confort dans l\u2019entretien de la pelouse. Avec un syst\u00e8me d\u2019<b>alimentation par batterie 36 V<\/b>, cette tondeuse supprime la d\u00e9pendance aux c\u00e2bles, facilitant la mobilit\u00e9 et la maniabilit\u00e9 en ext\u00e9rieur. Son corps en <b>plastique r\u00e9sistant de couleur verte<\/b> allie l\u00e9g\u00e8ret\u00e9 et durabilit\u00e9, adapt\u00e9 \u00e0 un usage fr\u00e9quent. \u00c9quip\u00e9e d\u2019un <b>bac de ramassage de 50 litres<\/b>, elle permet de tondre de grandes surfaces avant de le vider, optimisant le temps de travail sans interruptions fr\u00e9quentes. De plus, ce mod\u00e8le se distingue par son <b>indice de r\u00e9parabilit\u00e9 \u00e9lev\u00e9 de 9,3<\/b>, un indicateur cl\u00e9 refl\u00e9tant la facilit\u00e9 de r\u00e9paration et d\u2019entretien, ce qui prolonge la dur\u00e9e de vie et r\u00e9duit le co\u00fbt total de possession. Le design sans fil et la capacit\u00e9 du bac conviennent parfaitement aux jardins de taille moyenne, offrant un \u00e9quilibre entre puissance et praticit\u00e9 sans les contraintes des c\u00e2bles. En r\u00e9sum\u00e9, la tondeuse BOSCH 36V-44-750 allie fonctionnalit\u00e9 efficace, mat\u00e9riaux durables et approche durable gr\u00e2ce \u00e0 son syst\u00e8me de batterie rechargeable, constituant une solution adapt\u00e9e aux utilisateurs recherchant un entretien simple et flexible de leur pelouse.<\/p>\n<ul>\n<li>Couleur: Vert<\/li>\n<li>Mati\u00e8res: Plastique<\/li>\n<li>Caract\u00e9ristiques: Manuel<\/li>\n<li>Bloc d\u2019Alimentation: Batterie<\/li>\n<li>Fonctionne \u00e0 piles: Oui<\/li>\n<\/ul>","protected":false},"excerpt":{"rendered":"<p><span class=\"unit-info\">9.7198 &euro; \/ 1 l<\/span><\/p>","protected":false},"featured_media":24628,"comment_status":"open","ping_status":"closed","template":"","meta":[],"product_brand":[162],"product_cat":[613,239],"product_tag":[59,210],"class_list":{"0":"post-24631","1":"product","2":"type-product","3":"status-publish","4":"has-post-thumbnail","6":"product_brand-brandp_959","7":"product_cat-bricolage-et-materiel","8":"product_cat-maison-jardin","9":"product_tag-tag_1304","10":"product_tag-tag_25","12":"first","13":"instock","14":"taxable","15":"shipping-taxable","16":"purchasable","17":"product-type-simple"},"_links":{"self":[{"href":"https:\/\/bigbuy.tupique.com\/pt\/wp-json\/wp\/v2\/product\/24631","targetHints":{"allow":["GET"]}}],"collection":[{"href":"https:\/\/bigbuy.tupique.com\/pt\/wp-json\/wp\/v2\/product"}],"about":[{"href":"https:\/\/bigbuy.tupique.com\/pt\/wp-json\/wp\/v2\/types\/product"}],"replies":[{"embeddable":true,"href":"https:\/\/bigbuy.tupique.com\/pt\/wp-json\/wp\/v2\/comments?post=24631"}],"wp:featuredmedia":[{"embeddable":true,"href":"https:\/\/bigbuy.tupique.com\/pt\/wp-json\/wp\/v2\/media\/24628"}],"wp:attachment":[{"href":"https:\/\/bigbuy.tupique.com\/pt\/wp-json\/wp\/v2\/media?parent=24631"}],"wp:term":[{"taxonomy":"product_brand","embeddable":true,"href":"https:\/\/bigbuy.tupique.com\/pt\/wp-json\/wp\/v2\/product_brand?post=24631"},{"taxonomy":"product_cat","embeddable":true,"href":"https:\/\/bigbuy.tupique.com\/pt\/wp-json\/wp\/v2\/product_cat?post=24631"},{"taxonomy":"product_tag","embeddable":true,"href":"https:\/\/bigbuy.tupique.com\/pt\/wp-json\/wp\/v2\/product_tag?post=24631"}],"curies":[{"name":"wp","href":"https:\/\/api.w.org\/{rel}","templated":true}]}}