{"id":24602,"date":"2026-03-29T20:45:53","date_gmt":"2026-03-29T19:45:53","guid":{"rendered":"https:\/\/bigbuy.tupique.com\/produto\/nas-network-storage-synology-ds620slim-black-intel-celeron-intel-celeron-j3355\/"},"modified":"2026-04-15T03:32:40","modified_gmt":"2026-04-15T02:32:40","slug":"nas-network-storage-synology-ds620slim-black-intel-celeron-intel-celeron-j3355","status":"publish","type":"product","link":"https:\/\/bigbuy.tupique.com\/pt\/produto\/nas-network-storage-synology-ds620slim-black-intel-celeron-intel-celeron-j3355\/","title":{"rendered":"Stockage en R\u00e9seau NAS Synology DS620SLIM Noir Intel Celeron Intel Celeron J3355"},"content":{"rendered":"<p>Si vous \u00eates passionn\u00e9 d&#8217;<b>informatique et d&#8217;\u00e9lectronique<\/b>, si vous \u00eates \u00e0 la pointe de la technologie et qu&#8217;aucun d\u00e9tail ne vous \u00e9chappe, achetez <b>Stockage en R\u00e9seau NAS Synology DS620SLIM Noir Intel Celeron Intel Celeron J3355<\/b> au meilleur prix.<\/p>\n<ul>\n<li>Processeur:\n<ul>\n<li>Intel Celeron J3355<\/li>\n<li>64-bit<\/li>\n<li>Intel Celeron<\/li>\n<\/ul>\n<\/li>\n<li>Compatible:\n<ul>\n<li>Disque dur 2,5&#8243;<\/li>\n<li>HDD\/SSD<\/li>\n<\/ul>\n<\/li>\n<li>Volume sonore: 20 dB<\/li>\n<li>Caract\u00e9ristiques: Voyant lumineux<\/li>\n<li>Bloc d\u2019Alimentation: r\u00e9seau \u00e9lectrique<\/li>\n<li>Tension: 100-240 V<\/li>\n<li>Dimensions approx.: 12,1 x 15,1 x 17,5 cm<\/li>\n<li>Connexions:\n<ul>\n<li>USB-A 3.2<\/li>\n<li>RJ45 x 2<\/li>\n<li>Ethernet LAN<\/li>\n<li>2<\/li>\n<\/ul>\n<\/li>\n<li>Type de prise: Prise EU<\/li>\n<li>M\u00e9moire RAM: 2 GB RAM<\/li>\n<li>Produit \u00e0 brancher: Oui<\/li>\n<li>Couleur: Noir<\/li>\n<li>Disque dur: 30 TB<\/li>\n<li>Type: NAS<\/li>\n<li>Fr\u00e9quence: 50-60 Hz<\/li>\n<\/ul>","protected":false},"excerpt":{"rendered":"<p>Si vous \u00eates passionn\u00e9 d&#8217;informatique et d&#8217;\u00e9lectronique, si vous \u00eates \u00e0 la pointe de la technologie et qu&#8217;aucun d\u00e9tail ne vous \u00e9chappe, achetez Stockage en R\u00e9seau NAS Synology DS620SLIM Noir Intel Celeron Intel Celeron J3355 au meilleur prix. Processeur: Intel Celeron J3355 64-bit Intel Celeron Compatible: Disque dur 2,5&#8243; HDD\/SSD Volume sonore: 20 dB Caract\u00e9ristiques: [&hellip;]<\/p>\n","protected":false},"featured_media":24601,"comment_status":"open","ping_status":"closed","template":"","meta":[],"product_brand":[990],"product_cat":[65,584,1143],"product_tag":[106],"class_list":{"0":"post-24602","1":"product","2":"type-product","3":"status-publish","4":"has-post-thumbnail","6":"product_brand-brandp_653","7":"product_cat-informatique-electronique","8":"product_cat-informatique-reseaux-et-composants","9":"product_cat-nas","10":"product_tag-tag_1295","12":"first","13":"instock","14":"taxable","15":"shipping-taxable","16":"purchasable","17":"product-type-simple"},"_links":{"self":[{"href":"https:\/\/bigbuy.tupique.com\/pt\/wp-json\/wp\/v2\/product\/24602","targetHints":{"allow":["GET"]}}],"collection":[{"href":"https:\/\/bigbuy.tupique.com\/pt\/wp-json\/wp\/v2\/product"}],"about":[{"href":"https:\/\/bigbuy.tupique.com\/pt\/wp-json\/wp\/v2\/types\/product"}],"replies":[{"embeddable":true,"href":"https:\/\/bigbuy.tupique.com\/pt\/wp-json\/wp\/v2\/comments?post=24602"}],"wp:featuredmedia":[{"embeddable":true,"href":"https:\/\/bigbuy.tupique.com\/pt\/wp-json\/wp\/v2\/media\/24601"}],"wp:attachment":[{"href":"https:\/\/bigbuy.tupique.com\/pt\/wp-json\/wp\/v2\/media?parent=24602"}],"wp:term":[{"taxonomy":"product_brand","embeddable":true,"href":"https:\/\/bigbuy.tupique.com\/pt\/wp-json\/wp\/v2\/product_brand?post=24602"},{"taxonomy":"product_cat","embeddable":true,"href":"https:\/\/bigbuy.tupique.com\/pt\/wp-json\/wp\/v2\/product_cat?post=24602"},{"taxonomy":"product_tag","embeddable":true,"href":"https:\/\/bigbuy.tupique.com\/pt\/wp-json\/wp\/v2\/product_tag?post=24602"}],"curies":[{"name":"wp","href":"https:\/\/api.w.org\/{rel}","templated":true}]}}