{"id":24590,"date":"2026-03-29T20:45:37","date_gmt":"2026-03-29T19:45:37","guid":{"rendered":"https:\/\/bigbuy.tupique.com\/produto\/hard-drive-lexar-lnm790x002t-rnnng-2-tb-ssd\/"},"modified":"2026-05-11T19:59:58","modified_gmt":"2026-05-11T17:59:58","slug":"hard-drive-lexar-lnm790x002t-rnnng-2-tb-ssd","status":"publish","type":"product","link":"https:\/\/bigbuy.tupique.com\/pt\/produto\/hard-drive-lexar-lnm790x002t-rnnng-2-tb-ssd\/","title":{"rendered":"Disque dur Lexar LNM790X002T-RNNNG 2 TB SSD"},"content":{"rendered":"<p>Si vous \u00eates passionn\u00e9 d&#8217;<b>informatique et d&#8217;\u00e9lectronique<\/b>, si vous \u00eates \u00e0 la pointe de la technologie et qu&#8217;aucun d\u00e9tail ne vous \u00e9chappe, achetez <b>Disque dur Lexar LNM790X002T-RNNNG 2 TB SSD<\/b> au meilleur prix.<\/p>\n<p>Le <b>Lexar NM790<\/b> est un <b>disque dur SSD NVMe de 2 To<\/b> con\u00e7u pour offrir de hautes performances sur ordinateurs de bureau et portables n\u00e9cessitant vitesse et grande capacit\u00e9 de stockage. Ce mod\u00e8le pr\u00e9sente un format compact <b>M.2<\/b> de 22 mm, id\u00e9al pour une int\u00e9gration directe sur cartes m\u00e8res compatibles via une connexion <b>PCI Express 4.0<\/b>, permettant d\u2019atteindre une vitesse de lecture s\u00e9quentielle jusqu\u2019\u00e0 <b>7400 Mo\/s<\/b> et une vitesse d\u2019\u00e9criture maximale de <b>6500 Mo\/s<\/b>. Ces caract\u00e9ristiques font du NM790 une solution optimale pour les utilisateurs exigeant rapidit\u00e9 de transfert, temps de chargement r\u00e9duits et exp\u00e9rience fluide dans des t\u00e2ches intensives comme le montage vid\u00e9o, le gaming ou les environnements professionnels et cr\u00e9atifs. De plus, son design r\u00e9sistant aux chocs assure une meilleure durabilit\u00e9 face aux mouvements ou impacts accidentels, garantissant fiabilit\u00e9 surtout sur laptops et appareils mobiles n\u00e9cessitant mobilit\u00e9. L\u2019association de sa grande capacit\u00e9 de stockage avec la technologie SSD permet de conserver de gros volumes de donn\u00e9es, programmes et fichiers lourds, optimisant les performances globales du syst\u00e8me et r\u00e9duisant les temps d\u2019attente compar\u00e9 aux disques traditionnels. En r\u00e9sum\u00e9, le Lexar NM790 est une unit\u00e9 SSD r\u00e9pondant aux besoins de performance et capacit\u00e9 des utilisateurs avanc\u00e9s, se positionnant comme une option solide pour \u00e9tendre et am\u00e9liorer le stockage interne sur PC et ordinateurs portables.<\/p>\n<ul>\n<li>vitesse: 6500 MB\/s<\/li>\n<li>Connexions:\n<ul>\n<li>M.2<\/li>\n<li>PCI Express 4.0<\/li>\n<\/ul>\n<\/li>\n<li>Type de m\u00e9moire: SLC<\/li>\n<li>Disque dur:\n<ul>\n<li>2 TB SSD<\/li>\n<li>2 TB<\/li>\n<\/ul>\n<\/li>\n<li>Utilisation recommand\u00e9e: Ordinateur Portable<\/li>\n<li>Caract\u00e9ristiques: R\u00e9sistance aux chocs<\/li>\n<li>Compatible:\n<ul>\n<li>SSD NVMe<\/li>\n<li>PC\/Notebook<\/li>\n<li>NVMe 1.4<\/li>\n<\/ul>\n<\/li>\n<li>Plage de temp\u00e9ratures de travail: 0\u00ba \/ 70\u00ba<\/li>\n<\/ul>","protected":false},"excerpt":{"rendered":"<p>Si vous \u00eates passionn\u00e9 d&#8217;informatique et d&#8217;\u00e9lectronique, si vous \u00eates \u00e0 la pointe de la technologie et qu&#8217;aucun d\u00e9tail ne vous \u00e9chappe, achetez Disque dur Lexar LNM790X002T-RNNNG 2 TB SSD au meilleur prix. Le Lexar NM790 est un disque dur SSD NVMe de 2 To con\u00e7u pour offrir de hautes performances sur ordinateurs de bureau [&hellip;]<\/p>\n","protected":false},"featured_media":24587,"comment_status":"open","ping_status":"closed","template":"","meta":[],"product_brand":[1166],"product_cat":[588,65,584],"product_tag":[106],"class_list":{"0":"post-24590","1":"product","2":"type-product","3":"status-publish","4":"has-post-thumbnail","6":"product_brand-brandp_2133","7":"product_cat-disques-durs","8":"product_cat-informatique-electronique","9":"product_cat-informatique-reseaux-et-composants","10":"product_tag-tag_1295","12":"first","13":"instock","14":"taxable","15":"shipping-taxable","16":"purchasable","17":"product-type-simple"},"_links":{"self":[{"href":"https:\/\/bigbuy.tupique.com\/pt\/wp-json\/wp\/v2\/product\/24590","targetHints":{"allow":["GET"]}}],"collection":[{"href":"https:\/\/bigbuy.tupique.com\/pt\/wp-json\/wp\/v2\/product"}],"about":[{"href":"https:\/\/bigbuy.tupique.com\/pt\/wp-json\/wp\/v2\/types\/product"}],"replies":[{"embeddable":true,"href":"https:\/\/bigbuy.tupique.com\/pt\/wp-json\/wp\/v2\/comments?post=24590"}],"wp:featuredmedia":[{"embeddable":true,"href":"https:\/\/bigbuy.tupique.com\/pt\/wp-json\/wp\/v2\/media\/24587"}],"wp:attachment":[{"href":"https:\/\/bigbuy.tupique.com\/pt\/wp-json\/wp\/v2\/media?parent=24590"}],"wp:term":[{"taxonomy":"product_brand","embeddable":true,"href":"https:\/\/bigbuy.tupique.com\/pt\/wp-json\/wp\/v2\/product_brand?post=24590"},{"taxonomy":"product_cat","embeddable":true,"href":"https:\/\/bigbuy.tupique.com\/pt\/wp-json\/wp\/v2\/product_cat?post=24590"},{"taxonomy":"product_tag","embeddable":true,"href":"https:\/\/bigbuy.tupique.com\/pt\/wp-json\/wp\/v2\/product_tag?post=24590"}],"curies":[{"name":"wp","href":"https:\/\/api.w.org\/{rel}","templated":true}]}}