{"id":24579,"date":"2026-03-29T20:45:19","date_gmt":"2026-03-29T19:45:19","guid":{"rendered":"https:\/\/bigbuy.tupique.com\/produto\/micro-cut-paper-shredder-rexel-optimum-auto-300m-60-l\/"},"modified":"2026-04-15T03:32:36","modified_gmt":"2026-04-15T02:32:36","slug":"micro-cut-paper-shredder-rexel-optimum-auto-300m-60-l","status":"publish","type":"product","link":"https:\/\/bigbuy.tupique.com\/pt\/produto\/micro-cut-paper-shredder-rexel-optimum-auto-300m-60-l\/","title":{"rendered":"D\u00e9chiqueteuse de Papier Coupe Fine Rexel Optimum Auto+ 300M 60 L"},"content":{"rendered":"<p>Retournez au bureau sans rien oublier ! Achetez <b>D\u00e9chiqueteuse de Papier Coupe Fine Rexel Optimum Auto+ 300M 60 L<\/b> et faites envie \u00e0 vos coll\u00e8gues!<\/p>\n<ul>\n<li>Type: D\u00e9chiqueteuse de Papier<\/li>\n<li>Couleur:\n<ul>\n<li>Noir<\/li>\n<li>Noir\/Gris<\/li>\n<\/ul>\n<\/li>\n<li>Caract\u00e9ristiques:\n<ul>\n<li>Silencieux<\/li>\n<li>Commande tactile<\/li>\n<li>Verrou de s\u00e9curit\u00e9<\/li>\n<li>Quatre roues tournantes \u00e0 360\u00b0<\/li>\n<li>Technologie anti-bourrage<\/li>\n<li>D\u00e9truit les cartes de cr\u00e9dit, les agrafes et les trombones<\/li>\n<li>Alimentation automatique<\/li>\n<li>Fente manuelle (jusqu&#8217;\u00e0 8 feuilles de papier)<\/li>\n<\/ul>\n<\/li>\n<li>S\u00e9curit\u00e9:\n<ul>\n<li>P5<\/li>\n<li>P-5<\/li>\n<\/ul>\n<\/li>\n<li>Niveau sonore: 55 dB<\/li>\n<li>Autonomie approx.: 60 minutes<\/li>\n<li>Taille de coupe: 2 x 15 mm<\/li>\n<li>Capacit\u00e9 de coupe: D\u00e9truit automatiquement jusqu&#8217;\u00e0 300 feuilles de papier A4 (80 g)<\/li>\n<li>Taille: A4<\/li>\n<li>Capacit\u00e9: 60 L<\/li>\n<li>roues: 4<\/li>\n<li>Type de commande: Tactile<\/li>\n<\/ul>","protected":false},"excerpt":{"rendered":"<p><span class=\"unit-info\">12.9332 &euro; \/ 1 l<\/span><\/p>","protected":false},"featured_media":24574,"comment_status":"open","ping_status":"closed","template":"","meta":[],"product_brand":[1165],"product_cat":[1142,65,581],"product_tag":[213,106],"class_list":{"0":"post-24579","1":"product","2":"type-product","3":"status-publish","4":"has-post-thumbnail","6":"product_brand-brandp_4637","7":"product_cat-destructeurs-de-papiers","8":"product_cat-informatique-electronique","9":"product_cat-informatique-peripheriques-et-consommables","10":"product_tag-tag_933","11":"product_tag-tag_1295","13":"first","14":"instock","15":"taxable","16":"shipping-taxable","17":"purchasable","18":"product-type-simple"},"_links":{"self":[{"href":"https:\/\/bigbuy.tupique.com\/pt\/wp-json\/wp\/v2\/product\/24579","targetHints":{"allow":["GET"]}}],"collection":[{"href":"https:\/\/bigbuy.tupique.com\/pt\/wp-json\/wp\/v2\/product"}],"about":[{"href":"https:\/\/bigbuy.tupique.com\/pt\/wp-json\/wp\/v2\/types\/product"}],"replies":[{"embeddable":true,"href":"https:\/\/bigbuy.tupique.com\/pt\/wp-json\/wp\/v2\/comments?post=24579"}],"wp:featuredmedia":[{"embeddable":true,"href":"https:\/\/bigbuy.tupique.com\/pt\/wp-json\/wp\/v2\/media\/24574"}],"wp:attachment":[{"href":"https:\/\/bigbuy.tupique.com\/pt\/wp-json\/wp\/v2\/media?parent=24579"}],"wp:term":[{"taxonomy":"product_brand","embeddable":true,"href":"https:\/\/bigbuy.tupique.com\/pt\/wp-json\/wp\/v2\/product_brand?post=24579"},{"taxonomy":"product_cat","embeddable":true,"href":"https:\/\/bigbuy.tupique.com\/pt\/wp-json\/wp\/v2\/product_cat?post=24579"},{"taxonomy":"product_tag","embeddable":true,"href":"https:\/\/bigbuy.tupique.com\/pt\/wp-json\/wp\/v2\/product_tag?post=24579"}],"curies":[{"name":"wp","href":"https:\/\/api.w.org\/{rel}","templated":true}]}}