{"id":24479,"date":"2026-03-29T20:33:14","date_gmt":"2026-03-29T19:33:14","guid":{"rendered":"https:\/\/bigbuy.tupique.com\/produto\/kvm-switch-startech-p4a20132-km-switch\/"},"modified":"2026-05-11T19:59:43","modified_gmt":"2026-05-11T17:59:43","slug":"kvm-switch-startech-p4a20132-km-switch","status":"publish","type":"product","link":"https:\/\/bigbuy.tupique.com\/pt\/produto\/kvm-switch-startech-p4a20132-km-switch\/","title":{"rendered":"Switch KVM Startech P4A20132-KM-SWITCH"},"content":{"rendered":"<p>Si vous \u00eates passionn\u00e9 d&#8217;<b>informatique et d&#8217;\u00e9lectronique<\/b>, si vous \u00eates \u00e0 la pointe de la technologie et qu&#8217;aucun d\u00e9tail ne vous \u00e9chappe, achetez <b>Switch KVM Startech P4A20132-KM-SWITCH<\/b> au meilleur prix.<\/p>\n<ul>\n<li>Couleur: Noir<\/li>\n<li>Connexions:\n<ul>\n<li>USB<\/li>\n<li>2<\/li>\n<li>3<\/li>\n<\/ul>\n<\/li>\n<li>Caract\u00e9ristiques:\n<ul>\n<li>Guide d&#8217;installation inclus<\/li>\n<li>T\u00e9moin de fonctionnement LED<\/li>\n<\/ul>\n<\/li>\n<li>Tension:\n<ul>\n<li>12 V<\/li>\n<li>100 &#8211; 240 V<\/li>\n<\/ul>\n<\/li>\n<li>Amp\u00e9rage:\n<ul>\n<li>5 A<\/li>\n<li>0,6 A<\/li>\n<\/ul>\n<\/li>\n<li>Largeur: 13 cm<\/li>\n<li>\u00c9cran integr\u00e9: Non<\/li>\n<li>Bloc d\u2019Alimentation: CC<\/li>\n<\/ul>","protected":false},"excerpt":{"rendered":"<p>Si vous \u00eates passionn\u00e9 d&#8217;informatique et d&#8217;\u00e9lectronique, si vous \u00eates \u00e0 la pointe de la technologie et qu&#8217;aucun d\u00e9tail ne vous \u00e9chappe, achetez Switch KVM Startech P4A20132-KM-SWITCH au meilleur prix. Couleur: Noir Connexions: USB 2 3 Caract\u00e9ristiques: Guide d&#8217;installation inclus T\u00e9moin de fonctionnement LED Tension: 12 V 100 &#8211; 240 V Amp\u00e9rage: 5 A 0,6 [&hellip;]<\/p>\n","protected":false},"featured_media":24474,"comment_status":"open","ping_status":"closed","template":"","meta":[],"product_brand":[634],"product_cat":[598,65,608],"product_tag":[106],"class_list":{"0":"post-24479","1":"product","2":"type-product","3":"status-publish","4":"has-post-thumbnail","6":"product_brand-brandp_4771","7":"product_cat-informatique-cables-et-adaptateurs","8":"product_cat-informatique-electronique","9":"product_cat-switch-kvm","10":"product_tag-tag_1295","12":"first","13":"instock","14":"taxable","15":"shipping-taxable","16":"purchasable","17":"product-type-simple"},"_links":{"self":[{"href":"https:\/\/bigbuy.tupique.com\/pt\/wp-json\/wp\/v2\/product\/24479","targetHints":{"allow":["GET"]}}],"collection":[{"href":"https:\/\/bigbuy.tupique.com\/pt\/wp-json\/wp\/v2\/product"}],"about":[{"href":"https:\/\/bigbuy.tupique.com\/pt\/wp-json\/wp\/v2\/types\/product"}],"replies":[{"embeddable":true,"href":"https:\/\/bigbuy.tupique.com\/pt\/wp-json\/wp\/v2\/comments?post=24479"}],"wp:featuredmedia":[{"embeddable":true,"href":"https:\/\/bigbuy.tupique.com\/pt\/wp-json\/wp\/v2\/media\/24474"}],"wp:attachment":[{"href":"https:\/\/bigbuy.tupique.com\/pt\/wp-json\/wp\/v2\/media?parent=24479"}],"wp:term":[{"taxonomy":"product_brand","embeddable":true,"href":"https:\/\/bigbuy.tupique.com\/pt\/wp-json\/wp\/v2\/product_brand?post=24479"},{"taxonomy":"product_cat","embeddable":true,"href":"https:\/\/bigbuy.tupique.com\/pt\/wp-json\/wp\/v2\/product_cat?post=24479"},{"taxonomy":"product_tag","embeddable":true,"href":"https:\/\/bigbuy.tupique.com\/pt\/wp-json\/wp\/v2\/product_tag?post=24479"}],"curies":[{"name":"wp","href":"https:\/\/api.w.org\/{rel}","templated":true}]}}