{"id":24454,"date":"2026-03-29T20:32:39","date_gmt":"2026-03-29T19:32:39","guid":{"rendered":"https:\/\/bigbuy.tupique.com\/produto\/switch-d-link-dms-3130-30ts\/"},"modified":"2026-04-15T03:32:27","modified_gmt":"2026-04-15T02:32:27","slug":"switch-d-link-dms-3130-30ts","status":"publish","type":"product","link":"https:\/\/bigbuy.tupique.com\/pt\/produto\/switch-d-link-dms-3130-30ts\/","title":{"rendered":"Switch D-Link DMS-3130-30TS"},"content":{"rendered":"<p>Si vous \u00eates passionn\u00e9 d&#8217;<b>informatique et d&#8217;\u00e9lectronique<\/b>, si vous \u00eates \u00e0 la pointe de la technologie et qu&#8217;aucun d\u00e9tail ne vous \u00e9chappe, achetez <b>Switch D-Link DMS-3130-30TS<\/b> au meilleur prix.<\/p>\n<p>Le <b>switch DMS-3130-30TS<\/b> de <b>D-Link<\/b> est un \u00e9quipement r\u00e9seau <b>g\u00e9r\u00e9 de couche 3<\/b> con\u00e7u pour les environnements professionnels et les d\u00e9ploiements multiservices, offrant haute capacit\u00e9 et polyvalence. Il int\u00e8gre <b>deux ports RJ-45 10GBASE-T<\/b> ainsi que <b>quatre ports 10G\/25G SFP28<\/b> pour liaison montante et empilement physique, permettant des connexions rapides et flexibles avec une capacit\u00e9 de commutation jusqu\u2019\u00e0 <b>400 Gbps<\/b>. Ce mod\u00e8le supporte l\u2019empilement jusqu\u2019\u00e0 neuf switches avec une bande passante de stacking de 200 Gbps, facilitant un r\u00e9seau int\u00e9gr\u00e9, redondant et \u00e9volutif. Son interface USB 2.0 offre un moyen suppl\u00e9mentaire pour le stockage des configurations, images et journaux d\u2019\u00e9v\u00e9nements. Parmi ses fonctions avanc\u00e9es, on note la prise en charge compl\u00e8te des protocoles L2 et L3, incluant VLAN, s\u00e9curit\u00e9 des ports, contr\u00f4le de temp\u00eates, agr\u00e9gation de liens, Spanning Tree et routage dynamique avec OSPF, VRRP et RIP, ainsi que la possibilit\u00e9 d\u2019agir comme serveur DHCP, le tout g\u00e9rable via WebGUI ou CLI. En mati\u00e8re de s\u00e9curit\u00e9, il comprend des contr\u00f4les d\u2019acc\u00e8s par authentification 802.1X, ACL entrantes et sortantes, IP-MAC-Port Binding, DHCP snooping et le moteur exclusif D-Link Safeguard Engine pour att\u00e9nuer les attaques malveillantes. La protection physique est assur\u00e9e par des surtensions int\u00e9gr\u00e9es jusqu\u2019\u00e0 6 kV sur les ports Ethernet 2.5G\/5G, essentielle pour la stabilit\u00e9 dans les environnements avec dispositifs PoE tels que cam\u00e9ras IP ou points d\u2019acc\u00e8s. Ce switch prend \u00e9galement en charge les alimentations redondantes pour maximiser la disponibilit\u00e9 et respecte les normes cl\u00e9s IEEE 802.1ag, 802.3ah, 802.1p, 802.1s et 802.1AX, garantissant interop\u00e9rabilit\u00e9 et qualit\u00e9 de service multidiffusion (IGMP\/MLD Snooping). Son design robuste noir comprend un port console RJ-45 et une table MAC de plus de 32 000 entr\u00e9es, id\u00e9al pour des r\u00e9seaux complexes et exigeants. En r\u00e9sum\u00e9, le DMS-3130-30TS est une solution avanc\u00e9e, fiable et efficace pour la gestion des infrastructures r\u00e9seau d\u2019entreprise n\u00e9cessitant haute vitesse, s\u00e9curit\u00e9 multiple et capacit\u00e9 d\u2019empilement.<\/p>\n<ul>\n<li>Type de prise: Prise EU<\/li>\n<li>Produit \u00e0 brancher: Oui<\/li>\n<li>Type: Switch<\/li>\n<li>Bloc d\u2019Alimentation: r\u00e9seau \u00e9lectrique<\/li>\n<li>Couleur: Noir<\/li>\n<li>Connexions:\n<ul>\n<li>USB 2.0<\/li>\n<li>RJ45<\/li>\n<li>2<\/li>\n<\/ul>\n<\/li>\n<li>Tension: 100-240 V<\/li>\n<li>Ventillateur: 3<\/li>\n<\/ul>","protected":false},"excerpt":{"rendered":"<p>Si vous \u00eates passionn\u00e9 d&#8217;informatique et d&#8217;\u00e9lectronique, si vous \u00eates \u00e0 la pointe de la technologie et qu&#8217;aucun d\u00e9tail ne vous \u00e9chappe, achetez Switch D-Link DMS-3130-30TS au meilleur prix. Le switch DMS-3130-30TS de D-Link est un \u00e9quipement r\u00e9seau g\u00e9r\u00e9 de couche 3 con\u00e7u pour les environnements professionnels et les d\u00e9ploiements multiservices, offrant haute capacit\u00e9 et [&hellip;]<\/p>\n","protected":false},"featured_media":24450,"comment_status":"open","ping_status":"closed","template":"","meta":[],"product_brand":[640],"product_cat":[65,584,585],"product_tag":[106],"class_list":{"0":"post-24454","1":"product","2":"type-product","3":"status-publish","4":"has-post-thumbnail","6":"product_brand-brandp_543","7":"product_cat-informatique-electronique","8":"product_cat-informatique-reseaux-et-composants","9":"product_cat-switch","10":"product_tag-tag_1295","12":"first","13":"instock","14":"taxable","15":"shipping-taxable","16":"purchasable","17":"product-type-simple"},"_links":{"self":[{"href":"https:\/\/bigbuy.tupique.com\/pt\/wp-json\/wp\/v2\/product\/24454","targetHints":{"allow":["GET"]}}],"collection":[{"href":"https:\/\/bigbuy.tupique.com\/pt\/wp-json\/wp\/v2\/product"}],"about":[{"href":"https:\/\/bigbuy.tupique.com\/pt\/wp-json\/wp\/v2\/types\/product"}],"replies":[{"embeddable":true,"href":"https:\/\/bigbuy.tupique.com\/pt\/wp-json\/wp\/v2\/comments?post=24454"}],"wp:featuredmedia":[{"embeddable":true,"href":"https:\/\/bigbuy.tupique.com\/pt\/wp-json\/wp\/v2\/media\/24450"}],"wp:attachment":[{"href":"https:\/\/bigbuy.tupique.com\/pt\/wp-json\/wp\/v2\/media?parent=24454"}],"wp:term":[{"taxonomy":"product_brand","embeddable":true,"href":"https:\/\/bigbuy.tupique.com\/pt\/wp-json\/wp\/v2\/product_brand?post=24454"},{"taxonomy":"product_cat","embeddable":true,"href":"https:\/\/bigbuy.tupique.com\/pt\/wp-json\/wp\/v2\/product_cat?post=24454"},{"taxonomy":"product_tag","embeddable":true,"href":"https:\/\/bigbuy.tupique.com\/pt\/wp-json\/wp\/v2\/product_tag?post=24454"}],"curies":[{"name":"wp","href":"https:\/\/api.w.org\/{rel}","templated":true}]}}