{"id":24370,"date":"2026-03-29T20:30:24","date_gmt":"2026-03-29T19:30:24","guid":{"rendered":"https:\/\/bigbuy.tupique.com\/produto\/charger-gamber-johnson-7160-0860-00-black\/"},"modified":"2026-05-11T19:59:03","modified_gmt":"2026-05-11T17:59:03","slug":"charger-gamber-johnson-7160-0860-00-black","status":"publish","type":"product","link":"https:\/\/bigbuy.tupique.com\/pt\/produto\/charger-gamber-johnson-7160-0860-00-black\/","title":{"rendered":"Chargeur Gamber Johnson 7160-0860-00 Noir"},"content":{"rendered":"<p>Si vous \u00eates passionn\u00e9 d&#8217;<b>informatique et d&#8217;\u00e9lectronique<\/b>, si vous \u00eates \u00e0 la pointe de la technologie et qu&#8217;aucun d\u00e9tail ne vous \u00e9chappe, achetez <b>Chargeur Gamber Johnson 7160-0860-00 Noir<\/b> au meilleur prix.<\/p>\n<p>Le <b>chargeur Gamber Johnson 7160-0860-00<\/b> est un appareil sp\u00e9cialement con\u00e7u pour fournir une alimentation fiable et s\u00e9curis\u00e9e aux \u00e9quipements \u00e9lectroniques compatibles avec les montages <b>VESA 75 x 75 mm<\/b>. Sa construction robuste associe des mat\u00e9riaux composites et de l\u2019acier, garantissant durabilit\u00e9 et r\u00e9sistance \u00e0 une utilisation continue dans des environnements exigeants. Il pr\u00e9sente un format adapt\u00e9 aux \u00e9crans ou appareils avec une taille d\u2019\u00e9cran de <b>254 mm (10 pouces)<\/b>, s\u2019ajustant parfaitement \u00e0 ces dimensions gr\u00e2ce \u00e0 son design compact et fonctionnel. Ce chargeur est fini dans un \u00e9l\u00e9gant <b>coloris noir<\/b> facilitant son int\u00e9gration esth\u00e9tique avec d\u2019autres composants ou syst\u00e8mes \u00e9lectroniques. De plus, il est \u00e9quip\u00e9 d\u2019une prise standard <b>EU<\/b>, assurant compatibilit\u00e9 \u00e9lectrique et facilit\u00e9 de connexion dans les r\u00e9gions utilisant ce type de prise. La combinaison de ses caract\u00e9ristiques techniques, telles que la taille sp\u00e9cifique et la compatibilit\u00e9 VESA, en fait une solution pratique pour les installations professionnelles n\u00e9cessitant un syst\u00e8me d\u2019alimentation bien int\u00e9gr\u00e9, s\u00fbr et stable. Dans l\u2019ensemble, ce mod\u00e8le offre une option fiable et simple pour les utilisateurs recherchant un chargeur \u00e0 montage fixe avec des sp\u00e9cifications claires et une r\u00e9sistance garantie.<\/p>\n<ul>\n<li>Produit \u00e0 brancher: Oui<\/li>\n<li>Type de prise: Prise EU<\/li>\n<li>Type: Chargeur<\/li>\n<li>Bloc d\u2019Alimentation: r\u00e9seau \u00e9lectrique<\/li>\n<li>Couleur: Noir<\/li>\n<li>Compatible: VESA 75 x 75 mm<\/li>\n<\/ul>","protected":false},"excerpt":{"rendered":"<p>Si vous \u00eates passionn\u00e9 d&#8217;informatique et d&#8217;\u00e9lectronique, si vous \u00eates \u00e0 la pointe de la technologie et qu&#8217;aucun d\u00e9tail ne vous \u00e9chappe, achetez Chargeur Gamber Johnson 7160-0860-00 Noir au meilleur prix. Le chargeur Gamber Johnson 7160-0860-00 est un appareil sp\u00e9cialement con\u00e7u pour fournir une alimentation fiable et s\u00e9curis\u00e9e aux \u00e9quipements \u00e9lectroniques compatibles avec les montages [&hellip;]<\/p>\n","protected":false},"featured_media":24364,"comment_status":"open","ping_status":"closed","template":"","meta":[],"product_brand":[1164],"product_cat":[961,575,65],"product_tag":[210,566,106],"class_list":{"0":"post-24370","1":"product","2":"type-product","3":"status-publish","4":"has-post-thumbnail","6":"product_brand-brandp_7209","7":"product_cat-chargeurs-et-cables-usb","8":"product_cat-electronique-telephonie-et-tablettes","9":"product_cat-informatique-electronique","10":"product_tag-tag_25","11":"product_tag-tag_547","12":"product_tag-tag_1295","14":"first","15":"instock","16":"taxable","17":"shipping-taxable","18":"purchasable","19":"product-type-simple"},"_links":{"self":[{"href":"https:\/\/bigbuy.tupique.com\/pt\/wp-json\/wp\/v2\/product\/24370","targetHints":{"allow":["GET"]}}],"collection":[{"href":"https:\/\/bigbuy.tupique.com\/pt\/wp-json\/wp\/v2\/product"}],"about":[{"href":"https:\/\/bigbuy.tupique.com\/pt\/wp-json\/wp\/v2\/types\/product"}],"replies":[{"embeddable":true,"href":"https:\/\/bigbuy.tupique.com\/pt\/wp-json\/wp\/v2\/comments?post=24370"}],"wp:featuredmedia":[{"embeddable":true,"href":"https:\/\/bigbuy.tupique.com\/pt\/wp-json\/wp\/v2\/media\/24364"}],"wp:attachment":[{"href":"https:\/\/bigbuy.tupique.com\/pt\/wp-json\/wp\/v2\/media?parent=24370"}],"wp:term":[{"taxonomy":"product_brand","embeddable":true,"href":"https:\/\/bigbuy.tupique.com\/pt\/wp-json\/wp\/v2\/product_brand?post=24370"},{"taxonomy":"product_cat","embeddable":true,"href":"https:\/\/bigbuy.tupique.com\/pt\/wp-json\/wp\/v2\/product_cat?post=24370"},{"taxonomy":"product_tag","embeddable":true,"href":"https:\/\/bigbuy.tupique.com\/pt\/wp-json\/wp\/v2\/product_tag?post=24370"}],"curies":[{"name":"wp","href":"https:\/\/api.w.org\/{rel}","templated":true}]}}