{"id":24170,"date":"2026-03-29T20:14:54","date_gmt":"2026-03-29T19:14:54","guid":{"rendered":"https:\/\/bigbuy.tupique.com\/produto\/smartphone-samsung-galaxy-s24-62-8-gb-ram-128-gb-blue\/"},"modified":"2026-04-16T23:20:20","modified_gmt":"2026-04-16T22:20:20","slug":"smartphone-samsung-galaxy-s24-62-8-gb-ram-128-gb-blue","status":"publish","type":"product","link":"https:\/\/bigbuy.tupique.com\/pt\/produto\/smartphone-samsung-galaxy-s24-62-8-gb-ram-128-gb-blue\/","title":{"rendered":"Smartphone Samsung Galaxy S24 6,2&#8243; 8 GB RAM 128 GB Bleu"},"content":{"rendered":"<p>Si vous \u00eates passionn\u00e9 d&#8217;<b>informatique et d&#8217;\u00e9lectronique<\/b>, si vous \u00eates \u00e0 la pointe de la technologie et qu&#8217;aucun d\u00e9tail ne vous \u00e9chappe, achetez <b>Smartphone Samsung Galaxy S24 6,2&#8243; 8 GB RAM 128 GB Bleu<\/b> au meilleur prix.<\/p>\n<p>Le <b>Samsung Galaxy S24<\/b> est un <b>smartphone<\/b> de derni\u00e8re g\u00e9n\u00e9ration qui allie un design \u00e9l\u00e9gant en couleur <b>bleu<\/b> \u00e0 une taille d\u2019\u00e9cran compacte de <b>6,2 pouces<\/b>, id\u00e9al pour une utilisation confortable et esth\u00e9tique. \u00c9quip\u00e9 de <b>8 Go de m\u00e9moire RAM<\/b>, il offre des performances fluides et puissantes pour le multit\u00e2che, les jeux et les applications exigeantes, tandis que sa <b>capacit\u00e9 de stockage de 128 Go<\/b> permet de conserver photos, vid\u00e9os et documents sans souci. La technologie d\u2019\u00e9cran FHD+ avec des bordures ultra-fines am\u00e9liore l\u2019exp\u00e9rience visuelle en affichant des images nettes et des couleurs vives qui exploitent pleinement la taille de l\u2019appareil. C\u00f4t\u00e9 fonctionnalit\u00e9s, il int\u00e8gre un syst\u00e8me avanc\u00e9 de cam\u00e9ra avec un capteur principal de <b>50 MP<\/b> qui, gr\u00e2ce \u00e0 l\u2019intelligence artificielle, garantit des clich\u00e9s lumineux et d\u00e9taill\u00e9s m\u00eame avec un zoom 2x ou 3x, ainsi qu\u2019une am\u00e9lioration Super HDR assurant une qualit\u00e9 constante de la pr\u00e9visualisation \u00e0 la photo finale. Son syst\u00e8me innovant de dissipation thermique avec chambre \u00e0 vapeur et mat\u00e9riau d\u2019interface thermique liquide maintient des performances optimales lors de sessions prolong\u00e9es de jeu ou d\u2019usage intensif. De plus, il inclut des fonctions int\u00e9gr\u00e9es telles que le <b>GPS<\/b> et le <b>barom\u00e8tre<\/b>, offrant pr\u00e9cision en navigation et mesure environnementale. Le Galaxy S24 se distingue \u00e9galement par ses fonctions bas\u00e9es sur l\u2019IA mobile, comme l\u2019\u00e9dition photo avanc\u00e9e avec outils d\u2019am\u00e9lioration automatique et g\u00e9n\u00e9ration d\u2019arri\u00e8re-plans, la recherche visuelle simplifi\u00e9e via \u00ab Circle to Search \u00bb et la traduction instantan\u00e9e lors d\u2019appels et messages gr\u00e2ce \u00e0 Live Translate. Cet appareil prend en charge la connectivit\u00e9 5G, optimisant la vitesse de t\u00e9l\u00e9chargement et la connexion r\u00e9seau, et pr\u00e9sente une finition satin\u00e9e alliant style et ergonomie. En r\u00e9sum\u00e9, le <b>Samsung Galaxy S24<\/b> est un smartphone \u00e9quilibr\u00e9 offrant puissance, qualit\u00e9 photo et technologies intelligentes dans un format maniable, parfait pour les utilisateurs exigeants recherchant fonctionnalit\u00e9 avanc\u00e9e et confort dans un seul appareil.<\/p>\n<ul>\n<li>Diagonale de l&#8217;\u00e9cran (cm): 15,7 cm<\/li>\n<li>Produit \u00e0 brancher: Oui<\/li>\n<li>Type: Smartphone<\/li>\n<li>Type de prise: Prise EU<\/li>\n<li>Bloc d\u2019Alimentation: r\u00e9seau \u00e9lectrique<\/li>\n<li>Indice de r\u00e9parabilit\u00e9: 8.5<\/li>\n<li>Capacit\u00e9 de la batterie: 4000 mAh<\/li>\n<li>Ecran: 6,2&#8243;<\/li>\n<li>Syst\u00e8me d&#8217;exploitation: Android<\/li>\n<li>Connectivit\u00e9:\n<ul>\n<li>NFC<\/li>\n<li>Bluetooth<\/li>\n<li>Wi-Fi<\/li>\n<li>BeiDou<\/li>\n<li>5G<\/li>\n<li>Bluetooth 5.3<\/li>\n<\/ul>\n<\/li>\n<li>Cam\u00e9ra\/Appareil Photo:\n<ul>\n<li>12 mpx<\/li>\n<li>50 Mp<\/li>\n<li>Frontal<\/li>\n<li>10 Mp<\/li>\n<li>Triple<\/li>\n<\/ul>\n<\/li>\n<li>Connexions:\n<ul>\n<li>USB-C<\/li>\n<li>USB<\/li>\n<li>Dual SIM<\/li>\n<li>USB 3.2<\/li>\n<\/ul>\n<\/li>\n<li>M\u00e9moire RAM: 8 GB RAM<\/li>\n<li>M\u00e9moire interne: 128 GB<\/li>\n<li>Couleur: Bleu<\/li>\n<li>Caract\u00e9ristiques:\n<ul>\n<li>GPS<\/li>\n<li>Barom\u00e8tre<\/li>\n<li>Capteur de lumi\u00e8re ambiante<\/li>\n<li>R\u00e9sistant \u00e0 l&#8217;eau et \u00e0 la poussi\u00e8re<\/li>\n<li>Autofocus<\/li>\n<li>Lecteur d&#8217;empreintes<\/li>\n<li>Capteur g\u00e9omagn\u00e9tique<\/li>\n<li>Capteur de proximit\u00e9<\/li>\n<li>\u00c9cran plat<\/li>\n<\/ul>\n<\/li>\n<li>Classification \u00e9nerg\u00e9tique: A<\/li>\n<li>Ouverture: F\/1,8<\/li>\n<li>Capteurs:\n<ul>\n<li>Acc\u00e9l\u00e9rom\u00e8tre<\/li>\n<li>Gyroscope<\/li>\n<li>Magn\u00e9tom\u00e8tre<\/li>\n<\/ul>\n<\/li>\n<li>Classification IP: IP68<\/li>\n<li>Technologie:\n<ul>\n<li>Mime<\/li>\n<li>Glonass<\/li>\n<\/ul>\n<\/li>\n<li>R\u00e9solution: 2340 x 1080 px<\/li>\n<li>Fr\u00e9quence: 120 Hz<\/li>\n<li>Zoom Num\u00e9rique: 30x<\/li>\n<li>Noyaux: 10 Noyaux<\/li>\n<li>vitesse: 3.2 GHz<\/li>\n<li>R\u00e9solution (px): 7680 x 4320 px<\/li>\n<\/ul>","protected":false},"excerpt":{"rendered":"<p>Si vous \u00eates passionn\u00e9 d&#8217;informatique et d&#8217;\u00e9lectronique, si vous \u00eates \u00e0 la pointe de la technologie et qu&#8217;aucun d\u00e9tail ne vous \u00e9chappe, achetez Smartphone Samsung Galaxy S24 6,2&#8243; 8 GB RAM 128 GB Bleu au meilleur prix. Le Samsung Galaxy S24 est un smartphone de derni\u00e8re g\u00e9n\u00e9ration qui allie un design \u00e9l\u00e9gant en couleur bleu [&hellip;]<\/p>\n","protected":false},"featured_media":24169,"comment_status":"open","ping_status":"closed","template":"","meta":[],"product_brand":[183],"product_cat":[575,65,960],"product_tag":[213,566,106],"class_list":{"0":"post-24170","1":"product","2":"type-product","3":"status-publish","4":"has-post-thumbnail","6":"product_brand-brandp_576","7":"product_cat-electronique-telephonie-et-tablettes","8":"product_cat-informatique-electronique","9":"product_cat-telephones-portables","10":"product_tag-tag_933","11":"product_tag-tag_547","12":"product_tag-tag_1295","14":"first","15":"instock","16":"taxable","17":"shipping-taxable","18":"purchasable","19":"product-type-simple"},"_links":{"self":[{"href":"https:\/\/bigbuy.tupique.com\/pt\/wp-json\/wp\/v2\/product\/24170","targetHints":{"allow":["GET"]}}],"collection":[{"href":"https:\/\/bigbuy.tupique.com\/pt\/wp-json\/wp\/v2\/product"}],"about":[{"href":"https:\/\/bigbuy.tupique.com\/pt\/wp-json\/wp\/v2\/types\/product"}],"replies":[{"embeddable":true,"href":"https:\/\/bigbuy.tupique.com\/pt\/wp-json\/wp\/v2\/comments?post=24170"}],"wp:featuredmedia":[{"embeddable":true,"href":"https:\/\/bigbuy.tupique.com\/pt\/wp-json\/wp\/v2\/media\/24169"}],"wp:attachment":[{"href":"https:\/\/bigbuy.tupique.com\/pt\/wp-json\/wp\/v2\/media?parent=24170"}],"wp:term":[{"taxonomy":"product_brand","embeddable":true,"href":"https:\/\/bigbuy.tupique.com\/pt\/wp-json\/wp\/v2\/product_brand?post=24170"},{"taxonomy":"product_cat","embeddable":true,"href":"https:\/\/bigbuy.tupique.com\/pt\/wp-json\/wp\/v2\/product_cat?post=24170"},{"taxonomy":"product_tag","embeddable":true,"href":"https:\/\/bigbuy.tupique.com\/pt\/wp-json\/wp\/v2\/product_tag?post=24170"}],"curies":[{"name":"wp","href":"https:\/\/api.w.org\/{rel}","templated":true}]}}